{"id":10216,"date":"2025-10-07T09:14:35","date_gmt":"2025-10-07T15:14:35","guid":{"rendered":"https:\/\/ambsanjose.esteri.it\/?page_id=10216"},"modified":"2025-10-07T09:16:14","modified_gmt":"2025-10-07T15:16:14","slug":"la-geografia-oral-de-costa-rica-el-sistema-de-direcciones-como-patrimonio-cultural","status":"publish","type":"page","link":"https:\/\/ambsanjose.esteri.it\/es\/italia-e-costa-rica\/diplomazia-culturale\/conozca-las-instituciones-de-costa-rica\/la-geografia-oral-de-costa-rica-el-sistema-de-direcciones-como-patrimonio-cultural\/","title":{"rendered":"La geograf\u00eda oral de Costa Rica: el sistema de direcciones como patrimonio cultural"},"content":{"rendered":"<p>1. El sistema de <strong>direccionamiento<\/strong> en Costa Rica se distingue por su originalidad y por el profundo v\u00ednculo con la cultura local. El pa\u00eds adopta un modelo idiosincr\u00e1tico, basado en puntos de referencia, memoria colectiva y una buena dosis de intuici\u00f3n.<br \/>\nA diferencia de los sistemas urban\u00edsticos planificados y de las estructuras topon\u00edmicas regulares que se encuentran en muchas ciudades del mundo, el contexto costarricense se ha desarrollado de manera espont\u00e1nea, a menudo sin una numeraci\u00f3n c\u00edvica sistem\u00e1tica o se\u00f1alizaci\u00f3n coherente. En muchas \u00e1reas, los nombres oficiales de las calles existen solo en documentos administrativos, mientras que los residentes contin\u00faan orient\u00e1ndose a trav\u00e9s de referencias compartidas, transmitidas oralmente.<br \/>\nEsta forma de navegaci\u00f3n hunde sus ra\u00edces en la historia urbana del pa\u00eds, cuando el conocimiento de los puntos de referencia era esencial para moverse y comunicarse en el espacio.<\/p>\n<p>2. Las direcciones se construyen, por lo tanto, a partir de referencias locales, a veces todav\u00eda existentes, a veces desaparecidas pero conservadas en la memoria colectiva. No es raro encontrarse con indicaciones como \u201c200 metros al oeste del viejo cine\u201d o \u201cfrente a la casa amarilla con port\u00f3n rojo\u201d, expresiones que reflejan una forma de geograf\u00eda oral en la que el lugar se define no en t\u00e9rminos abstractos, sino en relaci\u00f3n a algo o alguien conocido.<br \/>\nAlgunos referentes, como \u00e1rboles monumentales (\u201cel higuer\u00f3n\u201d), viejas iglesias o comercios ya cerrados, contin\u00faan viviendo en el lenguaje cotidiano, convirti\u00e9ndose en puntos fijos de un paisaje en constante cambio.<\/p>\n<p>3. Este modo de orientarse, que puede parecer confuso a los ojos de un extranjero, constituye en realidad un elemento profundamente arraigado en la cultura costarricense. Es un sistema que se basa en el conocimiento compartido, en la memoria hist\u00f3rica y en las relaciones de proximidad dentro de las comunidades.<br \/>\nEn particular, en las \u00e1reas rurales, donde las calles son a menudo de tierra y carecen de se\u00f1alizaci\u00f3n, la capacidad de ubicar un lugar a trav\u00e9s de s\u00edmbolos locales \u2013 una escuela, una iglesia, un \u00e1rbol \u2013 es parte integral de la vida cotidiana y contribuye a reforzar el sentido de pertenencia y de identidad territorial.<\/p>\n<p>Seg\u00fan estudios de la Universidad de Costa Rica, este sistema de localizaci\u00f3n se basa en tres elementos principales:<br \/>\n\u2022 un conocimiento geogr\u00e1fico general del territorio,<br \/>\n\u2022 el uso de puntos de referencia f\u00e1cilmente reconocibles y<br \/>\n\u2022 la utilizaci\u00f3n de se\u00f1ales descriptivas adicionales, como el color de las viviendas, los materiales o incluso la presencia de animales y plantas.<\/p>\n<p>La construcci\u00f3n de la direcci\u00f3n avanza, por tanto, de una escala amplia \u2013 provincia, cant\u00f3n, distrito \u2013 hacia una especificidad progresiva, hasta identificar el lugar deseado a trav\u00e9s de coordenadas culturales m\u00e1s que cartogr\u00e1ficas.<\/p>\n<p>4. Tambi\u00e9n el entorno natural juega un papel decisivo. En un pa\u00eds caracterizado por monta\u00f1as, r\u00edos, volcanes y selvas tropicales, muchas direcciones incorporan elementos del paisaje: \u201cjunto al gran \u00e1rbol de mango\u201d o \u201cfrente a la curva del r\u00edo\u201d son descripciones comunes que unen funcionalidad y poes\u00eda, ligando a las personas con la tierra. En este sentido, el sistema de direccionamiento se convierte en un reflejo de la identidad costarricense, que privilegia la naturaleza, la memoria y la comunidad sobre la rigidez de los modelos formales.<\/p>\n<p>5. Si bien este sistema constituye un testimonio vivo de la memoria colectiva y del v\u00ednculo afectivo con el espacio, tambi\u00e9n presenta desaf\u00edos concretos para los servicios postales y las entregas comerciales. Las dificultades operativas se extienden tambi\u00e9n al campo de la seguridad p\u00fablica: la falta de una localizaci\u00f3n precisa puede, de hecho, retrasar la intervenci\u00f3n de ambulancias, fuerzas de polic\u00eda o bomberos, con consecuencias potencialmente graves.<\/p>\n<p>6. En las \u00faltimas d\u00e9cadas, las autoridades han intentado introducir sistemas de direccionamiento m\u00e1s estandarizados. A partir de 2006, en algunos cantones se han instalado se\u00f1ales viales y se han asignado nombres oficiales a las calles, mientras que Correos de Costa Rica ha desarrollado herramientas digitales para favorecer la normalizaci\u00f3n de las direcciones. Sin embargo, la adopci\u00f3n sigue siendo lenta. Muchos ciudadanos contin\u00faan prefiriendo las descripciones tradicionales basadas en puntos de referencia e incluso las empresas a menudo presentan en sus sitios o tarjetas de presentaci\u00f3n ambas versiones: la formal y la \u201ca la tica\u201d.<\/p>\n<p>Como ha observado la periodista Katherine Stanley Obando, este lenguaje \u201ces un c\u00f3digo reservado a los de adentro\u201d, una forma de compartir pertenencia m\u00e1s que informaci\u00f3n geogr\u00e1fica. La resistencia al cambio se debe no solo a la costumbre, sino tambi\u00e9n a una visi\u00f3n del territorio que privilegia la relaci\u00f3n humana y la familiaridad sobre la rigidez de la cartograf\u00eda.<br \/>\nDar indicaciones en Costa Rica es un acto social que presupone confianza y cooperaci\u00f3n: quien pide informaci\u00f3n y quien la proporciona se reconocen en un mismo sistema de referencias culturales. En un contexto donde la expresi\u00f3n \u201cpura vida\u201d sintetiza un modo de vida caracterizado por la calma y la cercan\u00eda humana, tambi\u00e9n la orientaci\u00f3n geogr\u00e1fica se convierte en parte de este ethos colectivo.<\/p>\n<p>7. En los \u00faltimos a\u00f1os, la difusi\u00f3n de las tecnolog\u00edas digitales ha introducido formas h\u00edbridas de orientaci\u00f3n. Aplicaciones como Google Maps y, sobre todo, Waze, han incorporado cada vez m\u00e1s puntos de referencia costarricenses, adapt\u00e1ndose a la l\u00f3gica cultural del pa\u00eds en lugar de sustituirla.<br \/>\nParalelamente, algunas startups locales han desarrollado servicios capaces de traducir las descripciones tradicionales en coordenadas GPS, combinando eficiencia tecnol\u00f3gica y respeto por la tradici\u00f3n.<\/p>\n<p>El sistema de direccionamiento costarricense no es solo una modalidad pr\u00e1ctica de localizaci\u00f3n, sino tambi\u00e9n un reflejo de la identidad nacional.<\/p>\n<p>La combinaci\u00f3n de geograf\u00eda, lenguaje y memoria colectiva expresa una visi\u00f3n del territorio profundamente relacional, donde la orientaci\u00f3n no es un hecho puramente espacial, sino un acto de comunicaci\u00f3n y comunidad.<\/p>\n<p>&nbsp;<\/p>\n","protected":false},"excerpt":{"rendered":"1. El sistema de direccionamiento en Costa Rica se distingue por su originalidad y por el profundo v\u00ednculo con la cultura local. El pa\u00eds adopta un modelo idiosincr\u00e1tico, basado en puntos de referencia, memoria colectiva y una buena dosis de intuici\u00f3n. A diferencia de los sistemas urban\u00edsticos planificados y de las estructuras topon\u00edmicas regulares que [&hellip;]","protected":false},"author":5,"featured_media":10212,"parent":896,"menu_order":0,"comment_status":"closed","ping_status":"closed","template":"","meta":{"footnotes":""},"class_list":["post-10216","page","type-page","status-publish","has-post-thumbnail","hentry"],"_links":{"self":[{"href":"https:\/\/ambsanjose.esteri.it\/es\/wp-json\/wp\/v2\/pages\/10216","targetHints":{"allow":["GET"]}}],"collection":[{"href":"https:\/\/ambsanjose.esteri.it\/es\/wp-json\/wp\/v2\/pages"}],"about":[{"href":"https:\/\/ambsanjose.esteri.it\/es\/wp-json\/wp\/v2\/types\/page"}],"author":[{"embeddable":true,"href":"https:\/\/ambsanjose.esteri.it\/es\/wp-json\/wp\/v2\/users\/5"}],"replies":[{"embeddable":true,"href":"https:\/\/ambsanjose.esteri.it\/es\/wp-json\/wp\/v2\/comments?post=10216"}],"version-history":[{"count":1,"href":"https:\/\/ambsanjose.esteri.it\/es\/wp-json\/wp\/v2\/pages\/10216\/revisions"}],"predecessor-version":[{"id":10219,"href":"https:\/\/ambsanjose.esteri.it\/es\/wp-json\/wp\/v2\/pages\/10216\/revisions\/10219"}],"up":[{"embeddable":true,"href":"https:\/\/ambsanjose.esteri.it\/es\/wp-json\/wp\/v2\/pages\/896"}],"wp:featuredmedia":[{"embeddable":true,"href":"https:\/\/ambsanjose.esteri.it\/es\/wp-json\/wp\/v2\/media\/10212"}],"wp:attachment":[{"href":"https:\/\/ambsanjose.esteri.it\/es\/wp-json\/wp\/v2\/media?parent=10216"}],"curies":[{"name":"wp","href":"https:\/\/api.w.org\/{rel}","templated":true}]}}