{"id":1029,"date":"2023-11-07T09:42:56","date_gmt":"2023-11-07T15:42:56","guid":{"rendered":"https:\/\/ambsanjose.esteri.it\/?page_id=1029"},"modified":"2024-06-13T14:19:01","modified_gmt":"2024-06-13T20:19:01","slug":"estudiar-en-italia","status":"publish","type":"page","link":"https:\/\/ambsanjose.esteri.it\/es\/italia-e-costa-rica\/diplomazia-culturale\/studiare-in-italia\/estudiar-en-italia\/","title":{"rendered":"Estudiar en Italia &#8211; Preguntas frecuentes"},"content":{"rendered":"<h2 class=\"sr-only\"><strong>\u00bfD\u00f3nde puedo encontrar la lista de becas para extranjeros para venir a estudiar a Italia?<\/strong><\/h2>\n<div>\n<p>Cada a\u00f1o, el Gobierno italiano ofrece becas a ciudadanos extranjeros o italianos que residen en el extranjero para completar estudios formales y\/o seguir programas de estudio o investigaci\u00f3n bilaterales o multilaterales en Italia.<br \/>\nToda la informaci\u00f3n (la lista de pa\u00edses receptores de las becas, el anuncio, la plataforma web para solicitudes en l\u00ednea, etc.) se puede encontrar en la p\u00e1gina\u00a0<a href=\"https:\/\/www.esteri.it\/it\/opportunita\/borse-di-studio\/per-cittadini-stranieri\/borsestudio_stranieri\/\"><em>Becas<\/em>\u00a0<em>ofrecidas por el Gobierno italiano a extranjeros<\/em><\/a>\u00a0y en el portal \u201c<a href=\"https:\/\/studyinitaly.esteri.it\/en\/home_borse\">Study in Italy<\/a>\u201d en la secci\u00f3n \u201c<a href=\"https:\/\/studyinitaly.esteri.it\/it\/call-for-procedure\"><em>Becas<\/em><\/a>\u201d.<\/p>\n<h2><strong>Soy ciudadano costarricense. Quiero inscribirme en una universidad italiana: \u00bfd\u00f3nde puedo encontrar la informaci\u00f3n y la lista de documentos que necesito?<\/strong><\/h2>\n<p>Cada a\u00f1o el Ministerio de Educaci\u00f3n, Universidad e Investigaci\u00f3n (MIUR) de Italia publica las normas para el acceso de estudiantes extranjeros a las ense\u00f1anzas universitarias. Para obtener m\u00e1s informaci\u00f3n, visite el sitio web de MIUR en la p\u00e1gina Estudiantes extranjeros, que contiene informaci\u00f3n detallada sobre los procedimientos y el calendario de obligaciones para la inscripci\u00f3n en universidades italianas, academias de bellas artes, conservatorios, escuelas de especializaci\u00f3n no m\u00e9dica y otros cursos.<\/p>\n<p>El Ministerio de Relaciones Exteriores italiano ha puesto en marcha un portal que ilustra los distintos pasos del\u00a0<a href=\"https:\/\/studyinitaly.esteri.it\/it\/node\/2\"><strong>procedimiento de registro<\/strong>.<\/a>\u00a0Aqu\u00ed la informaci\u00f3n tambi\u00e9n est\u00e1 disponible\u00a0<a href=\"https:\/\/studyinitaly.esteri.it\/en\/node\/2\">en ingl\u00e9s<\/a>.<\/p>\n<p>&nbsp;<\/p>\n<h2><strong>Me gradu\u00e9 en Costa Rica. \u00bfSe reconoce mi t\u00edtulo en Italia?<\/strong><\/h2>\n<p>Los t\u00edtulos extranjeros no se reconocen autom\u00e1ticamente en Italia. Para obtener informaci\u00f3n sobre c\u00f3mo obtener el reconocimiento, consulte el sitio web de<em><a href=\"https:\/\/www.cimea.it\/\">\u00a0CIMEA &#8211; Centro de Informaci\u00f3n sobre Movilidad y Equivalencia Acad\u00e9mica<\/a><\/em>.<\/p>\n<p>Si tiene la intenci\u00f3n de realizar un curso de estudio o una trayectoria profesional en Italia, le recomendamos encarecidamente que perfeccione su t\u00edtulo educativo\/profesional antes de mudarse a Italia. De hecho, el proceso de reconocimiento involucra a las autoridades extranjeras y las oficinas consulares italianas en el exterior.<\/p>\n<h2><strong>\u00bfQu\u00e9 es necesario para legalizar un t\u00edtulo obtenido en el extranjero, a efectos de reconocimiento en Italia?<\/strong><\/h2>\n<p>El t\u00edtulo original debe estar legalizado, provisto de una traducci\u00f3n oficial o consular, o autenticado por traductores jurados y con una &#8220;dichiarazione di valore in loco&#8221;. Mientras que la legalizaci\u00f3n del t\u00edtulo generalmente la lleva a cabo el Ministerio de Relaciones Exteriores del pa\u00eds donde se obtuvo el t\u00edtulo, la &#8220;declaraci\u00f3n de valor&#8221; la emiten las autoridades consulares italianas en cuyo distrito se obtuvo el t\u00edtulo.<\/p>\n<p>Para informaci\u00f3n general sobre legalizaciones y traducciones oficiales, lea la p\u00e1gina\u00a0<a href=\"https:\/\/www.esteri.it\/it\/servizi-consolari-e-visti\/italiani-all-estero\/traduzione-e-legalizzazione-documenti\/\">Traducci\u00f3n y legalizaci\u00f3n de documentos<\/a>.<\/p>\n<h2><strong>\u00bfQu\u00e9 es la \u201cdeclaraci\u00f3n de valor local\u201d y c\u00f3mo se puede obtener?<\/strong><\/h2>\n<p>La &#8220;dichiarazione di valore il loco&#8221; de un t\u00edtulo extranjero certifica la autenticidad del t\u00edtulo e indica los requisitos de acceso, la duraci\u00f3n del curso de estudio, el valor legal o habilitante o profesional en el ordenamiento jur\u00eddico del pa\u00eds extranjero a efectos de ejercicio de una profesi\u00f3n o para la continuaci\u00f3n de estudios en el pa\u00eds extranjero.<br \/>\nPor estas razones, es necesario presentar el original de la calificaci\u00f3n a las autoridades consulares italianas.<br \/>\nEs recomendable obtener la &#8220;declaraci\u00f3n de valor&#8221; antes de ir a Italia y realizar los contactos oportunos con las autoridades consulares. Si el tr\u00e1mite se realiza estando ya en Italia, los t\u00edtulos deber\u00e1n viajar por correo o deber\u00e1n confiarse a un delegado y una agencia de servicios. Esto puede aumentar los costos y el riesgo de p\u00e9rdida.<br \/>\nPara obtener m\u00e1s informaci\u00f3n sobre las calificaciones, consulte el portal\u00a0<a href=\"https:\/\/www.studiare-in-italia.it\/studying\/info-07.html\">www.studiare-in-italia.it<\/a>.<\/p>\n<p>&nbsp;<\/p>\n<h2><strong>Quiero estudiar en Italia, \u00bfnecesito una visa?<\/strong><\/h2>\n<p>Los ciudadanos costarricenses necesitan una visa para estudiar en Italia si la estancia de estudios durar\u00e1 m\u00e1s de 90 d\u00edas.<\/p>\n<h2><strong>\u00bfCu\u00e1ntos tipos de visas de estudio hay?<\/strong><\/h2>\n<p>Adem\u00e1s de la visa de estudio gen\u00e9rica, existen otros 6 tipos de visa de estudio: estudio para matr\u00edcula universitaria; estudio para un solo curso universitario; Estudio de postgrado; estudio para programa de movilidad e intercambio; estudio-aprendizaje y estudio-formaci\u00f3n profesional.<br \/>\nPara comprobar los requisitos de cada uno de estos tipos de visa, consulte la base de datos\u00a0<a href=\"https:\/\/vistoperitalia.esteri.it\/home.aspx\"><strong>La visa para Italia<\/strong><\/a>.<\/p>\n<h2><strong>\u00bfQu\u00e9 medios econ\u00f3micos tengo que demostrar para obtener un visado de estudios?<\/strong><\/h2>\n<p>Si solicitas un visado para matricularte en una universidad italiana debes demostrar una disponibilidad m\u00ednima anual de 5.889\u20ac. Esta cifra es proporcional al monto del a\u00f1o de la denominada &#8220;asignaci\u00f3n social&#8221;.<br \/>\nSi su curso de estudio se extiende durante varios a\u00f1os, es suficiente que demuestre disponibilidad para el primer a\u00f1o.<\/p>\n<p>Para todos los dem\u00e1s tipos de visado de estudios, para conocer la cantidad de recursos necesarios, debe consultar la\u00a0<a href=\"https:\/\/www.esteri.it\/it\/servizi-consolari-e-visti\/ingressosoggiornoinitalia\/mezzi_finanziari\/tabella_mezzi_sussistenza\/\"><strong>Tabla A de la Directiva del Ministerio del Interior de 1.3.2000<\/strong><\/a>, que establece una cuota fija y una cuota diaria. En consecuencia, el monto total var\u00eda seg\u00fan la duraci\u00f3n de la estad\u00eda, es decir, el curso de estudio.<\/p>\n<h2><strong>Para la visa de estudios, \u00bfpuedo acreditar los medios de subsistencia con aval bancario?<\/strong><\/h2>\n<p>No. En el caso de estancias por estudios, el aval bancario o la p\u00f3liza de cauci\u00f3n no se encuentran entre los documentos considerados id\u00f3neos para acreditar la disponibilidad de medios de subsistencia adecuados.<\/p>\n<p>Debe tener garant\u00edas personales, familiares o financieras proporcionadas por instituciones y organismos italianos (incluidas las universidades), por gobiernos locales, por instituciones y organismos extranjeros considerados confiables por la misi\u00f3n diplom\u00e1tica italiana.<\/p>\n<p>Para m\u00e1s informaci\u00f3n, visita la web del\u00a0Ministerio de Educaci\u00f3n, Universidad e Investigaci\u00f3n\u00a0en la p\u00e1gina de\u00a0<a href=\"https:\/\/www.studiare-in-italia.it\/studentistranieri\/\"><strong>Estudiantes extranjeros<\/strong><\/a>.<\/p>\n<h2><strong>\u00bfSon v\u00e1lidas las garant\u00edas econ\u00f3micas dadas a favor del estudiante por una persona ajena al n\u00facleo familiar?<\/strong><\/h2>\n<p>El estudiante debidamente admitido que solicita una visa de &#8220;estudio &#8211; matr\u00edcula universitaria&#8221; debe demostrar que su familia tiene medios econ\u00f3micos suficientes para mantenerlo estudiando en Italia.<br \/>\nSi un sujeto fuera del n\u00facleo familiar (asociaciones, amigos o parientes residentes en Italia) garantiza su mantenimiento con una declaraci\u00f3n de hospitalidad y un compromiso por escrito (a la vez que demuestra los recursos necesarios), esto constituye un elemento positivo, pero no determinante. para la obtenci\u00f3n de la visa.<\/p>\n<p>Ning\u00fan sujeto privado puede ser llamado a sustituir a la familia en la obligaci\u00f3n de asistencia econ\u00f3mica.<\/p>\n<p>&nbsp;<\/p>\n<h2><strong>Me admitieron en un curso de grado de varios a\u00f1os, pero la Embajada italiana me otorg\u00f3 una visa de un a\u00f1o. \u00bfC\u00f3mo voy a hacer para los pr\u00f3ximos a\u00f1os? \u00bfTendr\u00e9 que solicitar una nueva visa?<\/strong><\/h2>\n<p>No ser\u00e1 necesario. La visa constituye el permiso para ingresar a Italia por primera vez con el motivo indicado en la etiqueta de la visa (estudio-universidad, en este caso). Dentro de los 8 d\u00edas posteriores a la entrada en Italia, el estudiante extranjero debe presentar una solicitud de permiso de residencia en la Oficina de Inmigraci\u00f3n de la Jefatura de Polic\u00eda competente para el Municipio de residencia. El permiso de residencia es el t\u00edtulo que legitima la presencia del extranjero en Italia. Debe renovarse antes de su vencimiento.<\/p>\n<h2><strong>Soy estudiante de italiano en Costa Rica y quiero mejorar mis conocimientos del idioma en Italia.<\/strong><\/h2>\n<p>Es posible, si no eres principiante y si ya tienes un conocimiento intermedio del idioma. Para estudiar el idioma italiano, un requisito para una visa de estudios es que los cursos sean de un nivel superior.<br \/>\nAdem\u00e1s, los cursos deben ser de tiempo completo y de duraci\u00f3n determinada. Las Universidades para extranjeros de Perugia y Siena, la Universidad de Roma Tre, ofrecen cursos prestigiosos y calificadores con el fin de obtener la &#8220;<a href=\"https:\/\/www.esteri.it\/it\/sala_stampa\/archivionotizie\/comunicati\/2013\/02\/20130206_cliq\/\"><strong>Certificaci\u00f3n de Lengua Italiana de Calidad &#8211; CLIQ&#8221;.<\/strong><\/a><br \/>\nEste sistema de evaluaci\u00f3n y certificaci\u00f3n est\u00e1 en l\u00ednea con los est\u00e1ndares cient\u00edficos establecidos por el Consejo de Europa en el &#8220;Marco Com\u00fan Europeo de Referencia para las Lenguas&#8221;.<\/p>\n<h2><strong>Soy un estudiante extranjero en Italia y tengo un permiso de residencia por estudios. \u00bfPuedo viajar a otros pa\u00edses Schengen durante las vacaciones?<\/strong><\/h2>\n<p>S\u00ed. Tu permiso de larga estancia te da derecho a viajar a otros pa\u00edses Schengen hasta un m\u00e1ximo de 90 d\u00edas cada 180 d\u00edas.<br \/>\n\u00a1Tenga en cuenta que no todos los pa\u00edses europeos son pa\u00edses Schengen! Antes de comprar el billete de viaje, consulte la lista de pa\u00edses Schengen.<\/p>\n<p>Consulta<strong>\u00a0<a href=\"https:\/\/www.consilium.europa.eu\/it\/policies\/schengen-area\/\">la lista de pa\u00edses Schengen.<\/a><\/strong><\/p>\n<p>&nbsp;<\/p>\n<h2><strong>Soy estudiante costarricense en Italia y tengo permiso de residencia por estudios. Despu\u00e9s de mi per\u00edodo de estudios, me gustar\u00eda hacer una parada y viajar a Italia y otros pa\u00edses Schengen. Pero mi permiso de estudios caduca. \u00bfComo lo puedo hacer?<\/strong><\/h2>\n<p>Si eres ciudadano costarricense, tienes la posibilidad de permanecer en Italia y en el espacio Schengen, incluso despu\u00e9s de la expiraci\u00f3n de tu permiso de residencia, hasta un m\u00e1ximo de otros 90 d\u00edas.<\/p>\n<p>La responsabilidad de otorgar la autorizaci\u00f3n para extender su estad\u00eda como turistas y no como residentes recae en la Oficina de Extranjer\u00eda local, a la que debe dirigirse para cualquier informaci\u00f3n adicional sobre los requisitos a cumplir y la documentaci\u00f3n a presentar.<\/p>\n<p>&nbsp;<\/p>\n<h2><strong>Soy un estudiante costarricense en Italia. \u00bfPuedo trabajar para apoyar mis estudios?<\/strong><\/h2>\n<p>S\u00ed. El permiso de residencia por estudios te permite trabajar a tiempo parcial un m\u00e1ximo de 20 horas semanales, incluso durante todo el a\u00f1o y no m\u00e1s de 1.040 horas anuales.<\/p>\n<p>&nbsp;<\/p>\n<h2><strong>Soy un estudiante universitario extranjero en Italia. Estoy por graduarme y ya ten\u00eda una oferta de trabajo. \u00bfPuedo convertir mi permiso de estudios en un permiso de trabajo?<\/strong><\/h2>\n<p>S\u00ed, si el permiso de estudio actual sigue siendo v\u00e1lido. Es necesario que el estudiante estipule un contrato de residencia por trabajo con el futuro empleador en el SUI (Sportello Unico Immigrazione) de la Oficina de Inmigraci\u00f3n de la Jefatura de Polic\u00eda competente para el Municipio de residencia.<br \/>\nSi el estudiante se ha graduado y obtenido un t\u00edtulo de posgrado, el permiso de residencia por trabajo subordinado se expide fuera de las cuotas de los flujos. Todo este asunto es responsabilidad de las Oficinas de Inmigraci\u00f3n de la Jefatura de Polic\u00eda Italiana. Puede encontrar informaci\u00f3n m\u00e1s detallada en los sitios web de las Prefecturas.<\/p>\n<h2><strong>Tengo un t\u00edtulo italiano y quiero continuar mis estudios en el extranjero. \u00bfSe reconocer\u00e1 mi t\u00edtulo italiano en el extranjero?<\/strong><\/h2>\n<p>Tendr\u00e1s que hacer esta pregunta al instituto extranjero donde continuar\u00e1s tus estudios y, para saber c\u00f3mo proceder, a las autoridades consulares de ese pa\u00eds en Italia.<br \/>\nLo m\u00e1s probable es que te pidan una legalizaci\u00f3n de tu t\u00edtulo italiano, una traducci\u00f3n al idioma del pa\u00eds en el que quieres afirmarlo (o a un idioma vehicular) y, presumiblemente, un certificado del Consulado en Italia de ese pa\u00eds. .<\/p>\n<p>En Italia, la legalizaci\u00f3n de los actos administrativos (como las calificaciones educativas) es responsabilidad de las oficinas de legalizaci\u00f3n de las Prefecturas. Las listas de traductores jurados est\u00e1n disponibles en los tribunales italianos. En su sitio web,\u00a0<a href=\"https:\/\/www.cimea.it\/\"><strong>CIMEA (Centro de Informaci\u00f3n sobre Movilidad y Equivalencia Acad\u00e9mica)<\/strong>\u00a0<\/a>dedica una secci\u00f3n al reconocimiento de t\u00edtulos italianos en el extranjero que puede ser muy \u00fatil.<\/p>\n<p>&nbsp;<\/p>\n<\/div>\n","protected":false},"excerpt":{"rendered":"\u00bfD\u00f3nde puedo encontrar la lista de becas para extranjeros para venir a estudiar a Italia? Cada a\u00f1o, el Gobierno italiano ofrece becas a ciudadanos extranjeros o italianos que residen en el extranjero para completar estudios formales y\/o seguir programas de estudio o investigaci\u00f3n bilaterales o multilaterales en Italia. Toda la informaci\u00f3n (la lista de pa\u00edses [&hellip;]","protected":false},"author":5,"featured_media":0,"parent":164,"menu_order":12,"comment_status":"closed","ping_status":"closed","template":"","meta":{"footnotes":""},"class_list":["post-1029","page","type-page","status-publish","hentry"],"_links":{"self":[{"href":"https:\/\/ambsanjose.esteri.it\/es\/wp-json\/wp\/v2\/pages\/1029","targetHints":{"allow":["GET"]}}],"collection":[{"href":"https:\/\/ambsanjose.esteri.it\/es\/wp-json\/wp\/v2\/pages"}],"about":[{"href":"https:\/\/ambsanjose.esteri.it\/es\/wp-json\/wp\/v2\/types\/page"}],"author":[{"embeddable":true,"href":"https:\/\/ambsanjose.esteri.it\/es\/wp-json\/wp\/v2\/users\/5"}],"replies":[{"embeddable":true,"href":"https:\/\/ambsanjose.esteri.it\/es\/wp-json\/wp\/v2\/comments?post=1029"}],"version-history":[{"count":3,"href":"https:\/\/ambsanjose.esteri.it\/es\/wp-json\/wp\/v2\/pages\/1029\/revisions"}],"predecessor-version":[{"id":4898,"href":"https:\/\/ambsanjose.esteri.it\/es\/wp-json\/wp\/v2\/pages\/1029\/revisions\/4898"}],"up":[{"embeddable":true,"href":"https:\/\/ambsanjose.esteri.it\/es\/wp-json\/wp\/v2\/pages\/164"}],"wp:attachment":[{"href":"https:\/\/ambsanjose.esteri.it\/es\/wp-json\/wp\/v2\/media?parent=1029"}],"curies":[{"name":"wp","href":"https:\/\/api.w.org\/{rel}","templated":true}]}}