{"id":10973,"date":"2025-12-03T09:42:20","date_gmt":"2025-12-03T15:42:20","guid":{"rendered":"https:\/\/ambsanjose.esteri.it\/?page_id=10973"},"modified":"2025-12-03T09:46:25","modified_gmt":"2025-12-03T15:46:25","slug":"universidad-ca-foscari-de-venecia","status":"publish","type":"page","link":"https:\/\/ambsanjose.esteri.it\/es\/italia-e-costa-rica\/diplomazia-culturale\/studiare-in-italia\/universidad\/universidad-ca-foscari-de-venecia\/","title":{"rendered":"Universidad Ca&#8217; Foscari de Venecia"},"content":{"rendered":"<p>Para el a\u00f1o acad\u00e9mico 2026\/2027, la Universidad Ca&#8217; Foscari de Venecia contin\u00faa con su compromiso de atraer a estudiantes internacionales de excelencia.<\/p>\n<p>El objetivo es promover, a escala mundial, toda la oferta formativa, que incluye cursos de licenciatura y maestr\u00eda en italiano e ingl\u00e9s.<\/p>\n<p>La excelencia de Ca&#8217; Foscari en el campo de la ense\u00f1anza y la investigaci\u00f3n sigue quedando patente en los reconocimientos obtenidos: la universidad ha destacado en el prestigioso ranking internacional QS 2025 con nada menos que 16 disciplinas, y mantiene la segunda posici\u00f3n en la clasificaci\u00f3n CENSIS en materia de internacionalizaci\u00f3n. Estos resultados confirman el prestigio y el valor de la universidad en el panorama acad\u00e9mico mundial.<\/p>\n<p>A continuaci\u00f3n se incluyen algunos enlaces que destacan la calidad y la variedad de la oferta docente de la Universidad de Venecia:<\/p>\n<ul>\n<li>la <a href=\"http:\/\/www.unive.it\/pag\/fileadmin\/user_upload\/inglese\/international\/doc\/degree-seeking\/CaFoscari_ProgrammeGuide_ITA.pdf\">gu\u00eda completa en italiano<\/a> y la <a href=\"https:\/\/www.unive.it\/pag\/15612\/\">gu\u00eda completa en ingl\u00e9s<\/a>;<\/li>\n<li>el folleto sobre los <a href=\"https:\/\/www.unive.it\/pag\/fileadmin\/user_upload\/inglese\/international\/doc\/degree-seeking\/CaFoscari_ItalianBADegreeProgrammes.pdf\">programas de licenciatura en italiano<\/a>;<\/li>\n<li>el folleto dedicado a las <a href=\"https:\/\/www.unive.it\/pag\/fileadmin\/user_upload\/inglese\/international\/doc\/degree-seeking\/CaFoscari_ItalianMADegreeProgrammes.pdf\">maestr\u00edas impartidas en italiano<\/a>;<\/li>\n<li>el folleto que describe los <a href=\"https:\/\/www.unive.it\/pag\/fileadmin\/user_upload\/inglese\/international\/doc\/degree-seeking\/CaFoscari_EnglishDegreeProgrammes.pdf\">programas de licenciatura impartidos \u00edntegramente en ingl\u00e9s<\/a>.<\/li>\n<\/ul>\n<p><img loading=\"lazy\" decoding=\"async\" class=\"alignnone size-full wp-image-10967 img-fluid\" src=\"https:\/\/ambsanjose.esteri.it\/wp-content\/uploads\/2025\/12\/Ca-foscari.png\" alt=\"\" width=\"200\" height=\"253\" \/><\/p>\n","protected":false},"excerpt":{"rendered":"Para el a\u00f1o acad\u00e9mico 2026\/2027, la Universidad Ca&#8217; Foscari de Venecia contin\u00faa con su compromiso de atraer a estudiantes internacionales de excelencia. El objetivo es promover, a escala mundial, toda la oferta formativa, que incluye cursos de licenciatura y maestr\u00eda en italiano e ingl\u00e9s. La excelencia de Ca&#8217; Foscari en el campo de la ense\u00f1anza [&hellip;]","protected":false},"author":5,"featured_media":10967,"parent":398,"menu_order":0,"comment_status":"closed","ping_status":"closed","template":"","meta":{"footnotes":""},"class_list":["post-10973","page","type-page","status-publish","has-post-thumbnail","hentry"],"_links":{"self":[{"href":"https:\/\/ambsanjose.esteri.it\/es\/wp-json\/wp\/v2\/pages\/10973","targetHints":{"allow":["GET"]}}],"collection":[{"href":"https:\/\/ambsanjose.esteri.it\/es\/wp-json\/wp\/v2\/pages"}],"about":[{"href":"https:\/\/ambsanjose.esteri.it\/es\/wp-json\/wp\/v2\/types\/page"}],"author":[{"embeddable":true,"href":"https:\/\/ambsanjose.esteri.it\/es\/wp-json\/wp\/v2\/users\/5"}],"replies":[{"embeddable":true,"href":"https:\/\/ambsanjose.esteri.it\/es\/wp-json\/wp\/v2\/comments?post=10973"}],"version-history":[{"count":1,"href":"https:\/\/ambsanjose.esteri.it\/es\/wp-json\/wp\/v2\/pages\/10973\/revisions"}],"predecessor-version":[{"id":10975,"href":"https:\/\/ambsanjose.esteri.it\/es\/wp-json\/wp\/v2\/pages\/10973\/revisions\/10975"}],"up":[{"embeddable":true,"href":"https:\/\/ambsanjose.esteri.it\/es\/wp-json\/wp\/v2\/pages\/398"}],"wp:featuredmedia":[{"embeddable":true,"href":"https:\/\/ambsanjose.esteri.it\/es\/wp-json\/wp\/v2\/media\/10967"}],"wp:attachment":[{"href":"https:\/\/ambsanjose.esteri.it\/es\/wp-json\/wp\/v2\/media?parent=10973"}],"curies":[{"name":"wp","href":"https:\/\/api.w.org\/{rel}","templated":true}]}}