{"id":1098,"date":"2023-11-07T08:11:49","date_gmt":"2023-11-07T14:11:49","guid":{"rendered":"https:\/\/ambsanjose.esteri.it\/?page_id=1098"},"modified":"2023-11-09T11:26:59","modified_gmt":"2023-11-09T17:26:59","slug":"exposicion-sobre-pietro-vannucci-conocido-como-il-perugino","status":"publish","type":"page","link":"https:\/\/ambsanjose.esteri.it\/es\/italia-e-costa-rica\/diplomazia-culturale\/eventos-y-actividades\/exposicion-sobre-pietro-vannucci-conocido-como-il-perugino\/","title":{"rendered":"Exposici\u00f3n sobre Pietro Vannucci, conocido como &#8220;il Perugino&#8221;"},"content":{"rendered":"<p>La Embajada de Italia en Costa Rica y el Instituto Nacional de Seguros organizaron una exposici\u00f3n sobre Pietro Vannucci, conocido como &#8220;il Perugino&#8221;, en el Museo de Jade y de la Cultura Precolombina de San Jos\u00e9.<\/p>\n<p>La exposici\u00f3n, titulada &#8220;Il Perugino &#8211; El mejor maestro de Italia&#8221;, se celebra con motivo del quinto centenario de la muerte del artista y se inaugur\u00f3 el 19 de octubre de 2023.<\/p>\n<p>Pietro Vannucci (c. 1450 &#8211; 1523) fue el pintor activo m\u00e1s importante de Italia en las dos \u00faltimas d\u00e9cadas del siglo XV. La exposici\u00f3n recorre la vida y los lugares de Perugino, activo en la Florencia medicea entre finales del siglo XV y principios del XVI, donde tambi\u00e9n trabajaron Verrocchio, Ghirlandaio, Sandro Botticelli, Leonardo, Rafael y Miguel \u00c1ngel, as\u00ed como las distintas fases que caracterizaron su obra.<\/p>\n<p>Los 15 paneles que componen la exposici\u00f3n permanecer\u00e1n expuestos hasta el 5 de febrero de 2024.<\/p>\n<p>Los materiales han sido concebidos y creados por Stefano Baldi.<\/p>\n","protected":false},"excerpt":{"rendered":"La Embajada de Italia en Costa Rica y el Instituto Nacional de Seguros organizaron una exposici\u00f3n sobre Pietro Vannucci, conocido como &#8220;il Perugino&#8221;, en el Museo de Jade y de la Cultura Precolombina de San Jos\u00e9. La exposici\u00f3n, titulada &#8220;Il Perugino &#8211; El mejor maestro de Italia&#8221;, se celebra con motivo del quinto centenario de [&hellip;]","protected":false},"author":5,"featured_media":0,"parent":991,"menu_order":0,"comment_status":"closed","ping_status":"closed","template":"","meta":{"footnotes":""},"class_list":["post-1098","page","type-page","status-publish","hentry"],"_links":{"self":[{"href":"https:\/\/ambsanjose.esteri.it\/es\/wp-json\/wp\/v2\/pages\/1098","targetHints":{"allow":["GET"]}}],"collection":[{"href":"https:\/\/ambsanjose.esteri.it\/es\/wp-json\/wp\/v2\/pages"}],"about":[{"href":"https:\/\/ambsanjose.esteri.it\/es\/wp-json\/wp\/v2\/types\/page"}],"author":[{"embeddable":true,"href":"https:\/\/ambsanjose.esteri.it\/es\/wp-json\/wp\/v2\/users\/5"}],"replies":[{"embeddable":true,"href":"https:\/\/ambsanjose.esteri.it\/es\/wp-json\/wp\/v2\/comments?post=1098"}],"version-history":[{"count":1,"href":"https:\/\/ambsanjose.esteri.it\/es\/wp-json\/wp\/v2\/pages\/1098\/revisions"}],"predecessor-version":[{"id":1119,"href":"https:\/\/ambsanjose.esteri.it\/es\/wp-json\/wp\/v2\/pages\/1098\/revisions\/1119"}],"up":[{"embeddable":true,"href":"https:\/\/ambsanjose.esteri.it\/es\/wp-json\/wp\/v2\/pages\/991"}],"wp:attachment":[{"href":"https:\/\/ambsanjose.esteri.it\/es\/wp-json\/wp\/v2\/media?parent=1098"}],"curies":[{"name":"wp","href":"https:\/\/api.w.org\/{rel}","templated":true}]}}