{"id":1121,"date":"2023-11-09T11:30:27","date_gmt":"2023-11-09T17:30:27","guid":{"rendered":"https:\/\/ambsanjose.esteri.it\/?page_id=1121"},"modified":"2023-11-09T11:30:40","modified_gmt":"2023-11-09T17:30:40","slug":"concierto-del-duo-de-pianistas-spina-y-benignetti-aula-magna-de-la-ucr-2-de-noviembre-de-2023","status":"publish","type":"page","link":"https:\/\/ambsanjose.esteri.it\/es\/italia-e-costa-rica\/diplomazia-culturale\/eventos-y-actividades\/concierto-del-duo-de-pianistas-spina-y-benignetti-aula-magna-de-la-ucr-2-de-noviembre-de-2023\/","title":{"rendered":"Concierto del d\u00fao de pianistas Spina y Benignetti (Aula Magna de la UCR, 2 de noviembre de 2023)."},"content":{"rendered":"<p>El 2 de noviembre de 2023, la Embajada de Italia en Costa Rica, en colaboraci\u00f3n con la Universidad de Costa Rica, y la Escuela de Artes Musicales, organiz\u00f3 un concierto del d\u00fao de pianistas Spina y Benignetti.<\/p>\n<p>El evento se celebr\u00f3 en el Aula Magna de la Universidad de Costa Rica.<\/p>\n<p>Eleonora Spina y Michele Benignetti son dos j\u00f3venes pianistas de talento que cuentan con una s\u00f3lida formaci\u00f3n tanto en m\u00fasica solista como de c\u00e1mara.<\/p>\n<p>Formado en 2013, el d\u00fao de pianos obtuvo en 2014 el prestigioso Dipl\u00f4me Sup\u00e9rieur d&#8217;Execution de la \u00c9cole Normale de Musique &#8216;Alfred Cortot&#8217; de Par\u00eds, con la menci\u00f3n &#8216;\u00e0 l&#8217;unanimit\u00e9&#8217;. Su debut discogr\u00e1fico en el sello Brilliant Classics, publicado en julio de 2015, que contiene la obra completa de Johannes Brahms para dos pianos, recibi\u00f3 grandes elogios de la prensa especializada.<\/p>\n<p>Eleonora y Michele son profesores en La Cit\u00e9 de la Musique et de la Danse de Soissons, un prestigioso centro cultural y educativo de Francia.<\/p>\n","protected":false},"excerpt":{"rendered":"El 2 de noviembre de 2023, la Embajada de Italia en Costa Rica, en colaboraci\u00f3n con la Universidad de Costa Rica, y la Escuela de Artes Musicales, organiz\u00f3 un concierto del d\u00fao de pianistas Spina y Benignetti. El evento se celebr\u00f3 en el Aula Magna de la Universidad de Costa Rica. Eleonora Spina y Michele [&hellip;]","protected":false},"author":5,"featured_media":0,"parent":991,"menu_order":0,"comment_status":"closed","ping_status":"closed","template":"","meta":{"footnotes":""},"class_list":["post-1121","page","type-page","status-publish","hentry"],"_links":{"self":[{"href":"https:\/\/ambsanjose.esteri.it\/es\/wp-json\/wp\/v2\/pages\/1121","targetHints":{"allow":["GET"]}}],"collection":[{"href":"https:\/\/ambsanjose.esteri.it\/es\/wp-json\/wp\/v2\/pages"}],"about":[{"href":"https:\/\/ambsanjose.esteri.it\/es\/wp-json\/wp\/v2\/types\/page"}],"author":[{"embeddable":true,"href":"https:\/\/ambsanjose.esteri.it\/es\/wp-json\/wp\/v2\/users\/5"}],"replies":[{"embeddable":true,"href":"https:\/\/ambsanjose.esteri.it\/es\/wp-json\/wp\/v2\/comments?post=1121"}],"version-history":[{"count":1,"href":"https:\/\/ambsanjose.esteri.it\/es\/wp-json\/wp\/v2\/pages\/1121\/revisions"}],"predecessor-version":[{"id":1123,"href":"https:\/\/ambsanjose.esteri.it\/es\/wp-json\/wp\/v2\/pages\/1121\/revisions\/1123"}],"up":[{"embeddable":true,"href":"https:\/\/ambsanjose.esteri.it\/es\/wp-json\/wp\/v2\/pages\/991"}],"wp:attachment":[{"href":"https:\/\/ambsanjose.esteri.it\/es\/wp-json\/wp\/v2\/media?parent=1121"}],"curies":[{"name":"wp","href":"https:\/\/api.w.org\/{rel}","templated":true}]}}