{"id":11294,"date":"2026-01-22T13:58:58","date_gmt":"2026-01-22T19:58:58","guid":{"rendered":"https:\/\/ambsanjose.esteri.it\/?page_id=11294"},"modified":"2026-01-22T14:35:35","modified_gmt":"2026-01-22T20:35:35","slug":"referendum-constitucional-confirmatorio-de-los-dias-22-y-23-de-marzo-de-2026","status":"publish","type":"page","link":"https:\/\/ambsanjose.esteri.it\/es\/servizi-consolari-e-visti\/servizi-per-il-cittadino-italiano\/servizi-elettorali\/elecciones-politicas-y-referendos\/referendum-constitucional-confirmatorio-de-los-dias-22-y-23-de-marzo-de-2026\/","title":{"rendered":"Refer\u00e9ndum Constitucional confirmatorio de los d\u00edas 22 y 23 de marzo de 2026"},"content":{"rendered":"<p><strong>VOTO POR CORRESPONDENCIA DE LOS CIUDADANOS ITALIANOS EN EL EXTERIOR Y OPCI\u00d3N PARA VOTAR EN ITALIA<\/strong><\/p>\n<p>Con decreto del Presidente de la Rep\u00fablica del 13\/01\/2026, publicado en el Bolet\u00edn Oficial del 14\/01\/2026, se ha fijado para los d\u00edas 22 y 23 MARZO 2026 la fecha del refer\u00e9ndum ex art. 138 de la Constituci\u00f3n para la modificaci\u00f3n de algunos art\u00edculos de la Constituci\u00f3n (llamada &#8220;Reforma de la justicia&#8221;).<\/p>\n<p>Se recuerda que el VOTO es un DERECHO protegido por la Constituci\u00f3n italiana y que, seg\u00fan la Ley 27 de diciembre de 2001, n. 459, los ciudadanos italianos residentes o temporalmente en el extranjero, inscritos en las listas electorales, pueden VOTAR POR CORRESPONDENCIA, recibiendo el sobre electoral en su direcci\u00f3n de residencia. A tal fin, se recomienda verificar y, en su caso, regularizar inmediatamente su situaci\u00f3n de registro y direcci\u00f3n ante la oficina consular competente (se recuerda que por ley los sobres electorales deben ser enviados casi un mes antes de la fecha de la votaci\u00f3n en Italia), utilizando preferiblemente el portal en l\u00ednea de los servicios consulares Fast It.<\/p>\n<p>Como alternativa al voto por correspondencia, los electores inscritos en el AIRE pueden optar por votar en Italia en su propio municipio de inscripci\u00f3n electoral, comunicando por escrito su elecci\u00f3n (OPCI\u00d3N) al Consulado antes del d\u00e9cimo d\u00eda siguiente a la convocatoria de la consulta. La elecci\u00f3n (opci\u00f3n) de votar en Italia solo es v\u00e1lida para la consulta referendaria respecto a la cual se expresa.<\/p>\n<p>La OPCI\u00d3N debe llegar a la oficina consular a m\u00e1s tardar diez d\u00edas despu\u00e9s de la convocatoria de la consulta, es decir, ANTES DEL D\u00cdA 24\/01\/2026.<\/p>\n<p>Para esta comunicaci\u00f3n se puede utilizar <a href=\"https:\/\/ambsanjose.esteri.it\/wp-content\/uploads\/2026\/01\/Modulo_di_opzione_Referendum_2026.pdf\"><strong>el formulario correspondiente<\/strong><\/a> que se puede descargar tanto del sitio web del Ministerio de Asuntos Exteriores y Cooperaci\u00f3n Internacional (<a href=\"http:\/\/www.esteri.it\/\">www.esteri.it<\/a>) como del de su oficina consular de referencia.<\/p>\n<p>El formulario, completado, firmado y acompa\u00f1ado de un documento de identidad, puede ser entregado o enviado a su oficina consular de referencia en persona, por correo, por correo electr\u00f3nico ordinario, por correo electr\u00f3nico certificado [PEC]. Las direcciones correspondientes est\u00e1n disponibles en el sitio web del Consulado de referencia.<\/p>\n<p>La comunicaci\u00f3n de la opci\u00f3n tambi\u00e9n puede ser escrita en papel simple; en cualquier caso, para ser v\u00e1lida debe contener nombre, apellidos, fecha y lugar de nacimiento, lugar de residencia y firma del elector, y es obligatorio enviarla junto con una copia de un documento de identidad del declarante.<\/p>\n<p>La normativa vigente prescribe que es responsabilidad de los electores verificar que la comunicaci\u00f3n de opci\u00f3n enviada por correo haya sido recibida a tiempo por su oficina consular. Las solicitudes recibidas despu\u00e9s del plazo mencionado NO podr\u00e1n ser consideradas v\u00e1lidas.<\/p>\n<p>La elecci\u00f3n de votar en Italia puede ser posteriormente REVOCADA mediante una comunicaci\u00f3n escrita que debe enviarse o entregarse a la oficina consular seg\u00fan las mismas modalidades y dentro de la misma fecha prevista para el ejercicio de la opci\u00f3n.<\/p>\n<p><strong>La Ley NO prev\u00e9 ning\u00fan tipo de reembolso por los gastos de viaje incurridos para el regreso a Italia con motivo de la votaci\u00f3n, sino solo facilidades tarifarias dentro del territorio italiano.<\/strong><\/p>\n","protected":false},"excerpt":{"rendered":"VOTO POR CORRESPONDENCIA DE LOS CIUDADANOS ITALIANOS EN EL EXTERIOR Y OPCI\u00d3N PARA VOTAR EN ITALIA Con decreto del Presidente de la Rep\u00fablica del 13\/01\/2026, publicado en el Bolet\u00edn Oficial del 14\/01\/2026, se ha fijado para los d\u00edas 22 y 23 MARZO 2026 la fecha del refer\u00e9ndum ex art. 138 de la Constituci\u00f3n para la [&hellip;]","protected":false},"author":5,"featured_media":11293,"parent":505,"menu_order":0,"comment_status":"closed","ping_status":"closed","template":"","meta":{"footnotes":""},"class_list":["post-11294","page","type-page","status-publish","has-post-thumbnail","hentry"],"_links":{"self":[{"href":"https:\/\/ambsanjose.esteri.it\/es\/wp-json\/wp\/v2\/pages\/11294","targetHints":{"allow":["GET"]}}],"collection":[{"href":"https:\/\/ambsanjose.esteri.it\/es\/wp-json\/wp\/v2\/pages"}],"about":[{"href":"https:\/\/ambsanjose.esteri.it\/es\/wp-json\/wp\/v2\/types\/page"}],"author":[{"embeddable":true,"href":"https:\/\/ambsanjose.esteri.it\/es\/wp-json\/wp\/v2\/users\/5"}],"replies":[{"embeddable":true,"href":"https:\/\/ambsanjose.esteri.it\/es\/wp-json\/wp\/v2\/comments?post=11294"}],"version-history":[{"count":3,"href":"https:\/\/ambsanjose.esteri.it\/es\/wp-json\/wp\/v2\/pages\/11294\/revisions"}],"predecessor-version":[{"id":11303,"href":"https:\/\/ambsanjose.esteri.it\/es\/wp-json\/wp\/v2\/pages\/11294\/revisions\/11303"}],"up":[{"embeddable":true,"href":"https:\/\/ambsanjose.esteri.it\/es\/wp-json\/wp\/v2\/pages\/505"}],"wp:featuredmedia":[{"embeddable":true,"href":"https:\/\/ambsanjose.esteri.it\/es\/wp-json\/wp\/v2\/media\/11293"}],"wp:attachment":[{"href":"https:\/\/ambsanjose.esteri.it\/es\/wp-json\/wp\/v2\/media?parent=11294"}],"curies":[{"name":"wp","href":"https:\/\/api.w.org\/{rel}","templated":true}]}}