{"id":11795,"date":"2026-03-13T09:35:42","date_gmt":"2026-03-13T15:35:42","guid":{"rendered":"https:\/\/ambsanjose.esteri.it\/?page_id=11795"},"modified":"2026-03-14T11:10:17","modified_gmt":"2026-03-14T17:10:17","slug":"cesare-carlo-sacco","status":"publish","type":"page","link":"https:\/\/ambsanjose.esteri.it\/es\/italia-e-costa-rica\/diplomazia-culturale\/643-2\/cesare-carlo-sacco\/","title":{"rendered":"Cesare Carlo Sacco"},"content":{"rendered":"<p>La historia del c\u00f3nsul Cesare Carlo Sacco se sit\u00faa en el dram\u00e1tico contexto europeo de 1938, marcado por la expansi\u00f3n del nazismo y las persecuciones raciales contra los jud\u00edos. En ese per\u00edodo, muchos jud\u00edos alemanes y austriacos buscaban desesperadamente un pa\u00eds dispuesto a acogerlos para escapar de la violencia y la discriminaci\u00f3n. En este escenario, Sacco, c\u00f3nsul general de Costa Rica en G\u00e9nova, desempe\u00f1\u00f3 un papel decisivo y profundamente humanitario.<\/p>\n<p>Entre el 12 de octubre y el 25 de noviembre de 1938, gracias a su iniciativa, treinta y ocho jud\u00edos lograron obtener la visa para ingresar a Costa Rica, oficialmente como \u00abturistas\u00bb. Entre ellos hab\u00eda hombres, mujeres y ni\u00f1os, pertenecientes a diferentes familias perseguidas por el r\u00e9gimen nazi. Sacco concedi\u00f3 los visados a pesar de no haber instrucciones precisas que prohibieran tales pr\u00e1cticas, permitiendo as\u00ed que estas personas se salvaran y comenzaran una nueva vida lejos de Europa. Emblem\u00e1tico es el caso de la familia Piszk, que lleg\u00f3 a Costa Rica casi por casualidad, confiando en la disponibilidad y el coraje del c\u00f3nsul.<\/p>\n<p>Esta acci\u00f3n adquiere un valor a\u00fan m\u00e1s significativo si se considera que, en el mismo per\u00edodo, los visados se conced\u00edan con extrema rareza y que pocos funcionarios diplom\u00e1ticos se atrev\u00edan a actuar de manera tan solidaria. Sin embargo, a finales de 1938, el env\u00edo de la Circular 667 por parte de las autoridades costarricenses puso fin a estas concesiones, prohibiendo la expedici\u00f3n de visados a personas de origen jud\u00edo. Sacco se ajust\u00f3 formalmente a las nuevas directivas, pero su labor ya estaba cumplida.<\/p>\n<p>Su historia representa una \u00abpeque\u00f1a gran historia\u00bb: peque\u00f1a en n\u00fameros, pero enorme en significado moral, porque demuestra c\u00f3mo el valor y la humanidad de un solo individuo pueden marcar la diferencia y salvar vidas inocentes.<\/p>\n","protected":false},"excerpt":{"rendered":"La historia del c\u00f3nsul Cesare Carlo Sacco se sit\u00faa en el dram\u00e1tico contexto europeo de 1938, marcado por la expansi\u00f3n del nazismo y las persecuciones raciales contra los jud\u00edos. En ese per\u00edodo, muchos jud\u00edos alemanes y austriacos buscaban desesperadamente un pa\u00eds dispuesto a acogerlos para escapar de la violencia y la discriminaci\u00f3n. En este escenario, [&hellip;]","protected":false},"author":5,"featured_media":0,"parent":643,"menu_order":0,"comment_status":"closed","ping_status":"closed","template":"","meta":{"footnotes":""},"class_list":["post-11795","page","type-page","status-publish","hentry"],"_links":{"self":[{"href":"https:\/\/ambsanjose.esteri.it\/es\/wp-json\/wp\/v2\/pages\/11795","targetHints":{"allow":["GET"]}}],"collection":[{"href":"https:\/\/ambsanjose.esteri.it\/es\/wp-json\/wp\/v2\/pages"}],"about":[{"href":"https:\/\/ambsanjose.esteri.it\/es\/wp-json\/wp\/v2\/types\/page"}],"author":[{"embeddable":true,"href":"https:\/\/ambsanjose.esteri.it\/es\/wp-json\/wp\/v2\/users\/5"}],"replies":[{"embeddable":true,"href":"https:\/\/ambsanjose.esteri.it\/es\/wp-json\/wp\/v2\/comments?post=11795"}],"version-history":[{"count":1,"href":"https:\/\/ambsanjose.esteri.it\/es\/wp-json\/wp\/v2\/pages\/11795\/revisions"}],"predecessor-version":[{"id":11798,"href":"https:\/\/ambsanjose.esteri.it\/es\/wp-json\/wp\/v2\/pages\/11795\/revisions\/11798"}],"up":[{"embeddable":true,"href":"https:\/\/ambsanjose.esteri.it\/es\/wp-json\/wp\/v2\/pages\/643"}],"wp:attachment":[{"href":"https:\/\/ambsanjose.esteri.it\/es\/wp-json\/wp\/v2\/media?parent=11795"}],"curies":[{"name":"wp","href":"https:\/\/api.w.org\/{rel}","templated":true}]}}