{"id":11908,"date":"2026-03-21T10:02:42","date_gmt":"2026-03-21T16:02:42","guid":{"rendered":"https:\/\/ambsanjose.esteri.it\/?page_id=11908"},"modified":"2026-03-25T08:48:30","modified_gmt":"2026-03-25T14:48:30","slug":"diplomacia-del-crecimiento-economico-destino-costa-rica","status":"publish","type":"page","link":"https:\/\/ambsanjose.esteri.it\/es\/italia-e-costa-rica\/diplomazia-economica\/fare-affari-in-costa-rica\/diplomacia-del-crecimiento-economico-destino-costa-rica\/","title":{"rendered":"Diplomacia del crecimiento economico: destino Costa Rica"},"content":{"rendered":"<p>Ya est\u00e1 disponible la edici\u00f3n 2026 de la gu\u00eda \u00ab<a href=\"https:\/\/ambsanjose.esteri.it\/wp-content\/uploads\/2026\/03\/Destinazione-Italia-rev-2.pdf\"><strong>Diplomacia del crecimiento economico: destino Costa Rica<\/strong><\/a>\u00bb.<\/p>\n<p>Se trata de una herramienta dise\u00f1ada para los operadores italianos que deseen explorar las\u00a0<strong>oportunidades de inversi\u00f3n y exportaci\u00f3n<\/strong>\u00a0en este pa\u00eds centroamericano.<\/p>\n<p>Costa Rica, con su estabilidad pol\u00edtica, una econom\u00eda diversificada y un entorno favorable a las inversiones, representa uno de los destinos m\u00e1s atractivos de Am\u00e9rica Central. Desde hace tiempo es un referente en innovaci\u00f3n y sostenibilidad, con un fuerte compromiso con la protecci\u00f3n del medio ambiente y el desarrollo de tecnolog\u00edas verdes.<\/p>\n<p>La gu\u00eda que presentamos ofrece informaci\u00f3n sobre la normativa local, el panorama econ\u00f3mico, las oportunidades sectoriales y las pr\u00e1cticas comerciales del pa\u00eds. Est\u00e1 dise\u00f1ada para ayudar a los empresarios italianos a comprender mejor el mercado costarricense y a desenvolverse en el panorama local con confianza.<\/p>\n<p>A una primera parte dedicada a la descripci\u00f3n de las principales caracter\u00edsticas de la econom\u00eda y la sociedad de Costa Rica le sigue un cap\u00edtulo dedicado al panorama macroecon\u00f3mico y a los principales puntos fuertes y d\u00e9biles del pa\u00eds. A continuaci\u00f3n, hay una secci\u00f3n sobre las relaciones econ\u00f3micas bilaterales entre Costa Rica e Italia, y cap\u00edtulos dedicados a c\u00f3mo exportar a Costa Rica y c\u00f3mo abrir una empresa en el pa\u00eds. Por \u00faltimo, se incluye una descripci\u00f3n detallada del r\u00e9gimen de zonas francas, uno de los puntos fuertes del sistema econ\u00f3mico costarricense.<\/p>\n<p>La nueva Gu\u00eda completa e integra las gu\u00edas en l\u00ednea que la Embajada pone a disposici\u00f3n desde hace tiempo de los operadores econ\u00f3micos e inversores italianos, en forma de libro electr\u00f3nico, sobre los sectores m\u00e1s din\u00e1micos de la econom\u00eda de Costa Rica. En la p\u00e1gina\u00a0<a href=\"https:\/\/ambsanjose.esteri.it\/it\/italia-e-costa-rica\/diplomazia-economica\/fare-affari-in-costa-rica\/e-book\/\">https:\/\/ambsanjose.esteri.it\/it\/italia-e-costa-rica\/diplomazia-economica\/fare-affari-in-costa-rica\/e-book\/<\/a>\u00a0se encuentra la lista de gu\u00edas publicadas a partir de 2022.<\/p>\n<p>Las gu\u00edas ofrecen una visi\u00f3n general de cada\u00a0<strong>sector productivo<\/strong>\u00a0y brindan informaci\u00f3n sobre las oportunidades de exportaci\u00f3n e inversi\u00f3n en Costa Rica. Los libros electr\u00f3nicos son una herramienta de consulta, pero tambi\u00e9n un punto de partida para comprender cada mercado, sus caracter\u00edsticas y sus puntos cr\u00edticos: un apoyo operativo, \u00fatil para planificar acciones de marketing y distribuci\u00f3n internacional.<\/p>\n<p>&nbsp;<\/p>\n<p><a href=\"https:\/\/ambsanjose.esteri.it\/wp-content\/uploads\/2026\/03\/Destinazione-Italia-rev-2.pdf\"><img loading=\"lazy\" decoding=\"async\" class=\"alignleft wp-image-11875 img-fluid\" src=\"https:\/\/ambsanjose.esteri.it\/wp-content\/uploads\/2026\/03\/Captura-de-pantalla-2026-03-21-094257-216x300.png\" alt=\"\" width=\"336\" height=\"467\" srcset=\"https:\/\/ambsanjose.esteri.it\/wp-content\/uploads\/2026\/03\/Captura-de-pantalla-2026-03-21-094257-216x300.png 216w, https:\/\/ambsanjose.esteri.it\/wp-content\/uploads\/2026\/03\/Captura-de-pantalla-2026-03-21-094257.png 464w\" sizes=\"auto, (max-width: 336px) 100vw, 336px\" \/><\/a><\/p>\n","protected":false},"excerpt":{"rendered":"Ya est\u00e1 disponible la edici\u00f3n 2026 de la gu\u00eda \u00abDiplomacia del crecimiento economico: destino Costa Rica\u00bb. Se trata de una herramienta dise\u00f1ada para los operadores italianos que deseen explorar las\u00a0oportunidades de inversi\u00f3n y exportaci\u00f3n\u00a0en este pa\u00eds centroamericano. Costa Rica, con su estabilidad pol\u00edtica, una econom\u00eda diversificada y un entorno favorable a las inversiones, representa uno [&hellip;]","protected":false},"author":5,"featured_media":11875,"parent":169,"menu_order":0,"comment_status":"closed","ping_status":"closed","template":"","meta":{"footnotes":""},"class_list":["post-11908","page","type-page","status-publish","has-post-thumbnail","hentry"],"_links":{"self":[{"href":"https:\/\/ambsanjose.esteri.it\/es\/wp-json\/wp\/v2\/pages\/11908","targetHints":{"allow":["GET"]}}],"collection":[{"href":"https:\/\/ambsanjose.esteri.it\/es\/wp-json\/wp\/v2\/pages"}],"about":[{"href":"https:\/\/ambsanjose.esteri.it\/es\/wp-json\/wp\/v2\/types\/page"}],"author":[{"embeddable":true,"href":"https:\/\/ambsanjose.esteri.it\/es\/wp-json\/wp\/v2\/users\/5"}],"replies":[{"embeddable":true,"href":"https:\/\/ambsanjose.esteri.it\/es\/wp-json\/wp\/v2\/comments?post=11908"}],"version-history":[{"count":2,"href":"https:\/\/ambsanjose.esteri.it\/es\/wp-json\/wp\/v2\/pages\/11908\/revisions"}],"predecessor-version":[{"id":11930,"href":"https:\/\/ambsanjose.esteri.it\/es\/wp-json\/wp\/v2\/pages\/11908\/revisions\/11930"}],"up":[{"embeddable":true,"href":"https:\/\/ambsanjose.esteri.it\/es\/wp-json\/wp\/v2\/pages\/169"}],"wp:featuredmedia":[{"embeddable":true,"href":"https:\/\/ambsanjose.esteri.it\/es\/wp-json\/wp\/v2\/media\/11875"}],"wp:attachment":[{"href":"https:\/\/ambsanjose.esteri.it\/es\/wp-json\/wp\/v2\/media?parent=11908"}],"curies":[{"name":"wp","href":"https:\/\/api.w.org\/{rel}","templated":true}]}}