{"id":1305,"date":"2023-11-10T11:50:59","date_gmt":"2023-11-10T17:50:59","guid":{"rendered":"https:\/\/ambsanjose.esteri.it\/?page_id=1305"},"modified":"2024-12-10T10:48:46","modified_gmt":"2024-12-10T16:48:46","slug":"libros-electronicos","status":"publish","type":"page","link":"https:\/\/ambsanjose.esteri.it\/es\/italia-e-costa-rica\/diplomazia-economica\/fare-affari-in-costa-rica\/libros-electronicos\/","title":{"rendered":"Estudios de mercado. E-book"},"content":{"rendered":"<p>La Embajada de Italia en Costa Rica pone a disposici\u00f3n de los operadores econ\u00f3micos e inversores italianos gu\u00edas en l\u00ednea, en forma de <strong>libros electr\u00f3nicos<\/strong>, sobre los sectores m\u00e1s din\u00e1micos de la econom\u00eda del pa\u00eds.<\/p>\n<p>Disponibles de forma gratuita y en italiano, las gu\u00edas ofrecen un marco de orientaci\u00f3n sobre sectores productivos espec\u00edficos y brindan informaci\u00f3n sobre las oportunidades que ofrecen las empresas costarricenses interesadas en el mercado italiano y sobre oportunidades de inversi\u00f3n en Costa Rica. Est\u00e1n orientadas a apoyar la colaboraci\u00f3n econ\u00f3mica entre Italia y Costa Rica y respaldar las exportaciones italianas a los pa\u00edses centroamericanos.<\/p>\n<p>Los libros electr\u00f3nicos son una <strong>herramienta de consulta<\/strong>, pero tambi\u00e9n un punto de partida para comprender el mercado, sus caracter\u00edsticas y cuestiones cr\u00edticas: un soporte operativo, \u00fatil para planificar acciones de marketing y entrega internacionales.<\/p>\n<p>Para m\u00e1s informaci\u00f3n y detalles:\u00a0commerciale.sanjose@esteri.it.<\/p>\n<p>&nbsp;<\/p>\n<p><a href=\"https:\/\/ambsanjose.esteri.it\/wp-content\/uploads\/2023\/10\/zone_franche.jpg\"><img loading=\"lazy\" decoding=\"async\" class=\"alignnone size-medium wp-image-309 img-fluid\" src=\"https:\/\/ambsanjose.esteri.it\/wp-content\/uploads\/2023\/10\/zone_franche-300x285.jpg\" alt=\"\" width=\"300\" height=\"285\" srcset=\"https:\/\/ambsanjose.esteri.it\/wp-content\/uploads\/2023\/10\/zone_franche-300x285.jpg 300w, https:\/\/ambsanjose.esteri.it\/wp-content\/uploads\/2023\/10\/zone_franche-768x729.jpg 768w, https:\/\/ambsanjose.esteri.it\/wp-content\/uploads\/2023\/10\/zone_franche.jpg 957w\" sizes=\"auto, (max-width: 300px) 100vw, 300px\" \/><\/a>\u00a0 \u00a0 \u00a0 \u00a0 <a href=\"https:\/\/ambsanjose.esteri.it\/wp-content\/uploads\/2023\/11\/Il_settore_legno_e_derivati_in_Costa_Rica_ebook_2023-FINALE.pdf\"><img loading=\"lazy\" decoding=\"async\" class=\"alignnone size-medium wp-image-308 img-fluid\" src=\"https:\/\/ambsanjose.esteri.it\/wp-content\/uploads\/2023\/10\/legno-300x300.jpg\" alt=\"\" width=\"300\" height=\"300\" srcset=\"https:\/\/ambsanjose.esteri.it\/wp-content\/uploads\/2023\/10\/legno-300x300.jpg 300w, https:\/\/ambsanjose.esteri.it\/wp-content\/uploads\/2023\/10\/legno-150x150.jpg 150w, https:\/\/ambsanjose.esteri.it\/wp-content\/uploads\/2023\/10\/legno.jpg 682w\" sizes=\"auto, (max-width: 300px) 100vw, 300px\" \/><\/a><\/p>\n<p><a href=\"https:\/\/ambsanjose.esteri.it\/wp-content\/uploads\/2024\/12\/Il_settore_farmaceutico_in_Costa_Rica_ebook_2024.pdf\"><img loading=\"lazy\" decoding=\"async\" class=\"alignnone size-medium wp-image-307 img-fluid\" src=\"https:\/\/ambsanjose.esteri.it\/wp-content\/uploads\/2023\/10\/e_book-dispositivi-medici-298x300.jpg\" alt=\"\" width=\"298\" height=\"300\" srcset=\"https:\/\/ambsanjose.esteri.it\/wp-content\/uploads\/2023\/10\/e_book-dispositivi-medici-298x300.jpg 298w, https:\/\/ambsanjose.esteri.it\/wp-content\/uploads\/2023\/10\/e_book-dispositivi-medici-150x150.jpg 150w, https:\/\/ambsanjose.esteri.it\/wp-content\/uploads\/2023\/10\/e_book-dispositivi-medici.jpg 747w\" sizes=\"auto, (max-width: 298px) 100vw, 298px\" \/><\/a>\u00a0 \u00a0 <a href=\"https:\/\/ambsanjose.esteri.it\/wp-content\/uploads\/2024\/05\/Avviare_una_attivita_prof_in_Costa_Rica_ebook_2024_compressed.pdf\"><img loading=\"lazy\" decoding=\"async\" class=\"alignleft size-medium wp-image-4350 img-fluid\" src=\"https:\/\/ambsanjose.esteri.it\/wp-content\/uploads\/2024\/05\/Cominciare-attivita-professionale-295x300.jpg\" alt=\"\" width=\"295\" height=\"300\" srcset=\"https:\/\/ambsanjose.esteri.it\/wp-content\/uploads\/2024\/05\/Cominciare-attivita-professionale-295x300.jpg 295w, https:\/\/ambsanjose.esteri.it\/wp-content\/uploads\/2024\/05\/Cominciare-attivita-professionale-768x780.jpg 768w, https:\/\/ambsanjose.esteri.it\/wp-content\/uploads\/2024\/05\/Cominciare-attivita-professionale.jpg 834w\" sizes=\"auto, (max-width: 295px) 100vw, 295px\" \/><\/a><\/p>\n<p><a href=\"https:\/\/ambsanjose.esteri.it\/wp-content\/uploads\/2024\/01\/Esportare_in_Costa_Rica_ebook_2024.pdf\"><img loading=\"lazy\" decoding=\"async\" class=\"alignleft size-medium wp-image-3103 img-fluid\" src=\"https:\/\/ambsanjose.esteri.it\/wp-content\/uploads\/2024\/01\/Esportare-in-Costa-Rica-297x300.jpg\" alt=\"\" width=\"297\" height=\"300\" srcset=\"https:\/\/ambsanjose.esteri.it\/wp-content\/uploads\/2024\/01\/Esportare-in-Costa-Rica-297x300.jpg 297w, https:\/\/ambsanjose.esteri.it\/wp-content\/uploads\/2024\/01\/Esportare-in-Costa-Rica-768x775.jpg 768w, https:\/\/ambsanjose.esteri.it\/wp-content\/uploads\/2024\/01\/Esportare-in-Costa-Rica.jpg 788w\" sizes=\"auto, (max-width: 297px) 100vw, 297px\" \/><\/a><\/p>\n<p><a href=\"https:\/\/ambsanjose.esteri.it\/wp-content\/uploads\/2023\/11\/Settori_alimentare_e_agricolo_in_Costa_Rica_ebook_2023.pdf\"><img loading=\"lazy\" decoding=\"async\" class=\"alignnone size-medium wp-image-306 img-fluid\" src=\"https:\/\/ambsanjose.esteri.it\/wp-content\/uploads\/2023\/10\/agricoltura-296x300.jpg\" alt=\"I settori agricolo e alimentare in CR\" width=\"296\" height=\"300\" srcset=\"https:\/\/ambsanjose.esteri.it\/wp-content\/uploads\/2023\/10\/agricoltura-296x300.jpg 296w, https:\/\/ambsanjose.esteri.it\/wp-content\/uploads\/2023\/10\/agricoltura-1010x1024.jpg 1010w, https:\/\/ambsanjose.esteri.it\/wp-content\/uploads\/2023\/10\/agricoltura-768x779.jpg 768w, https:\/\/ambsanjose.esteri.it\/wp-content\/uploads\/2023\/10\/agricoltura.jpg 1139w\" sizes=\"auto, (max-width: 296px) 100vw, 296px\" \/><\/a><\/p>\n<p><a href=\"https:\/\/ambsanjose.esteri.it\/wp-content\/uploads\/2024\/05\/Avviare_una_attivita_prof_in_Costa_Rica_ebook_2024-1-corretto_compressed.pdf\"><img loading=\"lazy\" decoding=\"async\" class=\"alignleft size-medium wp-image-3190 img-fluid\" src=\"https:\/\/ambsanjose.esteri.it\/wp-content\/uploads\/2024\/01\/Attivita-in-CR-300x300.jpg\" alt=\"\" width=\"300\" height=\"300\" srcset=\"https:\/\/ambsanjose.esteri.it\/wp-content\/uploads\/2024\/01\/Attivita-in-CR-300x300.jpg 300w, https:\/\/ambsanjose.esteri.it\/wp-content\/uploads\/2024\/01\/Attivita-in-CR-150x150.jpg 150w, https:\/\/ambsanjose.esteri.it\/wp-content\/uploads\/2024\/01\/Attivita-in-CR-768x766.jpg 768w, https:\/\/ambsanjose.esteri.it\/wp-content\/uploads\/2024\/01\/Attivita-in-CR.jpg 960w\" sizes=\"auto, (max-width: 300px) 100vw, 300px\" \/><\/a><\/p>\n","protected":false},"excerpt":{"rendered":"La Embajada de Italia en Costa Rica pone a disposici\u00f3n de los operadores econ\u00f3micos e inversores italianos gu\u00edas en l\u00ednea, en forma de libros electr\u00f3nicos, sobre los sectores m\u00e1s din\u00e1micos de la econom\u00eda del pa\u00eds. Disponibles de forma gratuita y en italiano, las gu\u00edas ofrecen un marco de orientaci\u00f3n sobre sectores productivos espec\u00edficos y brindan [&hellip;]","protected":false},"author":5,"featured_media":0,"parent":169,"menu_order":10,"comment_status":"closed","ping_status":"closed","template":"","meta":{"footnotes":""},"class_list":["post-1305","page","type-page","status-publish","hentry"],"_links":{"self":[{"href":"https:\/\/ambsanjose.esteri.it\/es\/wp-json\/wp\/v2\/pages\/1305","targetHints":{"allow":["GET"]}}],"collection":[{"href":"https:\/\/ambsanjose.esteri.it\/es\/wp-json\/wp\/v2\/pages"}],"about":[{"href":"https:\/\/ambsanjose.esteri.it\/es\/wp-json\/wp\/v2\/types\/page"}],"author":[{"embeddable":true,"href":"https:\/\/ambsanjose.esteri.it\/es\/wp-json\/wp\/v2\/users\/5"}],"replies":[{"embeddable":true,"href":"https:\/\/ambsanjose.esteri.it\/es\/wp-json\/wp\/v2\/comments?post=1305"}],"version-history":[{"count":7,"href":"https:\/\/ambsanjose.esteri.it\/es\/wp-json\/wp\/v2\/pages\/1305\/revisions"}],"predecessor-version":[{"id":6986,"href":"https:\/\/ambsanjose.esteri.it\/es\/wp-json\/wp\/v2\/pages\/1305\/revisions\/6986"}],"up":[{"embeddable":true,"href":"https:\/\/ambsanjose.esteri.it\/es\/wp-json\/wp\/v2\/pages\/169"}],"wp:attachment":[{"href":"https:\/\/ambsanjose.esteri.it\/es\/wp-json\/wp\/v2\/media?parent=1305"}],"curies":[{"name":"wp","href":"https:\/\/api.w.org\/{rel}","templated":true}]}}