{"id":150,"date":"2023-04-11T17:07:36","date_gmt":"2023-04-11T23:07:36","guid":{"rendered":"https:\/\/ambsanjose.esteri.it\/chi-siamo\/"},"modified":"2026-01-13T08:09:51","modified_gmt":"2026-01-13T14:09:51","slug":"chi-siamo","status":"publish","type":"page","link":"https:\/\/ambsanjose.esteri.it\/es\/chi-siamo\/","title":{"rendered":"Quienes somos"},"content":{"rendered":"<h1>Qui\u00e9nes somos<\/h1>\n<div class=\"sr-only\"><img loading=\"lazy\" decoding=\"async\" class=\"size-full wp-image-299 img-fluid alignright\" src=\"https:\/\/ambsanjose.esteri.it\/wp-content\/uploads\/2023\/10\/stemma-1.jpg\" alt=\"\" width=\"260\" height=\"194\" \/><\/div>\n<div class=\"sr-only\">\n<p>El Jefe de la Misi\u00f3n es el Embajador Alberto Colella.<\/p>\n<p>Las funciones de la Embajada de Italia en San Jos\u00e9 son, entre otras, las siguientes:<\/p>\n<\/div>\n<div>\n<ul>\n<li>representar a Italia en la Rep\u00fablica de Costa Rica;<\/li>\n<li>velar por los intereses de Italia y de sus ciudadanos, dentro de los l\u00edmites permitidos por el Derecho internacional;<\/li>\n<li>negociar, en los casos previstos, con el Gobierno de Costa Rica;<\/li>\n<li>informarse de las condiciones y evoluci\u00f3n de los acontecimientos en Costa Rica e informar al Gobierno italiano;<\/li>\n<li>promover las relaciones amistosas y desarrollar las relaciones econ\u00f3micas, sociales, culturales y cient\u00edficas entre Italia y Costa Rica.<\/li>\n<\/ul>\n<p>A trav\u00e9s de su Canciller\u00eda Consular, la Embajada tambi\u00e9n presta servicios a ciudadanos italianos y extranjeros residentes.<\/p>\n<\/div>\n<p>&nbsp;<\/p>\n<h4>Conozca la Embajada y nuestro trabajo a trav\u00e9s del siguiente v\u00eddeo \u2b07\u2b07 .<\/h4>\n","protected":false},"excerpt":{"rendered":"Qui\u00e9nes somos El Jefe de la Misi\u00f3n es el Embajador Alberto Colella. Las funciones de la Embajada de Italia en San Jos\u00e9 son, entre otras, las siguientes: representar a Italia en la Rep\u00fablica de Costa Rica; velar por los intereses de Italia y de sus ciudadanos, dentro de los l\u00edmites permitidos por el Derecho internacional; [&hellip;]","protected":false},"author":1,"featured_media":0,"parent":0,"menu_order":2,"comment_status":"closed","ping_status":"closed","template":"","meta":{"footnotes":""},"class_list":["post-150","page","type-page","status-publish","hentry"],"_links":{"self":[{"href":"https:\/\/ambsanjose.esteri.it\/es\/wp-json\/wp\/v2\/pages\/150","targetHints":{"allow":["GET"]}}],"collection":[{"href":"https:\/\/ambsanjose.esteri.it\/es\/wp-json\/wp\/v2\/pages"}],"about":[{"href":"https:\/\/ambsanjose.esteri.it\/es\/wp-json\/wp\/v2\/types\/page"}],"author":[{"embeddable":true,"href":"https:\/\/ambsanjose.esteri.it\/es\/wp-json\/wp\/v2\/users\/1"}],"replies":[{"embeddable":true,"href":"https:\/\/ambsanjose.esteri.it\/es\/wp-json\/wp\/v2\/comments?post=150"}],"version-history":[{"count":6,"href":"https:\/\/ambsanjose.esteri.it\/es\/wp-json\/wp\/v2\/pages\/150\/revisions"}],"predecessor-version":[{"id":11152,"href":"https:\/\/ambsanjose.esteri.it\/es\/wp-json\/wp\/v2\/pages\/150\/revisions\/11152"}],"wp:attachment":[{"href":"https:\/\/ambsanjose.esteri.it\/es\/wp-json\/wp\/v2\/media?parent=150"}],"curies":[{"name":"wp","href":"https:\/\/api.w.org\/{rel}","templated":true}]}}