{"id":151,"date":"2023-04-11T17:53:01","date_gmt":"2023-04-11T23:53:01","guid":{"rendered":"https:\/\/ambsanjose.esteri.it\/chi-siamo\/lambasciatore\/"},"modified":"2025-05-28T06:10:03","modified_gmt":"2025-05-28T12:10:03","slug":"lambasciatore","status":"publish","type":"page","link":"https:\/\/ambsanjose.esteri.it\/es\/chi-siamo\/lambasciatore\/","title":{"rendered":"El embajador"},"content":{"rendered":"<p><img loading=\"lazy\" decoding=\"async\" class=\"alignleft size-medium wp-image-273 img-fluid\" src=\"https:\/\/ambsanjose.esteri.it\/wp-content\/uploads\/2023\/10\/foto_ambasciatore_costa_rica-300x300.png\" alt=\"Foto dell'Ambasciatore\" width=\"300\" height=\"300\" srcset=\"https:\/\/ambsanjose.esteri.it\/wp-content\/uploads\/2023\/10\/foto_ambasciatore_costa_rica-300x300.png 300w, https:\/\/ambsanjose.esteri.it\/wp-content\/uploads\/2023\/10\/foto_ambasciatore_costa_rica-1024x1024.png 1024w, https:\/\/ambsanjose.esteri.it\/wp-content\/uploads\/2023\/10\/foto_ambasciatore_costa_rica-150x150.png 150w, https:\/\/ambsanjose.esteri.it\/wp-content\/uploads\/2023\/10\/foto_ambasciatore_costa_rica-768x768.png 768w, https:\/\/ambsanjose.esteri.it\/wp-content\/uploads\/2023\/10\/foto_ambasciatore_costa_rica.png 1140w\" sizes=\"auto, (max-width: 300px) 100vw, 300px\" \/>Alberto Colella naci\u00f3 en N\u00e1poles el 7 de abril de 1962.<\/p>\n<p>Se licenci\u00f3 en Derecho por la Universidad de N\u00e1poles y se especializ\u00f3 en Derecho Internacional.<\/p>\n<p>Es diplom\u00e1tico de carrera en el Ministerio de Asuntos Exteriores italiano desde 1986.<\/p>\n<p>Alberto Colella fue embajador en Oslo (con acreditaci\u00f3n en Noruega e Islandia) de 2018 a 2022, c\u00f3nsul en Belo Horizonte (Brasil) y Ginebra (Suiza), y trabaj\u00f3 en la Embajada de Italia en Brasilia y en la Representaci\u00f3n Permanente de Italia ante las Naciones Unidas en Nueva York.<\/p>\n<p>En Roma, en el Ministerio de Asuntos Exteriores, fue responsable de asuntos jur\u00eddicos (1986-1990) y de asuntos consulares (1998-1999). De 2012 a 2018 fue responsable de la Unidad de Visados.<\/p>\n<p>Casado desde 1989 con Maria Rosaria Gallo, tiene cinco hijos.<\/p>\n<p>Entre sus pasatiempos destacan la lectura, la historia altomedieval y el deporte.<\/p>\n","protected":false},"excerpt":{"rendered":"Alberto Colella naci\u00f3 en N\u00e1poles el 7 de abril de 1962. Se licenci\u00f3 en Derecho por la Universidad de N\u00e1poles y se especializ\u00f3 en Derecho Internacional. Es diplom\u00e1tico de carrera en el Ministerio de Asuntos Exteriores italiano desde 1986. Alberto Colella fue embajador en Oslo (con acreditaci\u00f3n en Noruega e Islandia) de 2018 a 2022, [&hellip;]","protected":false},"author":1,"featured_media":273,"parent":150,"menu_order":0,"comment_status":"closed","ping_status":"closed","template":"","meta":{"footnotes":""},"class_list":["post-151","page","type-page","status-publish","has-post-thumbnail","hentry"],"_links":{"self":[{"href":"https:\/\/ambsanjose.esteri.it\/es\/wp-json\/wp\/v2\/pages\/151","targetHints":{"allow":["GET"]}}],"collection":[{"href":"https:\/\/ambsanjose.esteri.it\/es\/wp-json\/wp\/v2\/pages"}],"about":[{"href":"https:\/\/ambsanjose.esteri.it\/es\/wp-json\/wp\/v2\/types\/page"}],"author":[{"embeddable":true,"href":"https:\/\/ambsanjose.esteri.it\/es\/wp-json\/wp\/v2\/users\/1"}],"replies":[{"embeddable":true,"href":"https:\/\/ambsanjose.esteri.it\/es\/wp-json\/wp\/v2\/comments?post=151"}],"version-history":[{"count":4,"href":"https:\/\/ambsanjose.esteri.it\/es\/wp-json\/wp\/v2\/pages\/151\/revisions"}],"predecessor-version":[{"id":4949,"href":"https:\/\/ambsanjose.esteri.it\/es\/wp-json\/wp\/v2\/pages\/151\/revisions\/4949"}],"up":[{"embeddable":true,"href":"https:\/\/ambsanjose.esteri.it\/es\/wp-json\/wp\/v2\/pages\/150"}],"wp:featuredmedia":[{"embeddable":true,"href":"https:\/\/ambsanjose.esteri.it\/es\/wp-json\/wp\/v2\/media\/273"}],"wp:attachment":[{"href":"https:\/\/ambsanjose.esteri.it\/es\/wp-json\/wp\/v2\/media?parent=151"}],"curies":[{"name":"wp","href":"https:\/\/api.w.org\/{rel}","templated":true}]}}