{"id":152,"date":"2023-04-11T17:55:33","date_gmt":"2023-04-11T23:55:33","guid":{"rendered":"https:\/\/ambsanjose.esteri.it\/chi-siamo\/la-sede\/"},"modified":"2025-05-03T18:14:15","modified_gmt":"2025-05-04T00:14:15","slug":"la-sede","status":"publish","type":"page","link":"https:\/\/ambsanjose.esteri.it\/es\/chi-siamo\/la-sede\/","title":{"rendered":"Sede"},"content":{"rendered":"<figure id=\"attachment_8506\" aria-describedby=\"caption-attachment-8506\" style=\"width: 300px\" class=\"wp-caption alignleft\"><img loading=\"lazy\" decoding=\"async\" class=\"size-medium wp-image-8506 img-fluid\" src=\"https:\/\/ambsanjose.esteri.it\/wp-content\/uploads\/2025\/04\/1745186844894-300x300.jpg\" alt=\"\" width=\"300\" height=\"300\" srcset=\"https:\/\/ambsanjose.esteri.it\/wp-content\/uploads\/2025\/04\/1745186844894-300x300.jpg 300w, https:\/\/ambsanjose.esteri.it\/wp-content\/uploads\/2025\/04\/1745186844894-150x150.jpg 150w, https:\/\/ambsanjose.esteri.it\/wp-content\/uploads\/2025\/04\/1745186844894-768x768.jpg 768w, https:\/\/ambsanjose.esteri.it\/wp-content\/uploads\/2025\/04\/1745186844894.jpg 1024w\" sizes=\"auto, (max-width: 300px) 100vw, 300px\" \/><figcaption id=\"caption-attachment-8506\" class=\"wp-caption-text\">Ambasciata d&#8217;Italia in Costa Rica<\/figcaption><\/figure>\n<p><strong>La Embajada de Italia en San Jos\u00e9<\/strong><\/p>\n<p><strong>Direcci\u00f3n<\/strong>: 5\u00aa entrada del Barrio Los Yoses-Casa blanca esq. 2 pisos.<\/p>\n<p>Apartado postal: 1729-1000 SAN JOS\u00c9<\/p>\n<p>Tel\u00e9fono: +506 2224-6574 \/ 2224-1082 \/ 2224-6467<\/p>\n<p><strong>correo electr\u00f3nico<\/strong>: ambasciata.sanjose@esteri.it<\/p>\n<p><strong>PEC<\/strong>:<span style=\"text-decoration: underline;\"> amb.sanjosecostarica@cert.esteri.it<\/span> (direcci\u00f3n habilitada solo para recibir correo electr\u00f3nico certificado &#8211; PEC)<\/p>\n<p>Conozca la Embajada y nuestro trabajo a trav\u00e9s de este v\u00eddeo:<\/p>\n<p>&nbsp;<\/p>\n","protected":false},"excerpt":{"rendered":"La Embajada de Italia en San Jos\u00e9 Direcci\u00f3n: 5\u00aa entrada del Barrio Los Yoses-Casa blanca esq. 2 pisos. Apartado postal: 1729-1000 SAN JOS\u00c9 Tel\u00e9fono: +506 2224-6574 \/ 2224-1082 \/ 2224-6467 correo electr\u00f3nico: ambasciata.sanjose@esteri.it PEC: amb.sanjosecostarica@cert.esteri.it (direcci\u00f3n habilitada solo para recibir correo electr\u00f3nico certificado &#8211; PEC) Conozca la Embajada y nuestro trabajo a trav\u00e9s de este [&hellip;]","protected":false},"author":1,"featured_media":8506,"parent":150,"menu_order":2,"comment_status":"closed","ping_status":"closed","template":"","meta":{"footnotes":""},"class_list":["post-152","page","type-page","status-publish","has-post-thumbnail","hentry"],"_links":{"self":[{"href":"https:\/\/ambsanjose.esteri.it\/es\/wp-json\/wp\/v2\/pages\/152","targetHints":{"allow":["GET"]}}],"collection":[{"href":"https:\/\/ambsanjose.esteri.it\/es\/wp-json\/wp\/v2\/pages"}],"about":[{"href":"https:\/\/ambsanjose.esteri.it\/es\/wp-json\/wp\/v2\/types\/page"}],"author":[{"embeddable":true,"href":"https:\/\/ambsanjose.esteri.it\/es\/wp-json\/wp\/v2\/users\/1"}],"replies":[{"embeddable":true,"href":"https:\/\/ambsanjose.esteri.it\/es\/wp-json\/wp\/v2\/comments?post=152"}],"version-history":[{"count":3,"href":"https:\/\/ambsanjose.esteri.it\/es\/wp-json\/wp\/v2\/pages\/152\/revisions"}],"predecessor-version":[{"id":8509,"href":"https:\/\/ambsanjose.esteri.it\/es\/wp-json\/wp\/v2\/pages\/152\/revisions\/8509"}],"up":[{"embeddable":true,"href":"https:\/\/ambsanjose.esteri.it\/es\/wp-json\/wp\/v2\/pages\/150"}],"wp:featuredmedia":[{"embeddable":true,"href":"https:\/\/ambsanjose.esteri.it\/es\/wp-json\/wp\/v2\/media\/8506"}],"wp:attachment":[{"href":"https:\/\/ambsanjose.esteri.it\/es\/wp-json\/wp\/v2\/media?parent=152"}],"curies":[{"name":"wp","href":"https:\/\/api.w.org\/{rel}","templated":true}]}}