{"id":153,"date":"2023-09-25T15:18:30","date_gmt":"2023-09-25T21:18:30","guid":{"rendered":"https:\/\/ambsanjose.esteri.it\/chi-siamo\/contatti\/"},"modified":"2026-03-14T11:42:41","modified_gmt":"2026-03-14T17:42:41","slug":"contatti","status":"publish","type":"page","link":"https:\/\/ambsanjose.esteri.it\/es\/chi-siamo\/contatti\/","title":{"rendered":"Contactos"},"content":{"rendered":"<h2><strong><img loading=\"lazy\" decoding=\"async\" class=\"alignleft size-medium wp-image-283 img-fluid\" src=\"https:\/\/ambsanjose.esteri.it\/wp-content\/uploads\/2023\/10\/LOGO-maeci-ambasciata-italia-v-it-01-social-27-300x277.png\" alt=\"\" width=\"300\" height=\"277\" srcset=\"https:\/\/ambsanjose.esteri.it\/wp-content\/uploads\/2023\/10\/LOGO-maeci-ambasciata-italia-v-it-01-social-27-300x277.png 300w, https:\/\/ambsanjose.esteri.it\/wp-content\/uploads\/2023\/10\/LOGO-maeci-ambasciata-italia-v-it-01-social-27.png 736w\" sizes=\"auto, (max-width: 300px) 100vw, 300px\" \/><\/strong><\/h2>\n<h2><\/h2>\n<h2><strong>Las oficinas:<\/strong><\/h2>\n<p><strong>EMBAJADA DE ITALIA<\/strong><\/p>\n<p>5\u00aa Entrada del Barrio Los Yoses<\/p>\n<p>San Pedro de Montes de Oca \u2013 San Jos\u00e9 de Costa Rica<\/p>\n<p><strong>HORARIOS DE LA EMBAJADA<\/strong><\/p>\n<p>Las oficinas de la Embajada est\u00e1n abiertas de lunes a viernes de 9:00 a 15:30.<\/p>\n<p>Central telef\u00f3nico: +506 22246574 (activo de lunes a viernes de 9:00 a 15:00).<\/p>\n<p><strong><br \/>\nHORARIOS DE LA OFICINA CONSULAR<\/strong><\/p>\n<p>La Oficina Consular de la Embajada est\u00e1 abierta al p\u00fablico con cita previa de lunes a viernes (9:00 &#8211; 12:00). Las citas se deben solicitar a trav\u00e9s de la plataforma &#8220;PRENOT@MI&#8221;. Para informaci\u00f3n, contactar a la Canciller\u00eda Consular enviando un correo electr\u00f3nico a <a href=\"mailto:consolare.sanjose@esteri.it\">consolare.sanjose@esteri.it<\/a>.<\/p>\n<p><strong><br \/>\nCONTACTOS DE LA OFICINA CONSULAR<\/strong><\/p>\n<p>Tambi\u00e9n se puede contactar telef\u00f3nicamente la oficina consular a los siguientes n\u00fameros: de lunes a viernes de 10:00 a 12:00 (en italiano y en espa\u00f1ol) al n\u00famero +506 22246574.<br \/>\nCon el fin de mejorar el servicio, invitamos a los usuarios a seguir las siguientes sugerencias:<\/p>\n<ul>\n<li>Para informaci\u00f3n sobre los servicios consulares, antes de llamar, consulte la p\u00e1gina dedicada. Es preferible enviar un correo electr\u00f3nico a <a href=\"mailto:consolare.sanjose@esteri.it\">consolare.sanjose@esteri.it<\/a> en lugar de llamar.<\/li>\n<\/ul>\n<p><strong><br \/>\nN\u00daMEROS DE EMERGENCIA<\/strong><\/p>\n<p>Fuera del horario laboral, y solo para reportar situaciones de grave y comprobada emergencia que requieran intervenciones inmediatas y no diferibles (como: accidentes, arrestos, graves problemas m\u00e9dicos, calamidades naturales, serias situaciones familiares), est\u00e1 activo el siguiente n\u00famero de EMERGENCIA: +506 88286286.<\/p>\n<p><strong><br \/>\nEMISI\u00d3N DE ETD<\/strong><\/p>\n<p>En caso de robo o p\u00e9rdida de documentos, la Embajada puede emitir un <strong>documento provisional de viaje<\/strong> (ETD \u2013 Emergency Travel Document) v\u00e1lido exclusivamente para el regreso a Italia o al pa\u00eds de residencia. Para m\u00e1s informaci\u00f3n, consulte aqu\u00ed.<\/p>\n<p>Durante el fin de semana y en d\u00edas festivos, se podr\u00e1n emitir ETD solo en casos de comprobada emergencia (accidentes, arresto policial, graves problemas m\u00e9dicos, calamidades naturales, serias situaciones familiares).<\/p>\n<hr \/>\n<p><strong>CONTACTOS DE OTRAS OFICINAS<\/strong><\/p>\n<p>Jefe de Misi\u00f3n: Embajador Alberto COLELLA<\/p>\n<p>Tel. +506 22243021 Secretar\u00eda<br \/>\nCorreo electr\u00f3nico: <a href=\"mailto:segreteria.sanjose@esteri.it\">segreteria.sanjose@esteri.it<\/a><\/p>\n<p>Buz\u00f3n PEC: <a href=\"mailto:amb.sanjosecostarica@cert.esteri.it\">amb.sanjosecostarica@cert.esteri.it<\/a><\/p>\n<hr \/>\n<p><strong>OFICINA POL\u00cdTICA Y COMUNICACION<\/strong><\/p>\n<p>Embajador Alberto COLELLA<\/p>\n<p>La oficina pol\u00edtica y de medios:<\/p>\n<ul>\n<li>analiza y reporta sobre las posiciones costarricenses en relaci\u00f3n a los principales temas de actualidad internacional y sobre los desarrollos m\u00e1s significativos a nivel interno.<\/li>\n<li>presenta, explica y difunde las posiciones de Italia sobre cuestiones pol\u00edticas internacionales y europeas, as\u00ed como sobre las bilaterales italo-costarricenses.<\/li>\n<li>contribuye a la preparaci\u00f3n y gesti\u00f3n de visitas en Costa Rica de representantes del Gobierno y de personalidades pol\u00edticas.<\/li>\n<li>promueve relaciones de colaboraci\u00f3n con los interlocutores institucionales costarricenses, con otras Embajadas y con la Delegaci\u00f3n de la Uni\u00f3n Europea, as\u00ed como con centros de an\u00e1lisis e investigaci\u00f3n.<\/li>\n<li>comenta y explica las posiciones de Italia sobre cuestiones de pol\u00edtica internacional y europea.<\/li>\n<li>se encarga de la comunicaci\u00f3n externa de la Embajada y de las relaciones con los medios locales.<\/li>\n<li>monitorea las noticias de inter\u00e9s en los medios de comunicaci\u00f3n activos en Costa Rica.<\/li>\n<\/ul>\n<hr \/>\n<p><strong>OFICINA ECON\u00d3MICO-COMERCIAL<\/strong><\/p>\n<p>Jefe de Oficina: Dra. Roberta ABODI<br \/>\nCorreo electr\u00f3nico: <a href=\"mailto:commerciale.sanjose@esteri.it\">commerciale.sanjose@esteri.it<\/a><\/p>\n<p>Para solicitudes de asistencia a la secci\u00f3n econ\u00f3mico-comercial, haga clic aqu\u00ed.<\/p>\n<p>La oficina econ\u00f3mico-comercial:<\/p>\n<ul>\n<li>asegura la coordinaci\u00f3n institucional de las actividades econ\u00f3micas, comerciales y financieras italianas en Costa Rica.<\/li>\n<li>gestiona las relaciones con las autoridades costarricenses del sector econ\u00f3mico, con la Representaci\u00f3n de la Uni\u00f3n Europea, otras organizaciones internacionales econ\u00f3micas y financieras, y las instituciones bancarias.<\/li>\n<li>proporciona asistencia a delegaciones gubernamentales y misiones empresariales en visita a Costa Rica y prepara la documentaci\u00f3n necesaria.<\/li>\n<li>recopila, elabora y proporciona informaci\u00f3n sobre el contexto macroecon\u00f3mico de Costa Rica y sobre el estado de las relaciones econ\u00f3micas bilaterales; fomenta los intercambios econ\u00f3micos y las inversiones de empresas italianas en Costa Rica y de empresas costarricenses en Italia.<\/li>\n<li>realiza actividades de asistencia a empresas italianas en casos de contencioso.<\/li>\n<li>promueve los contactos entre empresas italianas y costarricenses, incluso organizando misiones en el territorio de Costa Rica.<\/li>\n<li>se encarga de la informaci\u00f3n, realizando notas e investigaciones de sector\/mercado; alimentando las bases de datos centrales para oportunidades de negocio, licitaciones internacionales y flashes de mercado.<\/li>\n<li>proporciona asistencia y consultor\u00eda a empresas italianas para planes empresariales de penetraci\u00f3n en el mercado costarricense.<\/li>\n<\/ul>\n<hr \/>\n<p><strong>OFICINA ADMINISTRATIVA-CONTABLE<\/strong><br \/>\nReferente: &#8212;&#8211;<\/p>\n<hr \/>\n<p><strong>OFICINA CONSULAR\/VISADOS<\/strong><\/p>\n<p>Jefe de Oficina: Dr. Michele CLEMENTE<br \/>\nResponsable del Departamento de Visados: Dr. Matteo RIGOSI<br \/>\nResponsable del Departamento de Pasaportes: Dra. Bruna ZAMBON<br \/>\nCorreo electr\u00f3nico: <a href=\"mailto:consolare.sanjose@esteri.it\">consolare.sanjose@esteri.it<\/a><\/p>\n<p>La oficina consular \/ visados:<\/p>\n<ul>\n<li>ofrece servicios consulares de acuerdo con los principios de igualdad, imparcialidad, eficiencia y transparencia, y en cumplimiento de la normativa europea sobre la protecci\u00f3n de datos personales (art. 13 Reg. UE 679\/2016).<\/li>\n<li>Las representaciones diplom\u00e1ticas y consulares en el extranjero protegen a los nacionales en varias circunstancias, como: violaci\u00f3n de sus derechos fundamentales, arresto o detenci\u00f3n, emergencias en situaciones de crisis, b\u00fasqueda de familiares, emisi\u00f3n de documentos de viaje en caso de p\u00e9rdida o robo del pasaporte, repatriaci\u00f3n de restos.<\/li>\n<li>El ejercicio de algunos derechos y el acceso a ciertos servicios est\u00e1n limitados solo a los italianos que se han inscrito en el Registro de Italianos Residentes en el Extranjero (AIRE), obligatorio seg\u00fan la Ley n. 470 de 1988.<\/li>\n<li>Para una descripci\u00f3n detallada de los servicios proporcionados por la red diplom\u00e1tica y consular italiana en el extranjero, consulte el sitio del Ministerio de Asuntos Exteriores.<\/li>\n<li>Para la descripci\u00f3n de los servicios consulares que pueden solicitarse a la Canciller\u00eda consular de la Embajada de Italia en San Jos\u00e9 y para la documentaci\u00f3n de referencia, consulte la secci\u00f3n correspondiente.<\/li>\n<\/ul>\n<hr \/>\n<p><strong><a href=\"https:\/\/ambsanjose.esteri.it\/es\/chi-siamo\/la-sede\/dias-feriado-entre-semana-del-ano\/\">Las festividades intersemanales que se observar\u00e1n en esta Embajada para 2026<\/a>. <\/strong>En esos d\u00edas las oficinas de la Embajada est\u00e1n cerradas al p\u00fablico.<\/p>\n","protected":false},"excerpt":{"rendered":"Las oficinas: EMBAJADA DE ITALIA 5\u00aa Entrada del Barrio Los Yoses San Pedro de Montes de Oca \u2013 San Jos\u00e9 de Costa Rica HORARIOS DE LA EMBAJADA Las oficinas de la Embajada est\u00e1n abiertas de lunes a viernes de 9:00 a 15:30. Central telef\u00f3nico: +506 22246574 (activo de lunes a viernes de 9:00 a 15:00). [&hellip;]","protected":false},"author":1,"featured_media":0,"parent":150,"menu_order":4,"comment_status":"closed","ping_status":"closed","template":"","meta":{"footnotes":""},"class_list":["post-153","page","type-page","status-publish","hentry"],"_links":{"self":[{"href":"https:\/\/ambsanjose.esteri.it\/es\/wp-json\/wp\/v2\/pages\/153","targetHints":{"allow":["GET"]}}],"collection":[{"href":"https:\/\/ambsanjose.esteri.it\/es\/wp-json\/wp\/v2\/pages"}],"about":[{"href":"https:\/\/ambsanjose.esteri.it\/es\/wp-json\/wp\/v2\/types\/page"}],"author":[{"embeddable":true,"href":"https:\/\/ambsanjose.esteri.it\/es\/wp-json\/wp\/v2\/users\/1"}],"replies":[{"embeddable":true,"href":"https:\/\/ambsanjose.esteri.it\/es\/wp-json\/wp\/v2\/comments?post=153"}],"version-history":[{"count":6,"href":"https:\/\/ambsanjose.esteri.it\/es\/wp-json\/wp\/v2\/pages\/153\/revisions"}],"predecessor-version":[{"id":11830,"href":"https:\/\/ambsanjose.esteri.it\/es\/wp-json\/wp\/v2\/pages\/153\/revisions\/11830"}],"up":[{"embeddable":true,"href":"https:\/\/ambsanjose.esteri.it\/es\/wp-json\/wp\/v2\/pages\/150"}],"wp:attachment":[{"href":"https:\/\/ambsanjose.esteri.it\/es\/wp-json\/wp\/v2\/media?parent=153"}],"curies":[{"name":"wp","href":"https:\/\/api.w.org\/{rel}","templated":true}]}}