{"id":157,"date":"2023-04-11T17:08:52","date_gmt":"2023-04-11T23:08:52","guid":{"rendered":"https:\/\/ambsanjose.esteri.it\/italia-e-costa-rica\/"},"modified":"2025-04-28T10:07:55","modified_gmt":"2025-04-28T16:07:55","slug":"italia-e-costa-rica","status":"publish","type":"page","link":"https:\/\/ambsanjose.esteri.it\/es\/italia-e-costa-rica\/","title":{"rendered":"Italia y Costa Rica"},"content":{"rendered":"<p>Las relaciones bilaterales entre Italia y Costa Rica se caracterizan tradicionalmente por una gran amistad y colaboraci\u00f3n en los sectores econ\u00f3mico-comercial, pol\u00edtico y cultural.<\/p>\n<p>Las relaciones \u00edtalo-costaricenses comenzaron en 1849 con el reconocimiento de Costa Rica por el Rey de las Dos Sicilias, y en 1861 Costa Rica reconoci\u00f3 la transformaci\u00f3n del Reino de Cerde\u00f1a-Piamonte en el Reino de Italia.<\/p>\n<p>El 14 de abril de 1863 se firm\u00f3 el\u00a0<a href=\"https:\/\/ambsanjose.esteri.it\/wp-content\/uploads\/2023\/10\/trattato-costarica2.pdf\"><strong>Tratado de Amistad, Comercio y Navegaci\u00f3n<\/strong><\/a>\u00a0entre el Reino de Italia y la Rep\u00fablica de Costa Rica. Firman Louis Othon de Schroeter (C\u00f3nsul del Gobierno de la Rep\u00fablica de Costa Rica) y F. M. Iglesias (Ministro de Relaciones Exteriores).<\/p>\n<p><strong>La <a href=\"https:\/\/ambsanjose.esteri.it\/wp-content\/uploads\/2023\/10\/ratifica-costarica1.pdf\">ratificaci\u00f3n del Tratado<\/a><\/strong>\u00a0por Costa Rica tuvo lugar el 5 de enero de 1864, mientras que la del Reino de Italia tuvo lugar el 13 de marzo del mismo a\u00f1o. El canje de ratificaciones tuvo lugar en Washington el 13 de abril de 1864.<\/p>\n<p>En 1864 se establecieron relaciones diplom\u00e1ticas con la apertura de la Embajada de Italia en San Jos\u00e9.<\/p>\n<p><img loading=\"lazy\" decoding=\"async\" class=\"alignleft size-medium wp-image-3473 img-fluid\" src=\"https:\/\/ambsanjose.esteri.it\/wp-content\/uploads\/2024\/02\/VERTICAL-COLOR-F.CLARO_-300x300.png\" alt=\"\" width=\"300\" height=\"300\" srcset=\"https:\/\/ambsanjose.esteri.it\/wp-content\/uploads\/2024\/02\/VERTICAL-COLOR-F.CLARO_-300x300.png 300w, https:\/\/ambsanjose.esteri.it\/wp-content\/uploads\/2024\/02\/VERTICAL-COLOR-F.CLARO_-150x150.png 150w, https:\/\/ambsanjose.esteri.it\/wp-content\/uploads\/2024\/02\/VERTICAL-COLOR-F.CLARO_.png 667w\" sizes=\"auto, (max-width: 300px) 100vw, 300px\" \/><\/p>\n","protected":false},"excerpt":{"rendered":"Las relaciones bilaterales entre Italia y Costa Rica se caracterizan tradicionalmente por una gran amistad y colaboraci\u00f3n en los sectores econ\u00f3mico-comercial, pol\u00edtico y cultural. Las relaciones \u00edtalo-costaricenses comenzaron en 1849 con el reconocimiento de Costa Rica por el Rey de las Dos Sicilias, y en 1861 Costa Rica reconoci\u00f3 la transformaci\u00f3n del Reino de Cerde\u00f1a-Piamonte [&hellip;]","protected":false},"author":1,"featured_media":0,"parent":0,"menu_order":4,"comment_status":"closed","ping_status":"closed","template":"","meta":{"footnotes":""},"class_list":["post-157","page","type-page","status-publish","hentry"],"_links":{"self":[{"href":"https:\/\/ambsanjose.esteri.it\/es\/wp-json\/wp\/v2\/pages\/157","targetHints":{"allow":["GET"]}}],"collection":[{"href":"https:\/\/ambsanjose.esteri.it\/es\/wp-json\/wp\/v2\/pages"}],"about":[{"href":"https:\/\/ambsanjose.esteri.it\/es\/wp-json\/wp\/v2\/types\/page"}],"author":[{"embeddable":true,"href":"https:\/\/ambsanjose.esteri.it\/es\/wp-json\/wp\/v2\/users\/1"}],"replies":[{"embeddable":true,"href":"https:\/\/ambsanjose.esteri.it\/es\/wp-json\/wp\/v2\/comments?post=157"}],"version-history":[{"count":5,"href":"https:\/\/ambsanjose.esteri.it\/es\/wp-json\/wp\/v2\/pages\/157\/revisions"}],"predecessor-version":[{"id":3488,"href":"https:\/\/ambsanjose.esteri.it\/es\/wp-json\/wp\/v2\/pages\/157\/revisions\/3488"}],"wp:attachment":[{"href":"https:\/\/ambsanjose.esteri.it\/es\/wp-json\/wp\/v2\/media?parent=157"}],"curies":[{"name":"wp","href":"https:\/\/api.w.org\/{rel}","templated":true}]}}