{"id":158,"date":"2023-04-11T18:10:30","date_gmt":"2023-04-12T00:10:30","guid":{"rendered":"https:\/\/ambsanjose.esteri.it\/italia-e-costa-rica\/diplomazia-economica\/"},"modified":"2026-04-09T10:36:07","modified_gmt":"2026-04-09T16:36:07","slug":"diplomazia-economica","status":"publish","type":"page","link":"https:\/\/ambsanjose.esteri.it\/es\/italia-e-costa-rica\/diplomazia-economica\/","title":{"rendered":"Diplomacia econ\u00f3mica"},"content":{"rendered":"<p>1. La realidad socioecon\u00f3mica de Costa Rica es compleja: bastante problem\u00e1tica si se analiza seg\u00fan par\u00e1metros europeos, pero claramente positiva si se contextualiza en el marco centroamericano.<\/p>\n<p>El pa\u00eds se caracteriza por una econom\u00eda de peque\u00f1a escala, abierta y fuertemente orientada a la atracci\u00f3n de inversiones extranjeras, adem\u00e1s de estar integrada en los mercados internacionales gracias a una amplia red de acuerdos de libre comercio. Costa Rica es miembro de la <strong>Organizaci\u00f3n Mundial del Comercio<\/strong> desde su fundaci\u00f3n, participa en el <strong>Sistema de la Integraci\u00f3n Centroamericana (SICA)<\/strong> y, desde 2021, forma parte de la <strong>OCDE<\/strong> como su 38.\u00ba miembro, siendo el \u00fanico pa\u00eds de la regi\u00f3n centroamericana que ha alcanzado dicho hito.<\/p>\n<p>En los \u00faltimos a\u00f1os la econom\u00eda ha mostrado un <strong>crecimiento sostenido<\/strong>, con un PIB que actualmente ha alcanzado aproximadamente 99.000 millones de euros, frente a los 91.000 millones de 2025, acompa\u00f1ado por una mejora de los indicadores de empleo, con una tasa de desempleo en descenso hasta el 6,7 % en 2025, frente al 7,6 % de 2024, para luego situarse en el 7,2 % en 2026.<br \/>\nNo obstante, persisten algunas cr\u00edticas estructurales, entre ellas la fuerte dependencia de los mercados exteriores para el comercio y las inversiones, lo que expone al pa\u00eds a choques internacionales, y el nivel de la deuda p\u00fablica, a pesar de una ca\u00edda hasta alrededor del 60 % del PIB en 2025, que actualmente ha bajado al 59 %.<\/p>\n<p>2. La <strong>cooperaci\u00f3n econ\u00f3mica entre Costa Rica e Italia<\/strong> se mantiene s\u00f3lida y en progresivo crecimiento.<br \/>\nEn 2025 el intercambio comercial alcanz\u00f3 los 516 millones de euros, en aumento respecto a los 485 millones de 2024, 464 millones de 2023 y 463 millones de 2022. Ese mismo a\u00f1o, Italia se situ\u00f3 como el 17.\u00ba mercado de destino de las exportaciones costarricenses, con una cuota del 0,7 %, y como el 13.\u00ba proveedor del pa\u00eds, con una cuota del 1,2 %. Desde la perspectiva italiana, Costa Rica representa el 99.\u00ba mercado de destino de las exportaciones, con una cuota del 0,04 %, y es el 90.\u00ba proveedor, con una cuota del 0,05 %. En t\u00e9rminos comparativos, Italia mantiene una posici\u00f3n intermedia entre los principales socios europeos: en 2025 su cuota de mercado en Costa Rica, del 1,16 %, es superior a la del Reino Unido y Francia, pero inferior a la de Alemania y Espa\u00f1a.<\/p>\n<p>El an\u00e1lisis de la serie hist\u00f3rica confirma adem\u00e1s una din\u00e1mica consolidada, en la que Italia importa de Costa Rica m\u00e1s de lo que exporta, generando un saldo comercial negativo, aunque en progresiva reducci\u00f3n, de \u201336 millones de euros en 2025.<\/p>\n<p>3. La <strong>estructura por mercanc\u00edas<\/strong> del intercambio muestra una marcada asimetr\u00eda. Las importaciones italianas desde Costa Rica est\u00e1n fuertemente concentradas en productos agr\u00edcolas, de silvicultura y pesca, que representan alrededor del 88 % del total, seguidos a distancia por productos alimentarios y otras categor\u00edas residuales. En cambio, las exportaciones italianas hacia Costa Rica resultan mucho m\u00e1s diversificadas e incluyen principalmente maquinaria y aparatos, que constituyen la partida predominante con alrededor del 35 %, seguidos por productos de caucho y pl\u00e1stico, productos alimentarios, sustancias qu\u00edmicas y aparatos el\u00e9ctricos. En cuanto a las inversiones, el stock de inversiones directas extranjeras italianas en Costa Rica alcanz\u00f3 los 348 millones de euros en 2024, mientras que las inversiones costarricenses en Italia se sit\u00faan en torno a los 17 millones de euros.<\/p>\n<p>A nivel general, Costa Rica sigue atrayendo <strong>importantes flujos de inversi\u00f3n extranjera<\/strong>, con valores estimados superiores a 5.600 millones de d\u00f3lares en 2025.<\/p>\n<p>La <strong>presencia empresarial italiana<\/strong> en el pa\u00eds resulta consolidada y diversificada. Se contabilizan alrededor de 38 empresas italianas activas, mayoritariamente en los sectores de la construcci\u00f3n, la maquinaria y la agroindustria, que emplean en conjunto aproximadamente 93 trabajadores y generan una facturaci\u00f3n de alrededor de 13 millones de euros. A estas se suma la presencia de importantes grupos italianos ya operativos en Costa Rica, entre ellos Orsero, Enel Green Power, Gualapack, Prysmian y Telespazio, lo que evidencia el creciente inter\u00e9s estrat\u00e9gico de Italia hacia este mercado.<\/p>\n<p><a href=\"https:\/\/ambsanjose.esteri.it\/wp-content\/uploads\/2026\/04\/One-pager-Commercio-A4-3.pdf\"><img loading=\"lazy\" decoding=\"async\" class=\"alignleft size-full wp-image-11997 img-fluid\" src=\"https:\/\/ambsanjose.esteri.it\/wp-content\/uploads\/2026\/04\/Captura-de-pantalla-2026-04-09-102757.png\" alt=\"\" width=\"614\" height=\"860\" srcset=\"https:\/\/ambsanjose.esteri.it\/wp-content\/uploads\/2026\/04\/Captura-de-pantalla-2026-04-09-102757.png 614w, https:\/\/ambsanjose.esteri.it\/wp-content\/uploads\/2026\/04\/Captura-de-pantalla-2026-04-09-102757-214x300.png 214w\" sizes=\"auto, (max-width: 614px) 100vw, 614px\" \/><\/a><\/p>\n","protected":false},"excerpt":{"rendered":"1. La realidad socioecon\u00f3mica de Costa Rica es compleja: bastante problem\u00e1tica si se analiza seg\u00fan par\u00e1metros europeos, pero claramente positiva si se contextualiza en el marco centroamericano. El pa\u00eds se caracteriza por una econom\u00eda de peque\u00f1a escala, abierta y fuertemente orientada a la atracci\u00f3n de inversiones extranjeras, adem\u00e1s de estar integrada en los mercados internacionales [&hellip;]","protected":false},"author":1,"featured_media":0,"parent":157,"menu_order":1,"comment_status":"closed","ping_status":"closed","template":"","meta":{"footnotes":""},"class_list":["post-158","page","type-page","status-publish","hentry"],"_links":{"self":[{"href":"https:\/\/ambsanjose.esteri.it\/es\/wp-json\/wp\/v2\/pages\/158","targetHints":{"allow":["GET"]}}],"collection":[{"href":"https:\/\/ambsanjose.esteri.it\/es\/wp-json\/wp\/v2\/pages"}],"about":[{"href":"https:\/\/ambsanjose.esteri.it\/es\/wp-json\/wp\/v2\/types\/page"}],"author":[{"embeddable":true,"href":"https:\/\/ambsanjose.esteri.it\/es\/wp-json\/wp\/v2\/users\/1"}],"replies":[{"embeddable":true,"href":"https:\/\/ambsanjose.esteri.it\/es\/wp-json\/wp\/v2\/comments?post=158"}],"version-history":[{"count":7,"href":"https:\/\/ambsanjose.esteri.it\/es\/wp-json\/wp\/v2\/pages\/158\/revisions"}],"predecessor-version":[{"id":12008,"href":"https:\/\/ambsanjose.esteri.it\/es\/wp-json\/wp\/v2\/pages\/158\/revisions\/12008"}],"up":[{"embeddable":true,"href":"https:\/\/ambsanjose.esteri.it\/es\/wp-json\/wp\/v2\/pages\/157"}],"wp:attachment":[{"href":"https:\/\/ambsanjose.esteri.it\/es\/wp-json\/wp\/v2\/media?parent=158"}],"curies":[{"name":"wp","href":"https:\/\/api.w.org\/{rel}","templated":true}]}}