{"id":162,"date":"2023-04-11T18:24:57","date_gmt":"2023-04-12T00:24:57","guid":{"rendered":"https:\/\/ambsanjose.esteri.it\/italia-e-costa-rica\/diplomazia-culturale\/lingua-e-cultura-italiana\/"},"modified":"2023-10-12T10:32:44","modified_gmt":"2023-10-12T16:32:44","slug":"lingua-e-cultura-italiana","status":"publish","type":"page","link":"https:\/\/ambsanjose.esteri.it\/es\/italia-e-costa-rica\/diplomazia-culturale\/lingua-e-cultura-italiana\/","title":{"rendered":"Lengua y cultura italiana"},"content":{"rendered":"<p>El Instituto<strong>\u00a0DANTE ALIGHIERI<\/strong> de Costa Rica es la instituci\u00f3n oficial de ense\u00f1anza de italiano en el pa\u00eds. Organiza numerosos cursos de lengua y cultura italianas.<\/p>\n<p>CONTACTOS DIRECTOS POR SEDE<\/p>\n<p><strong>SAN JOSE\u2019<\/strong><\/p>\n<p>San Pedro: 2283-5632 \/ Whatsapp: 7257-6457<\/p>\n<p>Sabana: 2231-4305 \/ Whatsapp: 6245-0350<\/p>\n<p><a href=\"mailto:dantealighierisj@gmail.com\">dantealighierisj@gmail.com<\/a><\/p>\n<p><a href=\"https:\/\/www.dantealighiericostarica.com\/\">https:\/\/www.dantealighiericostarica.com\/<\/a><\/p>\n<p>&nbsp;<\/p>\n<p><strong>SAN VITO<\/strong>: 2773-4934 \/ Whatsapp: 8892-0670<\/p>\n<p><a href=\"mailto:dantealighierisanvito@gmail.com\">dantealighierisanvito@gmail.com<\/a><\/p>\n<p><a href=\"https:\/\/www.dantealighierisv.com\/\">https:\/\/www.dantealighierisv.com\/<\/a><\/p>\n<p>&nbsp;<\/p>\n<p>Hay cursos tambi\u00e9n en la\u00a0<strong>Universidad de Costa Rica &#8211; UCR<\/strong>\u00a0(Facultad de Letras y Casa de Idiomas):<\/p>\n<p>Horario de atenci\u00f3n:\u00a0Lunes a viernes de 8:00 am a 1:00 pm y de 2:00 pm a 8:50 pm,\u00a0S\u00e1bados de 8:00 am a 12:00 md<\/p>\n<p>Tel: 2511-1952 \/ 2524-0884<\/p>\n<p>E-mail:\u00a0\u00a0<a href=\"mailto:casadeidiomas.elm@ucr.ac.cr\">casadeidiomas.elm@ucr.ac.cr<\/a><\/p>\n<p><a href=\"mailto:programacasadeidiomas.elm@ucr.ac.cr\">programacasadeidiomas.elm@ucr.ac.cr<\/a><\/p>\n<p><a href=\"https:\/\/lenguasmodernas.ucr.ac.cr\/cursos-de-conversacion\/\">https:\/\/lenguasmodernas.ucr.ac.cr\/cursos-de-conversacion\/<\/a><\/p>\n<p>&nbsp;<\/p>\n<p>Y en la\u00a0<strong>Universidad Nacional Costa Rica<\/strong>\u00a0(Escuela de Literatura y Ciencias del Lenguaje):<\/p>\n<p>E-mail: ceic@una.cr<\/p>\n<p>Tel.: 2562-4045<\/p>\n<p>WhatsApp: 8715-7383 (Alajuela) \/ 8677-1507 (Heredia)<\/p>\n<p><a href=\"https:\/\/www.literatura.una.ac.cr\/12-ceic\">https:\/\/www.literatura.una.ac.cr\/12-ceic<\/a><\/p>\n<p>&nbsp;<\/p>\n<p>&nbsp;<\/p>\n<p><strong>CURSOS DE ITALIANO PARA EXTRANJEROS EN ITALIA<\/strong><\/p>\n<p><strong>La Universidad para Extranjeros de Perugia<\/strong>\u00a0ofrece cursos para todos aquellos que deseen aprender y profundizar en el conocimiento de la lengua y la cultura italianas en todos sus aspectos. Los cursos de lengua y cultura italianas se imparten en persona y a distancia y duran un m\u00ednimo de cuatro semanas. Antes de comenzar el curso, los estudiantes realizan una prueba de nivel y una entrevista en l\u00ednea para determinar su nivel de conocimiento de la lengua italiana y, por tanto, de la clase.<\/p>\n<p>Para m\u00e1s informaci\u00f3n:<\/p>\n<p>Segreteria dei corsi di lingua e cultura italiana<\/p>\n<p>Palazzo Gallenga (planta baja)<\/p>\n<p>Piazza Fortebraccio, 4 &#8211; 06123 Perugia<\/p>\n<p>Tel.: +39 075 57 46 559<\/p>\n<p>E-mail:\u00a0<a href=\"mailto:corsidilingua@unistrapg.it\">corsidilingua@unistrapg.it<\/a><\/p>\n<p><a href=\"https:\/\/www.unistrapg.it\/it\/studiare-in-un-ateneo-internazionale\/corsi-di-lingua-e-cultura-italiana#:~:text=L'Universit%C3%A0%20per%20Stranieri%20di,durata%20minima%20di%20quattro%20settimane\">https:\/\/www.unistrapg.it\/it\/studiare-in-un-ateneo-internazionale\/corsi-di-lingua-e-cultura-italiana#:~:text=L&#8217;Universit%C3%A0%20per%20Stranieri%20di,durata%20minima%20di%20quattro%20settimane<\/a>.<\/p>\n<p>&nbsp;<\/p>\n<p><strong>El Centro Ling\u00fc\u00edstico de la Universidad para Extranjeros de Siena<\/strong>\u00a0(Cluss) es un centro de investigaci\u00f3n y servicios para la ense\u00f1anza del italiano como lengua extranjera y para la investigaci\u00f3n en ling\u00fc\u00edstica y glotodid\u00e1ctica. El Centro de Lenguas promueve, organiza e imparte cursos de italiano para extranjeros.<\/p>\n<p>Hay cursos presenciales (de dos semanas, mensuales, trimestrales), as\u00ed como cursos bimensuales sincr\u00f3nicos a distancia (CLID) y cursos en grupo o especiales dise\u00f1ados para quienes desean aprender italiano en pocas semanas. Una vez superados los ex\u00e1menes finales correspondientes, los cursos se convalidan en cr\u00e9ditos acad\u00e9micos seg\u00fan el sistema ECTS.<\/p>\n<p>Durante su estancia en Siena, los estudiantes tambi\u00e9n pueden asistir a seminarios, talleres y cursos tem\u00e1ticos de diversa \u00edndole.<\/p>\n<p>CONTACTOS<\/p>\n<p>Centro Linguistico: Piazza Carlo Rosselli 27\/28<\/p>\n<p>53100 Siena &#8211; Italy<\/p>\n<p>E-mail:\u00a0<a href=\"mailto:cluss@unistrasi.it\">cluss@unistrasi.it<\/a><\/p>\n<p>Tel.: +39 0577 240314<\/p>\n<p><a href=\"https:\/\/cluss.unistrasi.it\/home.htm\">https:\/\/cluss.unistrasi.it\/home.htm<\/a><\/p>\n<p>&nbsp;<\/p>\n","protected":false},"excerpt":{"rendered":"El Instituto\u00a0DANTE ALIGHIERI de Costa Rica es la instituci\u00f3n oficial de ense\u00f1anza de italiano en el pa\u00eds. Organiza numerosos cursos de lengua y cultura italianas. CONTACTOS DIRECTOS POR SEDE SAN JOSE\u2019 San Pedro: 2283-5632 \/ Whatsapp: 7257-6457 Sabana: 2231-4305 \/ Whatsapp: 6245-0350 dantealighierisj@gmail.com https:\/\/www.dantealighiericostarica.com\/ &nbsp; SAN VITO: 2773-4934 \/ Whatsapp: 8892-0670 dantealighierisanvito@gmail.com https:\/\/www.dantealighierisv.com\/ &nbsp; Hay [&hellip;]","protected":false},"author":1,"featured_media":0,"parent":161,"menu_order":0,"comment_status":"closed","ping_status":"closed","template":"","meta":{"footnotes":""},"class_list":["post-162","page","type-page","status-publish","hentry"],"_links":{"self":[{"href":"https:\/\/ambsanjose.esteri.it\/es\/wp-json\/wp\/v2\/pages\/162","targetHints":{"allow":["GET"]}}],"collection":[{"href":"https:\/\/ambsanjose.esteri.it\/es\/wp-json\/wp\/v2\/pages"}],"about":[{"href":"https:\/\/ambsanjose.esteri.it\/es\/wp-json\/wp\/v2\/types\/page"}],"author":[{"embeddable":true,"href":"https:\/\/ambsanjose.esteri.it\/es\/wp-json\/wp\/v2\/users\/1"}],"replies":[{"embeddable":true,"href":"https:\/\/ambsanjose.esteri.it\/es\/wp-json\/wp\/v2\/comments?post=162"}],"version-history":[{"count":2,"href":"https:\/\/ambsanjose.esteri.it\/es\/wp-json\/wp\/v2\/pages\/162\/revisions"}],"predecessor-version":[{"id":390,"href":"https:\/\/ambsanjose.esteri.it\/es\/wp-json\/wp\/v2\/pages\/162\/revisions\/390"}],"up":[{"embeddable":true,"href":"https:\/\/ambsanjose.esteri.it\/es\/wp-json\/wp\/v2\/pages\/161"}],"wp:attachment":[{"href":"https:\/\/ambsanjose.esteri.it\/es\/wp-json\/wp\/v2\/media?parent=162"}],"curies":[{"name":"wp","href":"https:\/\/api.w.org\/{rel}","templated":true}]}}