{"id":164,"date":"2023-04-11T18:24:38","date_gmt":"2023-04-12T00:24:38","guid":{"rendered":"https:\/\/ambsanjose.esteri.it\/italia-e-costa-rica\/diplomazia-culturale\/studiare-in-italia\/"},"modified":"2025-04-07T11:35:03","modified_gmt":"2025-04-07T17:35:03","slug":"studiare-in-italia","status":"publish","type":"page","link":"https:\/\/ambsanjose.esteri.it\/es\/italia-e-costa-rica\/diplomazia-culturale\/studiare-in-italia\/","title":{"rendered":"Estudiar en Italia"},"content":{"rendered":"<p class=\"boxLevel03\">Las universidades italianas modernas se fundaron en el siglo XI y son las m\u00e1s antiguas del mundo occidental. Gracias a la reorganizaci\u00f3n del sistema acad\u00e9mico italiano se origin\u00f3 el nuevo concepto de instituciones universitarias en el resto de Europa.<\/p>\n<p>Italia est\u00e1 a la vanguardia en todos los \u00e1mbitos de la ense\u00f1anza superior y, en particular, en los del dise\u00f1o, la arquitectura, las ciencias aplicadas y las artes.<\/p>\n<p>El Gobierno italiano considera que la investigaci\u00f3n forma parte de la estrategia para mantener un alto nivel en el desarrollo tecnol\u00f3gico mundial. La investigaci\u00f3n b\u00e1sica alimenta continuamente el conocimiento tecnol\u00f3gico y permite el avance de las relaciones internacionales. La actividad italiana en el campo de la investigaci\u00f3n cient\u00edfica europea es muy apreciada, especialmente en los \u00e1mbitos de la energ\u00eda, el medio ambiente y el transporte.<\/p>\n<p>El actual sistema universitario italiano no s\u00f3lo permite diferenciar la formaci\u00f3n de los estudiantes en funci\u00f3n de las necesidades reales del mercado, sino tambi\u00e9n tener un camino m\u00e1s natural hacia el mundo laboral gracias a la obligatoriedad, para algunas carreras, de realizar pr\u00e1cticas durante la vida acad\u00e9mica. Estudiar en Italia ofrece muchas oportunidades de crecimiento y \u00e9xito, desde la vida acad\u00e9mica hasta el mundo laboral.<\/p>\n<p>&nbsp;<\/p>\n<p class=\"boxLevel03\"><strong>\u00bfPor qu\u00e9 estudiar en Italia?<\/strong><\/p>\n<ol>\n<li><strong>Excelencia:<\/strong> estudiar en Italia ofrece la posibilidad de obtener un t\u00edtulo de alto prestigio en universidades y academias italianas reconocidas en todo el mundo.<\/li>\n<li><strong>Profesionalidad<\/strong>: las universidades y academias italianas proporcionan competencias muy elevadas, adem\u00e1s de apoyar y asesorar a los estudiantes durante sus estudios.<\/li>\n<li><strong>Oportunidades en el mercado laboral<\/strong>: Italia est\u00e1 a la vanguardia en varios campos de la educaci\u00f3n, superior muchos de los cuales corresponden a los sectores profesionales m\u00e1s desarrollados del mercado laboral.<\/li>\n<li><strong>Flexibilidad<\/strong>: los programas de educaci\u00f3n superior se basan en un sistema de cr\u00e9ditos (ETCS, European Credit Transfer System) por el que los estudiantes pueden confeccionar su plan de estudios en funci\u00f3n de sus necesidades.<\/li>\n<li><strong>Becas y ayudas<\/strong>: varias universidades y academias ofrecen becas o ayudas, con servicios de alojamiento y restauraci\u00f3n.<\/li>\n<li><strong>Calidad de vida<\/strong>: Italia es rica en arte, cultura, tradiciones y literatura, y alberga el mayor n\u00famero de lugares declarados Patrimonio de la Humanidad por la UNESCO. Podr\u00e1 disfrutar de una calidad de vida elevada y \u00fanica y de un ambiente acogedor.<\/li>\n<\/ol>\n<p>&nbsp;<\/p>\n<p class=\"boxLevel03\"><strong>La Embajada de Italia<\/strong>:<\/p>\n<p>&#8211; brinda informaci\u00f3n y asesoramiento para la inscripci\u00f3n en escuelas y universidades en Italia<\/p>\n<p>&#8211; emite las declaraciones de valor necesarias para los t\u00edtulos obtenidos en las escuelas y universidades costarricenses para que los interesados \u200b\u200bpuedan obtener la equivalencia de calificaciones primarias y secundarias con calificaciones italianas similares<\/p>\n<p>&#8211; brinda informaci\u00f3n y asesoramiento sobre el reconocimiento en Italia de estudios universitarios costarricenses, y<\/p>\n<p>&#8211; asignaci\u00f3n de becas.<\/p>\n<p>Para obtener informaci\u00f3n y consejos, consulte\u00a0tambi\u00e9n la p\u00e1gina de\u00a0<a href=\"http:\/\/ambsanjose.esteri.it\/ambasciata_sanjose\/it\/in_linea_con_utente\/domande_frequenti\/studiare-in-italia.html\"><strong>Preguntas frecuentes<\/strong><\/a>. Consulte tambi\u00e9n el <a href=\"https:\/\/ambsanjose.esteri.it\/wp-content\/uploads\/2025\/04\/Flyer-A5.pdf\"><strong>folleto de Uni-Italia<\/strong><\/a>.<\/p>\n<p>&nbsp;<\/p>\n<p><a href=\"https:\/\/ambsanjose.esteri.it\/wp-content\/uploads\/2024\/03\/attrazione-studenti-ESP-Gen-Presentation.pdf\"><img loading=\"lazy\" decoding=\"async\" class=\"alignleft wp-image-3909 img-fluid\" src=\"https:\/\/ambsanjose.esteri.it\/wp-content\/uploads\/2024\/03\/Study-in-Italy-300x169.jpg\" alt=\"\" width=\"428\" height=\"241\" srcset=\"https:\/\/ambsanjose.esteri.it\/wp-content\/uploads\/2024\/03\/Study-in-Italy-300x169.jpg 300w, https:\/\/ambsanjose.esteri.it\/wp-content\/uploads\/2024\/03\/Study-in-Italy-1024x577.jpg 1024w, https:\/\/ambsanjose.esteri.it\/wp-content\/uploads\/2024\/03\/Study-in-Italy-768x433.jpg 768w, https:\/\/ambsanjose.esteri.it\/wp-content\/uploads\/2024\/03\/Study-in-Italy.jpg 1282w\" sizes=\"auto, (max-width: 428px) 100vw, 428px\" \/><\/a><\/p>\n","protected":false},"excerpt":{"rendered":"Las universidades italianas modernas se fundaron en el siglo XI y son las m\u00e1s antiguas del mundo occidental. Gracias a la reorganizaci\u00f3n del sistema acad\u00e9mico italiano se origin\u00f3 el nuevo concepto de instituciones universitarias en el resto de Europa. Italia est\u00e1 a la vanguardia en todos los \u00e1mbitos de la ense\u00f1anza superior y, en particular, [&hellip;]","protected":false},"author":1,"featured_media":0,"parent":161,"menu_order":0,"comment_status":"closed","ping_status":"closed","template":"","meta":{"footnotes":""},"class_list":["post-164","page","type-page","status-publish","hentry"],"_links":{"self":[{"href":"https:\/\/ambsanjose.esteri.it\/es\/wp-json\/wp\/v2\/pages\/164","targetHints":{"allow":["GET"]}}],"collection":[{"href":"https:\/\/ambsanjose.esteri.it\/es\/wp-json\/wp\/v2\/pages"}],"about":[{"href":"https:\/\/ambsanjose.esteri.it\/es\/wp-json\/wp\/v2\/types\/page"}],"author":[{"embeddable":true,"href":"https:\/\/ambsanjose.esteri.it\/es\/wp-json\/wp\/v2\/users\/1"}],"replies":[{"embeddable":true,"href":"https:\/\/ambsanjose.esteri.it\/es\/wp-json\/wp\/v2\/comments?post=164"}],"version-history":[{"count":6,"href":"https:\/\/ambsanjose.esteri.it\/es\/wp-json\/wp\/v2\/pages\/164\/revisions"}],"predecessor-version":[{"id":8334,"href":"https:\/\/ambsanjose.esteri.it\/es\/wp-json\/wp\/v2\/pages\/164\/revisions\/8334"}],"up":[{"embeddable":true,"href":"https:\/\/ambsanjose.esteri.it\/es\/wp-json\/wp\/v2\/pages\/161"}],"wp:attachment":[{"href":"https:\/\/ambsanjose.esteri.it\/es\/wp-json\/wp\/v2\/media?parent=164"}],"curies":[{"name":"wp","href":"https:\/\/api.w.org\/{rel}","templated":true}]}}