{"id":166,"date":"2023-04-11T18:10:55","date_gmt":"2023-04-12T00:10:55","guid":{"rendered":"https:\/\/ambsanjose.esteri.it\/italia-e-costa-rica\/diplomazia-scientifica\/"},"modified":"2025-01-29T08:37:52","modified_gmt":"2025-01-29T14:37:52","slug":"diplomazia-scientifica","status":"publish","type":"page","link":"https:\/\/ambsanjose.esteri.it\/es\/italia-e-costa-rica\/diplomazia-scientifica\/","title":{"rendered":"Diplomacia cient\u00edfica"},"content":{"rendered":"<p><strong>Costa Rica es el pa\u00eds latinoamericano con mejor ratio de inversi\u00f3n en innovaci\u00f3n en relaci\u00f3n con el PIB<\/strong>, seg\u00fan la Organizaci\u00f3n Mundial de la Propiedad Intelectual.<\/p>\n<p>El organismo encargado de regular el \u00e1rea cient\u00edfica en Costa Rica es el Ministerio de Ciencia, Tecnolog\u00eda y Telecomunicaciones (MICITT: <a href=\"https:\/\/www.micitt.go.cr\/\">https:\/\/www.micitt.go.cr\/<\/a>).<\/p>\n<p>Seg\u00fan datos del Ministerio de Ciencia y Tecnolog\u00eda (<a href=\"https:\/\/sincyt.go.cr\/Indicadores\/home\/dash-indicadores.jsf\">https:\/\/sincyt.go.cr\/Indicadores\/home\/dash-indicadores.jsf<\/a>), la inversi\u00f3n en actividades de ciencia y tecnolog\u00eda en 2023 ascendi\u00f3 al 1,87% del PIB, por encima del a\u00f1o anterior (1,86%).<\/p>\n<p>El Informe 2023 sobre Indicadores Nacionales de Ciencia, Tecnolog\u00eda e Innovaci\u00f3n, presentado en octubre de 2024, se\u00f1ala que el valor total de las inversiones en innovaci\u00f3n, ciencia y tecnolog\u00eda ascendi\u00f3 a 2.600 millones de d\u00f3lares en 2023, mientras que en 2022 la cifra fue de 2.360 millones de d\u00f3lares. Del total de 2023, las inversiones del sector privado ascendieron a 91 millones de d\u00f3lares, las del sector acad\u00e9mico a 940 millones y las del sector p\u00fablico a 586 millones.<\/p>\n<p>En 2023, Costa Rica contaba con 3.722 investigadores, de los cuales 2.141 eran hombres y 1.581 mujeres<\/p>\n<p>&nbsp;<\/p>\n<p>Italia y Costa Rica firmaron en Roma el 27 de mayo de 2016 un <a href=\"https:\/\/ambsanjose.esteri.it\/wp-content\/uploads\/2023\/11\/scansione.pdf\"><strong>Acuerdo de cooperaci\u00f3n cultural, cient\u00edfica y tecnol\u00f3gica<\/strong><\/a>.<\/p>\n<p>El Acuerdo tiene por objeto proporcionar un marco jur\u00eddico para profundizar y regular las relaciones bilaterales en los \u00e1mbitos de la cultura, la educaci\u00f3n, la ciencia, la tecnolog\u00eda, la ense\u00f1anza de idiomas, fomentando la colaboraci\u00f3n y el intercambio entre instituciones acad\u00e9micas, universidades, archivos y entre bibliotecas, y entre entidades p\u00fablicas y privadas de investigaci\u00f3n cient\u00edfica y tecnol\u00f3gica.<\/p>\n<p>Costa Rica ratific\u00f3 el acuerdo en marzo de 2020; la ratificaci\u00f3n italiana est\u00e1 pendiente en el Parlamento.<\/p>\n","protected":false},"excerpt":{"rendered":"Costa Rica es el pa\u00eds latinoamericano con mejor ratio de inversi\u00f3n en innovaci\u00f3n en relaci\u00f3n con el PIB, seg\u00fan la Organizaci\u00f3n Mundial de la Propiedad Intelectual. El organismo encargado de regular el \u00e1rea cient\u00edfica en Costa Rica es el Ministerio de Ciencia, Tecnolog\u00eda y Telecomunicaciones (MICITT: https:\/\/www.micitt.go.cr\/). Seg\u00fan datos del Ministerio de Ciencia y Tecnolog\u00eda [&hellip;]","protected":false},"author":1,"featured_media":0,"parent":157,"menu_order":4,"comment_status":"closed","ping_status":"closed","template":"","meta":{"footnotes":""},"class_list":["post-166","page","type-page","status-publish","hentry"],"_links":{"self":[{"href":"https:\/\/ambsanjose.esteri.it\/es\/wp-json\/wp\/v2\/pages\/166","targetHints":{"allow":["GET"]}}],"collection":[{"href":"https:\/\/ambsanjose.esteri.it\/es\/wp-json\/wp\/v2\/pages"}],"about":[{"href":"https:\/\/ambsanjose.esteri.it\/es\/wp-json\/wp\/v2\/types\/page"}],"author":[{"embeddable":true,"href":"https:\/\/ambsanjose.esteri.it\/es\/wp-json\/wp\/v2\/users\/1"}],"replies":[{"embeddable":true,"href":"https:\/\/ambsanjose.esteri.it\/es\/wp-json\/wp\/v2\/comments?post=166"}],"version-history":[{"count":6,"href":"https:\/\/ambsanjose.esteri.it\/es\/wp-json\/wp\/v2\/pages\/166\/revisions"}],"predecessor-version":[{"id":7484,"href":"https:\/\/ambsanjose.esteri.it\/es\/wp-json\/wp\/v2\/pages\/166\/revisions\/7484"}],"up":[{"embeddable":true,"href":"https:\/\/ambsanjose.esteri.it\/es\/wp-json\/wp\/v2\/pages\/157"}],"wp:attachment":[{"href":"https:\/\/ambsanjose.esteri.it\/es\/wp-json\/wp\/v2\/media?parent=166"}],"curies":[{"name":"wp","href":"https:\/\/api.w.org\/{rel}","templated":true}]}}