{"id":167,"date":"2023-04-11T18:11:52","date_gmt":"2023-04-12T00:11:52","guid":{"rendered":"https:\/\/ambsanjose.esteri.it\/italia-e-costa-rica\/cooperazione-allo-sviluppo\/"},"modified":"2025-08-14T09:01:50","modified_gmt":"2025-08-14T15:01:50","slug":"cooperazione-allo-sviluppo","status":"publish","type":"page","link":"https:\/\/ambsanjose.esteri.it\/es\/italia-e-costa-rica\/cooperazione-allo-sviluppo\/","title":{"rendered":"Cooperaci\u00f3n para el desarrollo"},"content":{"rendered":"<p>La <strong>cooperaci\u00f3n internacional para el desarrollo sostenible<\/strong> es parte integrante y cualificadora de la pol\u00edtica exterior de Italia. Se inspira en los principios de la Carta de las Naciones Unidas y de la Carta de los Derechos Fundamentales de la Uni\u00f3n Europea. Su acci\u00f3n, de conformidad con el principio establecido en el art\u00edculo 11 de la Constituci\u00f3n, contribuye a la promoci\u00f3n de la paz y la justicia y tiene como objetivo<strong> fomentar la solidaridad y las relaciones igualitarias entre los pueblos basadas en los principios de interdependencia y asociaci\u00f3n<\/strong>.<\/p>\n<p>A lo largo de las d\u00e9cadas, la cooperaci\u00f3n italiana al desarrollo se ha estructurado y reforzado en cuanto a sus instrumentos, ambiciones y asociaciones internas y externas, y tambi\u00e9n ha desempe\u00f1ado un papel cada vez m\u00e1s importante en el G7, el G20 y el marco multilateral m\u00e1s amplio. En el \u00e1mbito bilateral, la cooperaci\u00f3n al desarrollo tambi\u00e9n ha contribuido a reforzar las relaciones con numerosos pa\u00edses socios del Mediterr\u00e1neo, \u00c1frica, Oriente Medio, Asia y Am\u00e9rica Latina.<\/p>\n<p>La acci\u00f3n de la Cooperaci\u00f3n Italiana parte del supuesto de que el crecimiento econ\u00f3mico no basta para reducir la pobreza y que debe ser integrador y capaz de abarcar las tres dimensiones del desarrollo sostenible: econ\u00f3mica, social y medioambiental. Para tener en cuenta la multidimensionalidad del desarrollo, los sectores de intervenci\u00f3n identificados como prioritarios son los siguientes: <strong>desarrollo econ\u00f3mico<\/strong> (con especial atenci\u00f3n al empleo de las mujeres y los j\u00f3venes), <strong>desarrollo sostenible, seguridad alimentaria<\/strong>, apoyo a los sistemas de <strong>salud p\u00fablica,<\/strong> <strong>protecci\u00f3n de la infancia<\/strong> y, en general, actividades de <strong>fortalecimiento institucional<\/strong>. Transversal a todos los sectores es la igualdad de g\u00e9nero, cuyo objetivo es fomentar el empoderamiento de las mujeres y reforzar los procesos de crecimiento de base amplia.<\/p>\n<p>La <a href=\"https:\/\/www.aics.gov.it\/\"><strong>Agencia Italiana de Cooperaci\u00f3n al Desarrollo (AICS)<\/strong> <\/a>lleva a cabo las actividades t\u00e9cnico-operativas relacionadas con las fases de investigaci\u00f3n preliminar, formulaci\u00f3n, financiaci\u00f3n, gesti\u00f3n y control de las iniciativas italianas de cooperaci\u00f3n internacional. La Agencia tiene su sede en Roma, una oficina en Florencia y 19 oficinas en el extranjero para el seguimiento, la ejecuci\u00f3n y el an\u00e1lisis sobre el terreno de las necesidades de desarrollo de los pa\u00edses socios.<\/p>\n<p>La sede de AICS para Am\u00e9rica Central y el Caribe est\u00e1 en <a href=\"https:\/\/sansalvador.aics.gov.it\/\"><strong>San Salvador<\/strong><\/a>.<\/p>\n<p>El<a href=\"http:\/\/www.iila.org\/\"><strong> Istituto Italo-Latinoamericano<\/strong><\/a> de Roma es uno de los dos organismos de ejecuci\u00f3n de los proyectos de desarrollo regional financiados por la cooperaci\u00f3n italiana de inter\u00e9s para Costa Rica.<\/p>\n<p>&nbsp;<\/p>\n<p><a href=\"https:\/\/ambsanjose.esteri.it\/wp-content\/uploads\/2024\/11\/Presentacion-AICS_Costa-Rica_2024_ES_compressed-1.pdf\"><img loading=\"lazy\" decoding=\"async\" class=\"\" src=\"https:\/\/ambsanjose.esteri.it\/wp-content\/uploads\/2024\/06\/Programmi-di-cooperazione-italiana-300x169.jpg\" width=\"521\" height=\"293\" \/><\/a><\/p>\n<p>&nbsp;<\/p>\n<p>&nbsp;<\/p>\n","protected":false},"excerpt":{"rendered":"La cooperaci\u00f3n internacional para el desarrollo sostenible es parte integrante y cualificadora de la pol\u00edtica exterior de Italia. Se inspira en los principios de la Carta de las Naciones Unidas y de la Carta de los Derechos Fundamentales de la Uni\u00f3n Europea. Su acci\u00f3n, de conformidad con el principio establecido en el art\u00edculo 11 de [&hellip;]","protected":false},"author":1,"featured_media":6350,"parent":157,"menu_order":6,"comment_status":"closed","ping_status":"closed","template":"","meta":{"footnotes":""},"class_list":["post-167","page","type-page","status-publish","has-post-thumbnail","hentry"],"_links":{"self":[{"href":"https:\/\/ambsanjose.esteri.it\/es\/wp-json\/wp\/v2\/pages\/167","targetHints":{"allow":["GET"]}}],"collection":[{"href":"https:\/\/ambsanjose.esteri.it\/es\/wp-json\/wp\/v2\/pages"}],"about":[{"href":"https:\/\/ambsanjose.esteri.it\/es\/wp-json\/wp\/v2\/types\/page"}],"author":[{"embeddable":true,"href":"https:\/\/ambsanjose.esteri.it\/es\/wp-json\/wp\/v2\/users\/1"}],"replies":[{"embeddable":true,"href":"https:\/\/ambsanjose.esteri.it\/es\/wp-json\/wp\/v2\/comments?post=167"}],"version-history":[{"count":6,"href":"https:\/\/ambsanjose.esteri.it\/es\/wp-json\/wp\/v2\/pages\/167\/revisions"}],"predecessor-version":[{"id":6653,"href":"https:\/\/ambsanjose.esteri.it\/es\/wp-json\/wp\/v2\/pages\/167\/revisions\/6653"}],"up":[{"embeddable":true,"href":"https:\/\/ambsanjose.esteri.it\/es\/wp-json\/wp\/v2\/pages\/157"}],"wp:featuredmedia":[{"embeddable":true,"href":"https:\/\/ambsanjose.esteri.it\/es\/wp-json\/wp\/v2\/media\/6350"}],"wp:attachment":[{"href":"https:\/\/ambsanjose.esteri.it\/es\/wp-json\/wp\/v2\/media?parent=167"}],"curies":[{"name":"wp","href":"https:\/\/api.w.org\/{rel}","templated":true}]}}