{"id":168,"date":"2023-04-11T17:08:57","date_gmt":"2023-04-11T23:08:57","guid":{"rendered":"https:\/\/ambsanjose.esteri.it\/servizi-consolari-e-visti\/"},"modified":"2024-07-11T09:54:57","modified_gmt":"2024-07-11T15:54:57","slug":"servizi-consolari-e-visti","status":"publish","type":"page","link":"https:\/\/ambsanjose.esteri.it\/es\/servizi-consolari-e-visti\/","title":{"rendered":"Servicios Consulares y Visas"},"content":{"rendered":"<p class=\"boxLevel03\">La Oficina Consular de la Embajada de Italia en San Jos\u00e9 eroga los servicios consulares seg\u00fan los principios de igualdad, imparcialidad, eficiencia y transparencia y respetando la normativa europea sobre la protecci\u00f3n de los datos personales (art. 13 Reg. UE 679\/2016).<\/p>\n<p>Los representantes diplom\u00e1tico-consulares en el exterior tutelan a los connacionales en varias circunstancias. Por ejemplo: ante la violaci\u00f3n de sus derechos fundamentales, arresto o detenci\u00f3n, emergencias en situaciones de crisis, b\u00fasqueda de familiares, emisi\u00f3n de documentos de viaje en caso de p\u00e9rdida o robo del pasaporte, repatriaci\u00f3n de cuerpos de los fallecidos.<\/p>\n<p><b>El ejercicio de algunos derechos y el acceso a algunos servicios, est\u00e1n limitados solo a los italianos inscritos en el \u201cAnagrafe degli Italiani Residenti all\u2019Estero (A.I.R.E.)<\/b>.<\/p>\n<p>Para una descripci\u00f3n detallada de los servicios brindados por la Red Diplom\u00e1tico-Consular italiana en el extranjero es posible consultar el sitio del\u00a0<a href=\"https:\/\/www.esteri.it\/it\/\">Ministero degli Affari Esteri e della Cooperazione Internazionale.&#8221;<\/a><\/p>\n<p class=\"boxLevel03\"><a href=\"https:\/\/ambsanjose.esteri.it\/it\/servizi-consolari-e-visti\/servizi-per-il-cittadino-italiano\/tariffa-consolare\/\"><strong>TABLAS DE LOS DERECHOS CONSULARES<\/strong><\/a><\/p>\n<p>&nbsp;<\/p>\n","protected":false},"excerpt":{"rendered":"La Oficina Consular de la Embajada de Italia en San Jos\u00e9 eroga los servicios consulares seg\u00fan los principios de igualdad, imparcialidad, eficiencia y transparencia y respetando la normativa europea sobre la protecci\u00f3n de los datos personales (art. 13 Reg. UE 679\/2016). Los representantes diplom\u00e1tico-consulares en el exterior tutelan a los connacionales en varias circunstancias. Por [&hellip;]","protected":false},"author":1,"featured_media":5447,"parent":0,"menu_order":6,"comment_status":"closed","ping_status":"closed","template":"","meta":{"footnotes":""},"class_list":["post-168","page","type-page","status-publish","has-post-thumbnail","hentry"],"_links":{"self":[{"href":"https:\/\/ambsanjose.esteri.it\/es\/wp-json\/wp\/v2\/pages\/168","targetHints":{"allow":["GET"]}}],"collection":[{"href":"https:\/\/ambsanjose.esteri.it\/es\/wp-json\/wp\/v2\/pages"}],"about":[{"href":"https:\/\/ambsanjose.esteri.it\/es\/wp-json\/wp\/v2\/types\/page"}],"author":[{"embeddable":true,"href":"https:\/\/ambsanjose.esteri.it\/es\/wp-json\/wp\/v2\/users\/1"}],"replies":[{"embeddable":true,"href":"https:\/\/ambsanjose.esteri.it\/es\/wp-json\/wp\/v2\/comments?post=168"}],"version-history":[{"count":6,"href":"https:\/\/ambsanjose.esteri.it\/es\/wp-json\/wp\/v2\/pages\/168\/revisions"}],"predecessor-version":[{"id":5449,"href":"https:\/\/ambsanjose.esteri.it\/es\/wp-json\/wp\/v2\/pages\/168\/revisions\/5449"}],"wp:featuredmedia":[{"embeddable":true,"href":"https:\/\/ambsanjose.esteri.it\/es\/wp-json\/wp\/v2\/media\/5447"}],"wp:attachment":[{"href":"https:\/\/ambsanjose.esteri.it\/es\/wp-json\/wp\/v2\/media?parent=168"}],"curies":[{"name":"wp","href":"https:\/\/api.w.org\/{rel}","templated":true}]}}