{"id":169,"date":"2023-04-11T18:23:52","date_gmt":"2023-04-12T00:23:52","guid":{"rendered":"https:\/\/ambsanjose.esteri.it\/italia-e-costa-rica\/diplomazia-economica\/fare-affari-in-costa-rica\/"},"modified":"2023-11-20T09:23:36","modified_gmt":"2023-11-20T15:23:36","slug":"fare-affari-in-costa-rica","status":"publish","type":"page","link":"https:\/\/ambsanjose.esteri.it\/es\/italia-e-costa-rica\/diplomazia-economica\/fare-affari-in-costa-rica\/","title":{"rendered":"Haciendo negocios en Costa Rica"},"content":{"rendered":"<p><strong>La Oficina Comercial de la Embajada de Italia<\/strong><\/p>\n<p>1. Nuestra tarea principal es ayudar y apoyar a las empresas italianas que deseen llevar sus productos o servicios al mercado de Costa Rica.<\/p>\n<p>Asesoramos y buscamos importadores, distribuidores y minoristas locales potenciales, nos ponemos en contacto con las empresas costarricenses que operan en todo tipo de sectores y, cuando es necesario, organizamos reuniones y seminarios B2B.<\/p>\n<ul>\n<li><a href=\"https:\/\/www.esteri.it\/it\/diplomazia-economica-e-politica-commerciale\/diplomaziaeconomica\/strumenti-e-servizi-informativi-per-le-imprese\/nexus\/\"><strong>Nexus<\/strong><\/a>\u00a0es la plataforma de gesti\u00f3n de contactos para apoyar a las empresas italianas que operan o est\u00e1n interesadas en operar en Costa Rica. A trav\u00e9s de esta plataforma, las empresas pueden dirigir f\u00e1cilmente sus solicitudes de asistencia a la Embajada en San Jose\u2019 rellenando un formulario online.<\/li>\n<\/ul>\n<p>En resumen, nuestra tarea es facilitar la colaboraci\u00f3n y el intercambio comercial, as\u00ed como el intercambio de conocimientos y mejores pr\u00e1cticas, entre empresas e instituciones p\u00fablicas italianas y costarricenses.<\/p>\n<p>&nbsp;<\/p>\n<p>2. Publicamos informes sobre la situaci\u00f3n econ\u00f3mica de Costa Rica y los intercambios comerciales entre Costa Rica e Italia.<\/p>\n<p>Los informes sobre los sectores econ\u00f3micos costarricenses y las nuevas oportunidades se publican en formato de libro electr\u00f3nico.<\/p>\n<ul>\n<li>Alimentamos el portal\u00a0<a href=\"https:\/\/www.infomercatiesteri.it\/paese.php?id_paesi=42\"><strong>Infomercatiesteri.it<\/strong><\/a>, la plataforma para los operadores econ\u00f3micos italianos que contiene informaci\u00f3n sobre los mercados extranjeros. Es posible acceder a informaci\u00f3n detallada sobre el mercado de Costa Rica y sobre el comercio de negocios con Italia.<\/li>\n<li>Somos activos en nuestro perfil de\u00a0<strong>LinkedIn<\/strong>\u00a0(Ambasciata d&#8217;Italia in Costa Rica).<\/li>\n<\/ul>\n<p>Encontramos las \u00e1reas de mercado en las que es m\u00e1s interesante invertir y mantenemos informado al mercado italiano sobre licitaciones y concursos.<\/p>\n<ul>\n<li>Alimentamos el portal\u00a0<a href=\"https:\/\/extender.esteri.it\/sito\/my-extender.asp\"><strong>ExTender<\/strong><\/a>, una amplia colecci\u00f3n de informaci\u00f3n personalizada sobre licitaciones y alertas tempranas sobre grandes proyectos en todo el mundo.<\/li>\n<\/ul>\n<p>&nbsp;<\/p>\n<p>3. Invitamos a los operadores costarricenses a participar en ferias y exposiciones en Italia, para presentarles la marca Made in Italy y ponerlos en contacto con los productores italianos m\u00e1s relevantes.<\/p>\n<p>&nbsp;<\/p>\n<p>4. Ayudamos a las empresas italianas a superar problemas administrativos e aduaneros con un servicio de asistencia a medida.<\/p>\n<p>Nos mantenemos en contacto con la comunidad empresarial italiana en Costa Rica a trav\u00e9s de un bolet\u00edn informativo, informaci\u00f3n personalizada y reuniones anuales.<\/p>\n<p>&nbsp;<\/p>\n<p><strong>INTRODUCCI\u00d3N A LA ECONOM\u00cdA DE COSTA RICA Y LA RELACI\u00d3N ECON\u00d3MICA BILATERAL:\u00a0<a href=\"https:\/\/ambsanjose.esteri.it\/ambasciata_sanjose\/it\/i_rapporti_bilaterali\/cooperazione_economica\/scheda_paese\">Ficha del Pais: Costa Rica\u00a0<\/a><\/strong><\/p>\n","protected":false},"excerpt":{"rendered":"La Oficina Comercial de la Embajada de Italia 1. Nuestra tarea principal es ayudar y apoyar a las empresas italianas que deseen llevar sus productos o servicios al mercado de Costa Rica. Asesoramos y buscamos importadores, distribuidores y minoristas locales potenciales, nos ponemos en contacto con las empresas costarricenses que operan en todo tipo de [&hellip;]","protected":false},"author":1,"featured_media":0,"parent":158,"menu_order":0,"comment_status":"closed","ping_status":"closed","template":"","meta":{"footnotes":""},"class_list":["post-169","page","type-page","status-publish","hentry"],"_links":{"self":[{"href":"https:\/\/ambsanjose.esteri.it\/es\/wp-json\/wp\/v2\/pages\/169","targetHints":{"allow":["GET"]}}],"collection":[{"href":"https:\/\/ambsanjose.esteri.it\/es\/wp-json\/wp\/v2\/pages"}],"about":[{"href":"https:\/\/ambsanjose.esteri.it\/es\/wp-json\/wp\/v2\/types\/page"}],"author":[{"embeddable":true,"href":"https:\/\/ambsanjose.esteri.it\/es\/wp-json\/wp\/v2\/users\/1"}],"replies":[{"embeddable":true,"href":"https:\/\/ambsanjose.esteri.it\/es\/wp-json\/wp\/v2\/comments?post=169"}],"version-history":[{"count":3,"href":"https:\/\/ambsanjose.esteri.it\/es\/wp-json\/wp\/v2\/pages\/169\/revisions"}],"predecessor-version":[{"id":2383,"href":"https:\/\/ambsanjose.esteri.it\/es\/wp-json\/wp\/v2\/pages\/169\/revisions\/2383"}],"up":[{"embeddable":true,"href":"https:\/\/ambsanjose.esteri.it\/es\/wp-json\/wp\/v2\/pages\/158"}],"wp:attachment":[{"href":"https:\/\/ambsanjose.esteri.it\/es\/wp-json\/wp\/v2\/media?parent=169"}],"curies":[{"name":"wp","href":"https:\/\/api.w.org\/{rel}","templated":true}]}}