{"id":172,"date":"2023-04-11T18:12:24","date_gmt":"2023-04-12T00:12:24","guid":{"rendered":"https:\/\/ambsanjose.esteri.it\/servizi-consolari-e-visti\/servizi-per-il-cittadino-italiano\/"},"modified":"2025-04-08T09:54:34","modified_gmt":"2025-04-08T15:54:34","slug":"servizi-per-il-cittadino-italiano","status":"publish","type":"page","link":"https:\/\/ambsanjose.esteri.it\/es\/servizi-consolari-e-visti\/servizi-per-il-cittadino-italiano\/","title":{"rendered":"Servicios para el ciudadano italiano"},"content":{"rendered":"<p><strong>En el territorio de Costa Rica los servicios consulares son asegurados por la Canciller\u00eda Consular de la Embajada de Italia en San Jos\u00e9.<\/strong><\/p>\n<p>&nbsp;<\/p>\n<p><strong>HORARIO DE LA OFICINA CONSULAR<\/strong><br \/>\nLa Oficina Consular de la Embajada est\u00e1 abierta al p\u00fablico con cita previa de lunes a viernes (9:00 &#8211; 12:00). Las citas se realizan a trav\u00e9s de la plataforma <a href=\"https:\/\/prenotami.esteri.it\/\"><strong>PRENOT@MI<\/strong>.<\/a><br \/>\n<img loading=\"lazy\" decoding=\"async\" class=\"alignnone size-medium wp-image-2565 img-fluid\" src=\"https:\/\/ambsanjose.esteri.it\/wp-content\/uploads\/2023\/11\/calen_prenotami-300x225.jpg\" alt=\"\" width=\"300\" height=\"225\" srcset=\"https:\/\/ambsanjose.esteri.it\/wp-content\/uploads\/2023\/11\/calen_prenotami-300x225.jpg 300w, https:\/\/ambsanjose.esteri.it\/wp-content\/uploads\/2023\/11\/calen_prenotami.jpg 718w\" sizes=\"auto, (max-width: 300px) 100vw, 300px\" \/><br \/>\nPara obtener informaci\u00f3n, comun\u00edquese con la Canciller\u00eda Consular escribiendo un correo electr\u00f3nico a consolare.sanjose@esteri.it<\/p>\n<p><strong>CONTACTOS\u00a0<\/strong><br \/>\nTambi\u00e9n es posible comunicarse con la oficina consular por tel\u00e9fono a los siguientes n\u00fameros: de lunes a viernes de 12.00 a 13.00 (en italiano y espa\u00f1ol) al <strong>+506 22246574<\/strong><br \/>\nCon el fin de mejorar el servicio, invitamos a los usuarios a seguir las siguientes sugerencias:<br \/>\n&#8211; Para obtener informaci\u00f3n sobre los servicios consulares, antes de llamar, consulte la p\u00e1gina dedicada. En cualquier caso, es preferible escribir un e-mail a\u00a0<a href=\"mailto:consolare.sanjose@steri.it\">consolare.sanjose@esteri.it<\/a>\u00a0que llamar.<\/p>\n<p><strong>N\u00daMEROS DE EMERGENCIA<\/strong><br \/>\n<strong>Fuera del horario laboral, y \u00fanicamente para reportar situaciones de emergencia graves y comprobadas que requieran intervenciones inmediatas e improrrogables (tales como: accidentes, detenciones, problemas m\u00e9dicos graves, desastres naturales, situaciones familiares graves) se encuentra activo el n\u00famero de EMERGENCIA:<\/strong><strong>\u00a0+506 88286286<\/strong><\/p>\n<p>&nbsp;<\/p>\n<p><strong>OFICINA CONSULAR \/ VISAS<\/strong><br \/>\nJefe de Gabinete: Dr. Michele CLEMENTE<br \/>\nJefe del Departamento de Visas: Dr. Matteo RIGOSI<br \/>\nJefa del Departamento de Pasaportes: Dra. Bruna ZAMBON<br \/>\nCorreo electr\u00f3nico:\u00a0<strong>consolare.sanjose@esteri.it<\/strong><\/p>\n<p>La oficina consular\/de visados:<\/p>\n<ul>\n<li>presta servicios consulares de acuerdo con los principios de igualdad, imparcialidad, eficiencia y transparencia y en cumplimiento de la legislaci\u00f3n europea sobre protecci\u00f3n de datos personales (art. 13 Reg. UE 679\/2016).<\/li>\n<li>Las misiones diplom\u00e1tico-consulares en el extranjero protegen a los compatriotas en diversas circunstancias. Por ejemplo: violaci\u00f3n de sus derechos fundamentales, arresto o detenci\u00f3n, urgencias en situaciones de crisis, b\u00fasqueda de familiares, expedici\u00f3n de documentos de viaje en caso de p\u00e9rdida o robo de pasaporte, repatriaci\u00f3n de restos mortales.<\/li>\n<li>El ejercicio de determinados derechos y el acceso a determinados servicios est\u00e1n limitados \u00fanicamente a los italianos inscritos en el Registro de Italianos Residentes en el Extranjero (AIRE), obligatorio en virtud de la Ley n\u00ba 470 de 1988.<\/li>\n<li>Para una descripci\u00f3n detallada de los servicios prestados por la red diplom\u00e1tico-consular italiana en el extranjero, consulte el sitio web del Ministerio de Asuntos Exteriores.<\/li>\n<li>Para una descripci\u00f3n de los servicios consulares que se pueden solicitar a la Canciller\u00eda Consular de la Embajada de Italia en San Jos\u00e9 y los formularios correspondientes, consulte la secci\u00f3n correspondiente.<\/li>\n<\/ul>\n","protected":false},"excerpt":{"rendered":"En el territorio de Costa Rica los servicios consulares son asegurados por la Canciller\u00eda Consular de la Embajada de Italia en San Jos\u00e9. &nbsp; HORARIO DE LA OFICINA CONSULAR La Oficina Consular de la Embajada est\u00e1 abierta al p\u00fablico con cita previa de lunes a viernes (9:00 &#8211; 12:00). Las citas se realizan a trav\u00e9s [&hellip;]","protected":false},"author":1,"featured_media":0,"parent":168,"menu_order":0,"comment_status":"closed","ping_status":"closed","template":"","meta":{"footnotes":""},"class_list":["post-172","page","type-page","status-publish","hentry"],"_links":{"self":[{"href":"https:\/\/ambsanjose.esteri.it\/es\/wp-json\/wp\/v2\/pages\/172","targetHints":{"allow":["GET"]}}],"collection":[{"href":"https:\/\/ambsanjose.esteri.it\/es\/wp-json\/wp\/v2\/pages"}],"about":[{"href":"https:\/\/ambsanjose.esteri.it\/es\/wp-json\/wp\/v2\/types\/page"}],"author":[{"embeddable":true,"href":"https:\/\/ambsanjose.esteri.it\/es\/wp-json\/wp\/v2\/users\/1"}],"replies":[{"embeddable":true,"href":"https:\/\/ambsanjose.esteri.it\/es\/wp-json\/wp\/v2\/comments?post=172"}],"version-history":[{"count":6,"href":"https:\/\/ambsanjose.esteri.it\/es\/wp-json\/wp\/v2\/pages\/172\/revisions"}],"predecessor-version":[{"id":8358,"href":"https:\/\/ambsanjose.esteri.it\/es\/wp-json\/wp\/v2\/pages\/172\/revisions\/8358"}],"up":[{"embeddable":true,"href":"https:\/\/ambsanjose.esteri.it\/es\/wp-json\/wp\/v2\/pages\/168"}],"wp:attachment":[{"href":"https:\/\/ambsanjose.esteri.it\/es\/wp-json\/wp\/v2\/media?parent=172"}],"curies":[{"name":"wp","href":"https:\/\/api.w.org\/{rel}","templated":true}]}}