{"id":173,"date":"2023-04-11T18:13:11","date_gmt":"2023-04-12T00:13:11","guid":{"rendered":"https:\/\/ambsanjose.esteri.it\/servizi-consolari-e-visti\/servizi-per-il-cittadino-italiano\/passaporti-e-carte-didentita\/"},"modified":"2026-01-13T08:09:00","modified_gmt":"2026-01-13T14:09:00","slug":"passaporti-e-carte-didentita","status":"publish","type":"page","link":"https:\/\/ambsanjose.esteri.it\/es\/servizi-consolari-e-visti\/servizi-per-il-cittadino-italiano\/passaporti-e-carte-didentita\/","title":{"rendered":"Pasaportes"},"content":{"rendered":"<h3 class=\"boxLevel03\"><strong>Entrega (para ciudadanos italianos inscritos en A.I.R.E. residentes en Costa Rica)<\/strong><\/h3>\n<p>Para tomar una cita para la entrega del pasaporte es necesario registrarse en el portal en l\u00ednea\u00a0<a href=\"https:\/\/prenotami.esteri.it\/\"><strong>PRENOT@MI<\/strong><\/a>.<br \/>\nEl pasaporte le ser\u00e1 entregado por la Oficina Consular de la Embajada de Italia en San Jos\u00e9.<\/p>\n<p><strong><br \/>\nRequisitos:<\/strong><\/p>\n<p><strong>MAYORES DE EDAD<\/strong>:<\/p>\n<ul>\n<li>Haber tomado una cita en el portal\u00a0<a href=\"https:\/\/prenotami.esteri.it\/\"><strong>PRENOT@MI<\/strong><\/a>.<\/li>\n<li>Estar inscrito en A.I.R.E. (Anagrafe Italiani Residenti all\u2019Estero).<\/li>\n<li>Ser residente en Costa Rica.<\/li>\n<li>Tener su informaci\u00f3n de estado civil (nacimiento, matrimonio, divorcio, etc.) actualizada en nuestro registro consular, y haber inscrito a todos los menores de edad de su n\u00facleo familiar.<\/li>\n<li>Tener una direcci\u00f3n de residencia actualizada en nuestro registro consular.<\/li>\n<li>Presentar su pasaporte precedente (vencido o por vencer).<\/li>\n<li>Si se trata de su primer pasaporte italiano, deber\u00e1 presentar un documento de identidad v\u00e1lido.<\/li>\n<li>La foto para el pasaporte se toma en la Oficina Consular de la Embajada el dia de la cita.<\/li>\n<li>Pagar el equivalente de \u20ac116 en Colones (CRC), en efectivo o con tarjeta.<br \/>\nEncontrara&#8217; el precio actualizado en la\u00a0<a href=\"https:\/\/ambsanjose.esteri.it\/es\/servizi-consolari-e-visti\/servizi-per-il-cittadino-italiano\/tarifa-consular\/\"><strong>Tabla de derechos consulares<\/strong><\/a>.<\/li>\n<\/ul>\n<p>&nbsp;<\/p>\n<p><strong><br \/>\nMENORES DE EDAD:<\/strong><\/p>\n<ul>\n<li>Haber tomado una cita en el portal\u00a0<a href=\"https:\/\/prenotami.esteri.it\/\"><strong>PRENOT@MI<\/strong><\/a>.<\/li>\n<li>Para la entrega del pasaporte para los menores de edad, se necesita la autorizaci\u00f3n de parte de los dos padres (acta de consentimiento \u201catto di assenso\u201d). Es necesario que los dos padres firmen el m\u00f3dulo del acta de consentimiento para la entrega del pasaporte. (encontrar\u00e1 el m\u00f3dulo del acta de consentimiento en la secci\u00f3n \u201cDocumentaci\u00f3n\u201d)<\/li>\n<li>Estar inscrito en A.I.R.E. (Anagrafe Italiani Residenti all\u2019Estero).<\/li>\n<li>Ser residentes en Costa Rica.<\/li>\n<li>El menor tiene que estar registrado como ciudadano italiano antes de hacer la solicitud del pasaporte.<\/li>\n<li>Presentar el pasaporte precedente (vencido o por vencer).<\/li>\n<li>Presentar un documento de identidad v\u00e1lido,\u00a0<strong><strong>del menor y de los dos padres.<\/strong><\/strong><\/li>\n<li>Los menores de 12 a\u00f1os deben presentar una fotograf\u00eda reciente, en formato pasaporte (3,5cm x 4,0cm, con fondo blanco). (encontrar\u00e1 las especificaciones para las fotos pasaporte en la secci\u00f3n\u00a0<strong>\u201cDocumentaci\u00f3n\u201d<\/strong>)<\/li>\n<li>Pagar el equivalente de \u20ac116 en Colones (CRC), en efectivo o con tarjeta. Enlace a precios actualizados en Colones: <a href=\"https:\/\/ambsanjose.esteri.it\/es\/servizi-consolari-e-visti\/servizi-per-il-cittadino-italiano\/tarifa-consular\/\"><strong>Tabella dei diritti consolari<\/strong><\/a>.<\/li>\n<\/ul>\n<p><strong>NOTA:<\/strong>\u00a0si uno de los padres (de ciudadan\u00eda italiana) no puede presentarse a la Oficina Consular, deber\u00e1 de adjuntar a la solicitud su acta de consentimiento compilada y firmada, junto a una fotocopia (de frente y detr\u00e1s) de un documento de identidad v\u00e1lido firmado por el declarante. Esta puede ser enviada v\u00eda email a la direcci\u00f3n de correo electr\u00f3nico:\u00a0<a href=\"mailto:consolare.sanjose@esteri.it\">consolare.sanjose@esteri.it<\/a>.<\/p>\n<p><strong>NOTA:<\/strong> si uno de los padres no es ciudadano italiano, debe firmar el consentimiento frente a la autoridad consular.<\/p>\n<p><strong>NOTA:<\/strong>\u00a0en caso de que uno de los padres haya fallecido, bastar\u00e1 presentar una copia del certificado de muerte.<\/p>\n<p><strong>NOTA:<\/strong>\u00a0los menores de 12 a\u00f1os no est\u00e1n obligados a dar sus huellas digitales o poner su firma en el pasaporte.<\/p>\n<p>&nbsp;<\/p>\n<h3><strong>EN CASO DE ROBO O PERDIDA DEL PASAPORTE:<\/strong><\/h3>\n<p>NO RESIDENTES EN COSTA RICA:<\/p>\n<p><strong>La Embajada puede entregarle un documento de viaje provisorio (ETD \u2013 Emergency Travel Document)<\/strong>, a un ciudadano italiano que haya perdido, o al que le hayan robado su pasaporte italiano.\u00a0<strong>Este documento temporal tiene una validez limitada para los pa\u00edses de tr\u00e1nsito y hasta el regreso a Italia.<\/strong>\u00a0La persona interesada deber\u00e1 presentarse a la Embajada (con cita) en una fecha cercana a su viaje de regreso, con los siguientes documentos:<\/p>\n<ul>\n<li>Un documento de identidad con fotograf\u00eda (original y fotocopia).<\/li>\n<li>2 fotograf\u00edas (iguales, frontales y a color).<\/li>\n<li>Denuncia de robo o p\u00e9rdida a la polic\u00eda (Organismo de Investigaci\u00f3n Judicial \u2013 OIJ) (original y fotocopia).<\/li>\n<li>Fotocopia de su itinerario de viaje de regreso a Italia.<\/li>\n<\/ul>\n<p>NOTA: Los Estados Unidos de Am\u00e9rica no reconocen este documento temporal. Por lo tanto, se recomienda cambiar de ruta. Si esto no es posible, ser\u00e1 necesario pedir una \u201cdelega\u201d para la entrega de un nuevo pasaporte a la Questura o Consulado competente.\u00a0<strong>Los tiempos de espera pueden variar: de 3 hasta 30 d\u00edas, y no dependen de la Embajada.<\/strong><\/p>\n","protected":false},"excerpt":{"rendered":"Entrega (para ciudadanos italianos inscritos en A.I.R.E. residentes en Costa Rica) Para tomar una cita para la entrega del pasaporte es necesario registrarse en el portal en l\u00ednea\u00a0PRENOT@MI. El pasaporte le ser\u00e1 entregado por la Oficina Consular de la Embajada de Italia en San Jos\u00e9. Requisitos: MAYORES DE EDAD: Haber tomado una cita en el [&hellip;]","protected":false},"author":1,"featured_media":0,"parent":172,"menu_order":0,"comment_status":"closed","ping_status":"closed","template":"","meta":{"footnotes":""},"class_list":["post-173","page","type-page","status-publish","hentry"],"_links":{"self":[{"href":"https:\/\/ambsanjose.esteri.it\/es\/wp-json\/wp\/v2\/pages\/173","targetHints":{"allow":["GET"]}}],"collection":[{"href":"https:\/\/ambsanjose.esteri.it\/es\/wp-json\/wp\/v2\/pages"}],"about":[{"href":"https:\/\/ambsanjose.esteri.it\/es\/wp-json\/wp\/v2\/types\/page"}],"author":[{"embeddable":true,"href":"https:\/\/ambsanjose.esteri.it\/es\/wp-json\/wp\/v2\/users\/1"}],"replies":[{"embeddable":true,"href":"https:\/\/ambsanjose.esteri.it\/es\/wp-json\/wp\/v2\/comments?post=173"}],"version-history":[{"count":6,"href":"https:\/\/ambsanjose.esteri.it\/es\/wp-json\/wp\/v2\/pages\/173\/revisions"}],"predecessor-version":[{"id":11150,"href":"https:\/\/ambsanjose.esteri.it\/es\/wp-json\/wp\/v2\/pages\/173\/revisions\/11150"}],"up":[{"embeddable":true,"href":"https:\/\/ambsanjose.esteri.it\/es\/wp-json\/wp\/v2\/pages\/172"}],"wp:attachment":[{"href":"https:\/\/ambsanjose.esteri.it\/es\/wp-json\/wp\/v2\/media?parent=173"}],"curies":[{"name":"wp","href":"https:\/\/api.w.org\/{rel}","templated":true}]}}