{"id":174,"date":"2023-04-11T18:17:44","date_gmt":"2023-04-12T00:17:44","guid":{"rendered":"https:\/\/ambsanjose.esteri.it\/servizi-consolari-e-visti\/servizi-per-il-cittadino-italiano\/emergency-travel-documents-etd\/"},"modified":"2026-01-13T08:07:46","modified_gmt":"2026-01-13T14:07:46","slug":"emergency-travel-documents-etd","status":"publish","type":"page","link":"https:\/\/ambsanjose.esteri.it\/es\/servizi-consolari-e-visti\/servizi-per-il-cittadino-italiano\/emergency-travel-documents-etd\/","title":{"rendered":"Documentos de viaje de emergencia (ETD)"},"content":{"rendered":"<div class=\"sr-only\">Si un ciudadano italiano no residente en Costa Rica sufre el robo\/p\u00e9rdida de su documento de identidad italiano, la Canciller\u00eda Consular en San Jos\u00e9 puede emitir un documento de viaje provisional, denominado <strong>ETD (Documento de Viaje de Emergencia)<\/strong>.<\/div>\n<div>\n<p>El ETD es v\u00e1lido para un solo viaje de regreso a Italia o al pa\u00eds extranjero de residencia permanente (este \u00faltimo debe ser probado por el registro de AIRE en ese pa\u00eds), sin escala en los EE. UU.<\/p>\n<p>Para emitir el documento provisional, es necesario acudir a la Canciller\u00eda Consular de la Embajada de Italia en San Jos\u00e9 durante el horario de atenci\u00f3n al p\u00fablico.<\/p>\n<p><strong>Documentaci\u00f3n a presentar:<\/strong><\/p>\n<p>&#8211; Formulario de solicitud, que ser\u00e1 facilitado por la oficina y cumplimentado in situ por el interesado;<br \/>\n&#8211; 2 fotograf\u00edas a color, tama\u00f1o pasaporte (35&#215;40 cm);<br \/>\n&#8211; Informe original de robo\/p\u00e9rdida de pasaporte\/documento de identidad presentado a las autoridades policiales;<br \/>\n&#8211; Exhibici\u00f3n de un documento de identificaci\u00f3n original (por ejemplo, licencia de conducir). Alternativamente: fotocopia del documento robado\/perdido.<br \/>\n&#8211; Boleto a\u00e9reo, o impresi\u00f3n de la reserva de viaje, o tarjeta de embarque;<\/p>\n<p>El pago de la tasa de ETD debe hacerse en efectivo o con tarjeta.<\/p>\n<p>En el caso de ETD a ser emitidos a favor de menores de edad, se requiere un acto de consentimiento emitido por escrito por ambos padres.<br \/>\nSi uno de los padres no es ciudadano de la UE, la firma de este padre debe ser autenticada en la Canciller\u00eda Consular en San Jos\u00e9.<\/p>\n<\/div>\n","protected":false},"excerpt":{"rendered":"Si un ciudadano italiano no residente en Costa Rica sufre el robo\/p\u00e9rdida de su documento de identidad italiano, la Canciller\u00eda Consular en San Jos\u00e9 puede emitir un documento de viaje provisional, denominado ETD (Documento de Viaje de Emergencia). El ETD es v\u00e1lido para un solo viaje de regreso a Italia o al pa\u00eds extranjero de [&hellip;]","protected":false},"author":1,"featured_media":0,"parent":172,"menu_order":2,"comment_status":"closed","ping_status":"closed","template":"","meta":{"footnotes":""},"class_list":["post-174","page","type-page","status-publish","hentry"],"_links":{"self":[{"href":"https:\/\/ambsanjose.esteri.it\/es\/wp-json\/wp\/v2\/pages\/174","targetHints":{"allow":["GET"]}}],"collection":[{"href":"https:\/\/ambsanjose.esteri.it\/es\/wp-json\/wp\/v2\/pages"}],"about":[{"href":"https:\/\/ambsanjose.esteri.it\/es\/wp-json\/wp\/v2\/types\/page"}],"author":[{"embeddable":true,"href":"https:\/\/ambsanjose.esteri.it\/es\/wp-json\/wp\/v2\/users\/1"}],"replies":[{"embeddable":true,"href":"https:\/\/ambsanjose.esteri.it\/es\/wp-json\/wp\/v2\/comments?post=174"}],"version-history":[{"count":4,"href":"https:\/\/ambsanjose.esteri.it\/es\/wp-json\/wp\/v2\/pages\/174\/revisions"}],"predecessor-version":[{"id":11144,"href":"https:\/\/ambsanjose.esteri.it\/es\/wp-json\/wp\/v2\/pages\/174\/revisions\/11144"}],"up":[{"embeddable":true,"href":"https:\/\/ambsanjose.esteri.it\/es\/wp-json\/wp\/v2\/pages\/172"}],"wp:attachment":[{"href":"https:\/\/ambsanjose.esteri.it\/es\/wp-json\/wp\/v2\/media?parent=174"}],"curies":[{"name":"wp","href":"https:\/\/api.w.org\/{rel}","templated":true}]}}