{"id":175,"date":"2023-04-11T18:18:08","date_gmt":"2023-04-12T00:18:08","guid":{"rendered":"https:\/\/ambsanjose.esteri.it\/servizi-consolari-e-visti\/servizi-per-il-cittadino-italiano\/stato-civile\/"},"modified":"2026-01-13T08:04:43","modified_gmt":"2026-01-13T14:04:43","slug":"stato-civile","status":"publish","type":"page","link":"https:\/\/ambsanjose.esteri.it\/es\/servizi-consolari-e-visti\/servizi-per-il-cittadino-italiano\/stato-civile\/","title":{"rendered":"Estado civil"},"content":{"rendered":"<p class=\"boxLevel03\"><strong>El estado civil registra los eventos esenciales del ciudadano: nacimiento, matrimonio, defunci\u00f3n, divorcio, ciudadan\u00eda.<\/strong><\/p>\n<p>Seg\u00fan la ley, los ciudadanos italianos deben declarar todas las variaciones de estado civil que se verifican durante su permanencia en Costa Rica. Por lo tanto, es obligaci\u00f3n del ciudadano entregar los certificados y la documentaci\u00f3n relativa al estado civil a la Oficina Consular de la Embajada de Italia en Costa Rica.<\/p>\n<p>La oficina consular se encarga de actualizar la base de datos en su archivo y transmite el certificado de estado civil al municipio italiano de referencia con las modalidades previstas por la normativa vigente.<\/p>\n<p>Los ciudadanos tambi\u00e9n pueden entregar sus actas de estado civil, debidamente legalizadas o apostilladas y traducidas, directamente a su municipio italiano de pertenencia (art. 12, coma 11, DPR 396\/2000). En estos casos, despu\u00e9s de haber entregado el acta directamente al municipio, se recomienda de todos modos entregar una copia a la Oficina Consular para poder actualizar los datos en el archivo consular.<\/p>\n<p>Es deber de cada ciudadano informar prontamente a la Oficina Consular acerca de cada cambio en su estado civil y en el de los componentes de su n\u00facleo familiar.\u00a0Todas las solicitudes de transcripci\u00f3n de actas de estado civil son gratuitas.<\/p>\n<p>Las citas para los procedimientos relacionados a las actas de estado civil se reservan a trav\u00e9s del portal\u00a0<a href=\"https:\/\/prenotami.esteri.it\/\">Prenot@Mi<\/a>\u00a0\u2192 Opzione Anagrafe\/A.I.R.E.<\/p>\n<p><em><strong>NOTA:<\/strong><\/em>\u00a0las copias originales se conservan en el dosier consular personal y no se devuelven.<\/p>\n<p><em><strong>NOTA:<\/strong><\/em>\u00a0puede encontrar una lista de traductores reconocidos por la Embajada de Italia en Costa Rica al final de la p\u00e1gina.<\/p>\n<p><strong><br \/>\nREGISTRAR UN NACIMIENTO:<\/strong><\/p>\n<p>El nacimiento en el extranjero de un hijo de un ciudadano italiano, incluso si posee otra nacionalidad, debe registrarse en Italia. El registro es necesario para el reconocimiento de la ciudadan\u00eda italiana.<\/p>\n<p>Para efectuar la comunicaci\u00f3n de nacimiento, los padres de la persona por registrar, deben presentarse a la Oficina Consular, con los siguientes documentos:<\/p>\n<p>1. Certificado de nacimiento apostillado, emitido por el Registro Civil de Costa Rica, junto con una traducci\u00f3n del certificado al italiano apostillada, hecha por un traductor oficial.<\/p>\n<p>2. Documentaci\u00f3n que compruebe la ciudadan\u00eda italiana de, por lo menos, uno de los padres (carta d\u2019identit\u00e0, pasaporte italiano o certificado de ciudadan\u00eda italiana).<\/p>\n<p>NOTA: en el caso que el nacimiento por registrar haya ocurrido fuera de Costa Rica, ser\u00e1 necesario presentar el certificado de nacimiento del pa\u00eds donde se dio el nacimiento, emitido por la oficina de estado civil competente.<\/p>\n<p><strong><br \/>\nREGISTRAR UN MATRIMONIO O UNI\u00d3N CIVIL:<\/strong><\/p>\n<p>La uni\u00f3n civil o el matrimonio celebrado en Costa Rica debe transcribirse en el municipio italiano de pertenencia para tener valor en Italia.<\/p>\n<p>Para registrar en Italia una uni\u00f3n civil o un matrimonio celebrado en Costa Rica ser\u00e1 necesario presentar la siguiente documentaci\u00f3n a la Oficina Consular:<\/p>\n<p>1. Certificado de matrimonio o de uni\u00f3n civil apostillado, emitido por el Registro Civil de Costa Rica, junto con una traducci\u00f3n del certificado al italiano apostillada, hecha por un traductor oficial.<\/p>\n<p>2. Documento de identidad de ambos c\u00f3nyuges en original y fotocopia.<\/p>\n<p><em><strong>NOTA<\/strong><\/em>: en el caso que el matrimonio o la uni\u00f3n civil se haya celebrado fuera de Costa Rica, ser\u00e1 necesario presentar el certificado de matrimonio o uni\u00f3n civil emitido por las autoridades competentes del pa\u00eds donde se celebr\u00f3 el matrimonio o la uni\u00f3n civil.<\/p>\n<p><strong><br \/>\nREGISTRAR UNA SENTENCIA DE DIVORCIO PRONUNCIADA EN COSTA RICA:<\/strong><\/p>\n<p>La sentencia de divorcio pronunciada en el extranjero se considera v\u00e1lida autom\u00e1ticamente en Italia mientras cumpla con los requisitos del art. 64 y ss. De la Ley n. 218\/1995.<\/p>\n<p>Para registrar en Italia un divorcio pronunciado en Costa Rica deber\u00e1 presentar los siguientes documentos:<\/p>\n<p>&#8211; Sentencia de divorcio en firme. Emitida por el tribunal costarricense competente, apostillada y con traducci\u00f3n al italiano apostillada, hecha por un traductor oficial.<\/p>\n<p><strong><br \/>\nREGISTRAR UNA DEFUNCI\u00d3N:<\/strong><\/p>\n<p>La defunci\u00f3n de un ciudadano italiano ocurrida en Costa Rica debe transcribirse en Italia.<\/p>\n<p>Para registrar la muerte de un ciudadano italiano ocurrida en Costa Rica ser\u00e1 necesario presentar:<\/p>\n<p>1. Certificado de defunci\u00f3n apostillado, emitido por el Registro Civil de Costa Rica, junto con una traducci\u00f3n del certificado al italiano apostillada, hecha por un traductor oficial.<\/p>\n<p>2. Fotocopia de un documento de identidad del fallecido.<\/p>\n<p><strong>Certificaciones de actas de estado civil italianas:<\/strong><\/p>\n<p>Las certificaciones de las actas de estado civil italianas las emiten exclusivamente los municipios. Deben ser solicitadas por el interesado directamente al municipio en el cual el acta est\u00e9 registrada.<\/p>\n","protected":false},"excerpt":{"rendered":"El estado civil registra los eventos esenciales del ciudadano: nacimiento, matrimonio, defunci\u00f3n, divorcio, ciudadan\u00eda. Seg\u00fan la ley, los ciudadanos italianos deben declarar todas las variaciones de estado civil que se verifican durante su permanencia en Costa Rica. Por lo tanto, es obligaci\u00f3n del ciudadano entregar los certificados y la documentaci\u00f3n relativa al estado civil a [&hellip;]","protected":false},"author":1,"featured_media":2564,"parent":172,"menu_order":4,"comment_status":"closed","ping_status":"closed","template":"","meta":{"footnotes":""},"class_list":["post-175","page","type-page","status-publish","has-post-thumbnail","hentry"],"_links":{"self":[{"href":"https:\/\/ambsanjose.esteri.it\/es\/wp-json\/wp\/v2\/pages\/175","targetHints":{"allow":["GET"]}}],"collection":[{"href":"https:\/\/ambsanjose.esteri.it\/es\/wp-json\/wp\/v2\/pages"}],"about":[{"href":"https:\/\/ambsanjose.esteri.it\/es\/wp-json\/wp\/v2\/types\/page"}],"author":[{"embeddable":true,"href":"https:\/\/ambsanjose.esteri.it\/es\/wp-json\/wp\/v2\/users\/1"}],"replies":[{"embeddable":true,"href":"https:\/\/ambsanjose.esteri.it\/es\/wp-json\/wp\/v2\/comments?post=175"}],"version-history":[{"count":4,"href":"https:\/\/ambsanjose.esteri.it\/es\/wp-json\/wp\/v2\/pages\/175\/revisions"}],"predecessor-version":[{"id":11134,"href":"https:\/\/ambsanjose.esteri.it\/es\/wp-json\/wp\/v2\/pages\/175\/revisions\/11134"}],"up":[{"embeddable":true,"href":"https:\/\/ambsanjose.esteri.it\/es\/wp-json\/wp\/v2\/pages\/172"}],"wp:featuredmedia":[{"embeddable":true,"href":"https:\/\/ambsanjose.esteri.it\/es\/wp-json\/wp\/v2\/media\/2564"}],"wp:attachment":[{"href":"https:\/\/ambsanjose.esteri.it\/es\/wp-json\/wp\/v2\/media?parent=175"}],"curies":[{"name":"wp","href":"https:\/\/api.w.org\/{rel}","templated":true}]}}