{"id":176,"date":"2023-04-11T18:18:20","date_gmt":"2023-04-12T00:18:20","guid":{"rendered":"https:\/\/ambsanjose.esteri.it\/servizi-consolari-e-visti\/servizi-per-il-cittadino-italiano\/assistenza-ai-cittadini-allestero\/"},"modified":"2025-09-22T09:17:03","modified_gmt":"2025-09-22T15:17:03","slug":"assistenza-ai-cittadini-allestero","status":"publish","type":"page","link":"https:\/\/ambsanjose.esteri.it\/es\/servizi-consolari-e-visti\/servizi-per-il-cittadino-italiano\/assistenza-ai-cittadini-allestero\/","title":{"rendered":"Asistencia a ciudadanos en el extranjero"},"content":{"rendered":"<p>El servicio de asistencia social est\u00e1 destinado a los ciudadanos italianos que se encuentran en situaci\u00f3n de indigencia. Los ciudadanos italianos pueden recibir por parte del Consulado una ayuda econ\u00f3mica o de otro tipo para superar una dificultad moment\u00e1nea.<\/p>\n<p>Las intervenciones asistenciales que la Oficina Consular puede realizar a favor del ciudadano italiano que se encuentre en estado de dificultad &#8211; y que las solicite &#8211; no son f\u00e1ciles de catalogar. Sin embargo, entre ellos se encuentran:<\/p>\n<p>&#8211; asistencia a los presos<\/p>\n<p>&#8211; asistencia econ\u00f3mica<\/p>\n<p>&#8211; asistencia sanitaria<\/p>\n<p>&#8211; asistencia legal<\/p>\n<p>&#8211; asistencia en caso de robo o p\u00e9rdida de documentos<\/p>\n<p>&#8211; asistencia en la b\u00fasqueda de compatriotas<\/p>\n<p>&#8211; repatriaci\u00f3n<\/p>\n<p>&#8211; repatriaci\u00f3n de restos mortales<\/p>\n<p>Adem\u00e1s, de acuerdo con las disposiciones vigentes, la oficina consular puede prestar asistencia &#8211; para intervenciones espec\u00edficas &#8211; tambi\u00e9n a ciudadanos de la Uni\u00f3n Europea.<\/p>\n","protected":false},"excerpt":{"rendered":"El servicio de asistencia social est\u00e1 destinado a los ciudadanos italianos que se encuentran en situaci\u00f3n de indigencia. Los ciudadanos italianos pueden recibir por parte del Consulado una ayuda econ\u00f3mica o de otro tipo para superar una dificultad moment\u00e1nea. Las intervenciones asistenciales que la Oficina Consular puede realizar a favor del ciudadano italiano que se [&hellip;]","protected":false},"author":1,"featured_media":0,"parent":172,"menu_order":6,"comment_status":"closed","ping_status":"closed","template":"","meta":{"footnotes":""},"class_list":["post-176","page","type-page","status-publish","hentry"],"_links":{"self":[{"href":"https:\/\/ambsanjose.esteri.it\/es\/wp-json\/wp\/v2\/pages\/176","targetHints":{"allow":["GET"]}}],"collection":[{"href":"https:\/\/ambsanjose.esteri.it\/es\/wp-json\/wp\/v2\/pages"}],"about":[{"href":"https:\/\/ambsanjose.esteri.it\/es\/wp-json\/wp\/v2\/types\/page"}],"author":[{"embeddable":true,"href":"https:\/\/ambsanjose.esteri.it\/es\/wp-json\/wp\/v2\/users\/1"}],"replies":[{"embeddable":true,"href":"https:\/\/ambsanjose.esteri.it\/es\/wp-json\/wp\/v2\/comments?post=176"}],"version-history":[{"count":3,"href":"https:\/\/ambsanjose.esteri.it\/es\/wp-json\/wp\/v2\/pages\/176\/revisions"}],"predecessor-version":[{"id":9984,"href":"https:\/\/ambsanjose.esteri.it\/es\/wp-json\/wp\/v2\/pages\/176\/revisions\/9984"}],"up":[{"embeddable":true,"href":"https:\/\/ambsanjose.esteri.it\/es\/wp-json\/wp\/v2\/pages\/172"}],"wp:attachment":[{"href":"https:\/\/ambsanjose.esteri.it\/es\/wp-json\/wp\/v2\/media?parent=176"}],"curies":[{"name":"wp","href":"https:\/\/api.w.org\/{rel}","templated":true}]}}