{"id":177,"date":"2023-04-11T18:18:56","date_gmt":"2023-04-12T00:18:56","guid":{"rendered":"https:\/\/ambsanjose.esteri.it\/servizi-consolari-e-visti\/servizi-per-il-cittadino-italiano\/servizi-elettorali\/"},"modified":"2023-10-18T12:52:59","modified_gmt":"2023-10-18T18:52:59","slug":"servizi-elettorali","status":"publish","type":"page","link":"https:\/\/ambsanjose.esteri.it\/es\/servizi-consolari-e-visti\/servizi-per-il-cittadino-italiano\/servizi-elettorali\/","title":{"rendered":"Servicios electorales"},"content":{"rendered":"<p class=\"boxLevel03\">Los ciudadanos italianos residentes en el extranjero y debidamente inscritos en la AIRE pueden ejercer su derecho al voto en el extranjero en su lugar de residencia para las elecciones pol\u00edticas nacionales, para los referendos abrogativos y constitucionales previstos en los art\u00edculos 75 y 138 de la Constituci\u00f3n y para las elecciones al Parlamento Europeo.<\/p>\n<p>El\u00a0<strong>voto en el extranjero para las elecciones pol\u00edticas nacionales<\/strong>\u00a0y los referendos est\u00e1 regulado por la Ley n\u00ba 459 de 27 de diciembre de 2001 y por el correspondiente reglamento de aplicaci\u00f3n (Decreto Presidencial n\u00ba 104 de 2 de abril de 2003), en aplicaci\u00f3n de los art\u00edculos 48, 56 y 57 de la Constituci\u00f3n, que establecen la circunscripci\u00f3n electoral de ultramar.<\/p>\n<p>En cambio, el voto en el extranjero para la\u00a0<strong>elecci\u00f3n de los representantes italianos en el Parlamento Europeo<\/strong>\u00a0est\u00e1 regulado por la Ley n\u00ba 18 de 24 de enero de 1979 y el Decreto Ley n\u00ba 408 de 24 de junio de 1994 (convertido en Ley n\u00ba 483 de 3 de agosto de 1994).<\/p>\n<p>Los electores italianos residentes en el extranjero y debidamente inscritos en la AIRE tambi\u00e9n pueden votar para la elecci\u00f3n de los representantes de los\u00a0<strong>COMITES &#8211; Comit\u00e9s de Italianos en el Extranjero<\/strong>\u00a0(Ley n\u00b0 283 de 23 de octubre de 2003).<\/p>\n<p><strong>SERVICIOS ELECTORALES<\/strong><\/p>\n<p>La Oficina de Servicios Electorales es responsable de la gesti\u00f3n de todas las elecciones nacionales y europeas a las que est\u00e1n llamados a participar los electores residentes en la circunscripci\u00f3n.<\/p>\n","protected":false},"excerpt":{"rendered":"Los ciudadanos italianos residentes en el extranjero y debidamente inscritos en la AIRE pueden ejercer su derecho al voto en el extranjero en su lugar de residencia para las elecciones pol\u00edticas nacionales, para los referendos abrogativos y constitucionales previstos en los art\u00edculos 75 y 138 de la Constituci\u00f3n y para las elecciones al Parlamento Europeo. [&hellip;]","protected":false},"author":1,"featured_media":0,"parent":172,"menu_order":8,"comment_status":"closed","ping_status":"closed","template":"","meta":{"footnotes":""},"class_list":["post-177","page","type-page","status-publish","hentry"],"_links":{"self":[{"href":"https:\/\/ambsanjose.esteri.it\/es\/wp-json\/wp\/v2\/pages\/177","targetHints":{"allow":["GET"]}}],"collection":[{"href":"https:\/\/ambsanjose.esteri.it\/es\/wp-json\/wp\/v2\/pages"}],"about":[{"href":"https:\/\/ambsanjose.esteri.it\/es\/wp-json\/wp\/v2\/types\/page"}],"author":[{"embeddable":true,"href":"https:\/\/ambsanjose.esteri.it\/es\/wp-json\/wp\/v2\/users\/1"}],"replies":[{"embeddable":true,"href":"https:\/\/ambsanjose.esteri.it\/es\/wp-json\/wp\/v2\/comments?post=177"}],"version-history":[{"count":4,"href":"https:\/\/ambsanjose.esteri.it\/es\/wp-json\/wp\/v2\/pages\/177\/revisions"}],"predecessor-version":[{"id":497,"href":"https:\/\/ambsanjose.esteri.it\/es\/wp-json\/wp\/v2\/pages\/177\/revisions\/497"}],"up":[{"embeddable":true,"href":"https:\/\/ambsanjose.esteri.it\/es\/wp-json\/wp\/v2\/pages\/172"}],"wp:attachment":[{"href":"https:\/\/ambsanjose.esteri.it\/es\/wp-json\/wp\/v2\/media?parent=177"}],"curies":[{"name":"wp","href":"https:\/\/api.w.org\/{rel}","templated":true}]}}