{"id":179,"date":"2023-04-11T18:19:34","date_gmt":"2023-04-12T00:19:34","guid":{"rendered":"https:\/\/ambsanjose.esteri.it\/servizi-consolari-e-visti\/servizi-per-il-cittadino-italiano\/pensioni-e-sicurezza-sociale\/"},"modified":"2023-10-19T12:16:47","modified_gmt":"2023-10-19T18:16:47","slug":"pensioni-e-sicurezza-sociale","status":"publish","type":"page","link":"https:\/\/ambsanjose.esteri.it\/es\/servizi-consolari-e-visti\/servizi-per-il-cittadino-italiano\/pensioni-e-sicurezza-sociale\/","title":{"rendered":"Pensiones"},"content":{"rendered":"<p class=\"boxLevel03\"><strong>SEGURIDAD SOCIAL<\/strong> &#8211; El t\u00e9rmino &#8220;seguridad social&#8221; se refiere al conjunto de intervenciones destinadas a proporcionar prestaciones a los ciudadanos que se encuentran en condiciones de necesidad; estas intervenciones van desde la atenci\u00f3n gratuita a los indigentes, hasta la preparaci\u00f3n e integraci\u00f3n de \u00f3rganos e instituciones que aseguren a los ciudadanos incapaces de trabajar y sin medios para vivir la manutenci\u00f3n y la asistencia social, y, a los trabajadores, medios adecuados a las necesidades de la vida en caso de accidente, enfermedad, invalidez, vejez y desempleo involuntario.<\/p>\n<p>La seguridad social incluye:<br \/>\n(i) la asistencia social, que cumple una funci\u00f3n gen\u00e9rica de protecci\u00f3n de los indigentes, extendida a todos los ciudadanos en caso de necesidad;<br \/>\n(ii) el seguro social, que cumple la funci\u00f3n espec\u00edfica de proteger a los trabajadores.<\/p>\n<p>Para m\u00e1s detalles y para conocer los requisitos de las prestaciones previstas por la ley, se recomienda consultar el <strong><a href=\"http:\/\/www.inps.it\/portale\/default.aspx\">sitio web del INPS<\/a><\/strong>.<\/p>\n<p><strong>SEGURIDAD SOCIAL INTERNACIONAL<\/strong>. Por &#8220;seguridad social internacional&#8221; entendemos la protecci\u00f3n social de los ciudadanos de un Pa\u00eds que residen habitualmente en otro pa\u00eds, garantizada a trav\u00e9s de una regulaci\u00f3n internacional.<\/p>\n<p>En la Uni\u00f3n Europea, la protecci\u00f3n social se logra mediante la aplicaci\u00f3n de los Reglamentos de Seguridad Social de la UE, que son de aplicaci\u00f3n inmediata y directa en los 27 pa\u00edses que actualmente forman parte de la Uni\u00f3n. Desde el 1 de junio de 2002, esta normativa se ha extendido tambi\u00e9n a la Confederaci\u00f3n Suiza mediante un acuerdo especial.<\/p>\n<p>En el \u00e1rea extra-UE, y por lo tanto tambi\u00e9n en Costa Rica, la protecci\u00f3n social se aplica normalmente a trav\u00e9s de Convenios bilaterales. Consulte el <a href=\"http:\/\/www.inps.it\/portale\/default.aspx\">sitio web del INPS<\/a> para m\u00e1s detalles.<\/p>\n<p><strong>PAGO DE LAS PENSIONES DEL INPS EN EL EXTRANJERO<\/strong> &#8211; Para el pago de las pensiones a los beneficiarios residentes en el extranjero, el INPS recurre a una entidad de cr\u00e9dito.<\/p>\n<p>El banco encargado del servicio opera a su vez a trav\u00e9s de las correspondientes instituciones de cr\u00e9dito en las distintas \u00e1reas.<\/p>\n<p>Las pensiones se pagan a los residentes en el extranjero cada mes. Las pensiones por debajo de un l\u00edmite legalmente establecido se pagan cada seis meses, como ocurre con los pensionistas en Italia. El pago de las pensiones se realiza generalmente mediante abono en la cuenta corriente del pensionado.<\/p>\n<p>El banco encargado de los pagos tiene la tarea de verificar anualmente la existencia, el domicilio y la residencia del pensionado<\/p>\n","protected":false},"excerpt":{"rendered":"SEGURIDAD SOCIAL &#8211; El t\u00e9rmino &#8220;seguridad social&#8221; se refiere al conjunto de intervenciones destinadas a proporcionar prestaciones a los ciudadanos que se encuentran en condiciones de necesidad; estas intervenciones van desde la atenci\u00f3n gratuita a los indigentes, hasta la preparaci\u00f3n e integraci\u00f3n de \u00f3rganos e instituciones que aseguren a los ciudadanos incapaces de trabajar y [&hellip;]","protected":false},"author":1,"featured_media":0,"parent":172,"menu_order":12,"comment_status":"closed","ping_status":"closed","template":"","meta":{"footnotes":""},"class_list":["post-179","page","type-page","status-publish","hentry"],"_links":{"self":[{"href":"https:\/\/ambsanjose.esteri.it\/es\/wp-json\/wp\/v2\/pages\/179","targetHints":{"allow":["GET"]}}],"collection":[{"href":"https:\/\/ambsanjose.esteri.it\/es\/wp-json\/wp\/v2\/pages"}],"about":[{"href":"https:\/\/ambsanjose.esteri.it\/es\/wp-json\/wp\/v2\/types\/page"}],"author":[{"embeddable":true,"href":"https:\/\/ambsanjose.esteri.it\/es\/wp-json\/wp\/v2\/users\/1"}],"replies":[{"embeddable":true,"href":"https:\/\/ambsanjose.esteri.it\/es\/wp-json\/wp\/v2\/comments?post=179"}],"version-history":[{"count":3,"href":"https:\/\/ambsanjose.esteri.it\/es\/wp-json\/wp\/v2\/pages\/179\/revisions"}],"predecessor-version":[{"id":518,"href":"https:\/\/ambsanjose.esteri.it\/es\/wp-json\/wp\/v2\/pages\/179\/revisions\/518"}],"up":[{"embeddable":true,"href":"https:\/\/ambsanjose.esteri.it\/es\/wp-json\/wp\/v2\/pages\/172"}],"wp:attachment":[{"href":"https:\/\/ambsanjose.esteri.it\/es\/wp-json\/wp\/v2\/media?parent=179"}],"curies":[{"name":"wp","href":"https:\/\/api.w.org\/{rel}","templated":true}]}}