{"id":181,"date":"2023-04-11T18:20:09","date_gmt":"2023-04-12T00:20:09","guid":{"rendered":"https:\/\/ambsanjose.esteri.it\/servizi-consolari-e-visti\/servizi-per-il-cittadino-italiano\/autoveicoli-e-patenti-di-guida\/"},"modified":"2023-10-19T12:23:01","modified_gmt":"2023-10-19T18:23:01","slug":"autoveicoli-e-patenti-di-guida","status":"publish","type":"page","link":"https:\/\/ambsanjose.esteri.it\/es\/servizi-consolari-e-visti\/servizi-per-il-cittadino-italiano\/autoveicoli-e-patenti-di-guida\/","title":{"rendered":"Veh\u00edculos de motor y permisos de conducir."},"content":{"rendered":"<p><strong>Certificado de validez de la licencia de conducir (para ciudadanos inscritos en A.I.R.E.)<\/strong><\/p>\n<p>La Canciller\u00eda consular de la Embajada de Italia no entrega licencias de conducir, pero puede entregar un certificado de validez (\u201cconvalida\u201d en italiano) de la licencia de conducir italiana a los ciudadanos inscritos al A.I.R.E. en Costa Rica:<\/p>\n<p>\u00b7 Que sean residentes en Costa Rica desde hace m\u00e1s de 6 meses;<\/p>\n<p>\u00b7 Que tengan su licencia de conducir italiana por vencer o vencida desde hace menos de 5 a\u00f1os;<\/p>\n<p>\u00b7 Que no pertenezcan a los casos previstos en el art. 119, comas 2-bis y 4 del Codice della Strada (licencias de conductores con diabetes o para los cuales la idoneidad psicof\u00edsica tenga que ser certificada por comisiones medicas espec\u00edficas).<\/p>\n<p><strong>\u00bfQu\u00e9 es el certificado de validez?<\/strong><\/p>\n<p>Es un certificado de renovaci\u00f3n que sirve para mantener vigente la licencia de conducir por el periodo indicado por el art. 126 del Codice della Strada, con base en la categor\u00eda de licencia y la edad de su poseedor.<\/p>\n<p>Con este certificado, la licencia es v\u00e1lida, hasta la fecha de vencimiento del mismo, ya sea en Italia como en el extranjero.<\/p>\n<p>NOTA: la persona que posea el certificado de validez tiene la obligaci\u00f3n, vencidos los 6 meses de readquisici\u00f3n de la residencia en Italia, de renovar la licencia de conducir seg\u00fan los procedimientos ordinarios previstos por el coma 8 del art. 126 del Codice della Strada, por lo tanto, incluso en el caso que el certificado de validez no se haya vencido.<\/p>\n<p>Es necesario conservar el certificado junto a la licencia y mostrarlo a la hora de hacer la visita m\u00e9dica para la confirmaci\u00f3n de la validez en Italia, con la finalidad de probarle al m\u00e9dico, que se hizo un certificado en el extranjero y por ende que no hubo periodos de ausencia en el ejercicio del manejo de veh\u00edculos.<\/p>\n<p>Requisitos para obtener el certificado de validez:<\/p>\n<p>Para obtener el certificado deber\u00e1 presentar la siguiente documentaci\u00f3n:<\/p>\n<ul>\n<li>\u00b7 Licencia de conducir italiana, por vencer o vencida (no debe de haberse vencido hace m\u00e1s de 5 a\u00f1os) original y fotocopia del frente y de la parte de atr\u00e1s;<\/li>\n<li>\u00b7 Certificado m\u00e9dico que certifique la idoneidad para conducir (un dictamen m\u00e9dico para licencia est\u00e1 bien) original y fotocopia;<\/li>\n<li>\u00b7 Documento de identidad v\u00e1lido;<\/li>\n<li>\u00b7 Pagar los derechos consulares.<\/li>\n<\/ul>\n<p>Encontrar\u00e1 el precio del certificado de validez en:\u00a0<a href=\"https:\/\/ambsanjose.esteri.it\/ambasciata_sanjose\/it\/informazioni_e_servizi\/servizi_consolari\/tabella-percezioni-diritti-consolari.html\">tabella dei diritti consolari<\/a>\u00a0(como \u201cConvalida validit\u00e0 patente di guida\u201d)<\/p>\n<p>Para obtener un certificado de validez para la licencia de conducir deber\u00e1 tomar una cita a trav\u00e9s del\u00a0<a href=\"https:\/\/prenotami.esteri.it\/\">portal Prenot@Mi<\/a>\u00a0y presentarse a la cita con la documentaci\u00f3n requerida.<\/p>\n<p>&nbsp;<\/p>\n","protected":false},"excerpt":{"rendered":"Certificado de validez de la licencia de conducir (para ciudadanos inscritos en A.I.R.E.) La Canciller\u00eda consular de la Embajada de Italia no entrega licencias de conducir, pero puede entregar un certificado de validez (\u201cconvalida\u201d en italiano) de la licencia de conducir italiana a los ciudadanos inscritos al A.I.R.E. en Costa Rica: \u00b7 Que sean residentes [&hellip;]","protected":false},"author":1,"featured_media":0,"parent":172,"menu_order":16,"comment_status":"closed","ping_status":"closed","template":"","meta":{"footnotes":""},"class_list":["post-181","page","type-page","status-publish","hentry"],"_links":{"self":[{"href":"https:\/\/ambsanjose.esteri.it\/es\/wp-json\/wp\/v2\/pages\/181","targetHints":{"allow":["GET"]}}],"collection":[{"href":"https:\/\/ambsanjose.esteri.it\/es\/wp-json\/wp\/v2\/pages"}],"about":[{"href":"https:\/\/ambsanjose.esteri.it\/es\/wp-json\/wp\/v2\/types\/page"}],"author":[{"embeddable":true,"href":"https:\/\/ambsanjose.esteri.it\/es\/wp-json\/wp\/v2\/users\/1"}],"replies":[{"embeddable":true,"href":"https:\/\/ambsanjose.esteri.it\/es\/wp-json\/wp\/v2\/comments?post=181"}],"version-history":[{"count":2,"href":"https:\/\/ambsanjose.esteri.it\/es\/wp-json\/wp\/v2\/pages\/181\/revisions"}],"predecessor-version":[{"id":520,"href":"https:\/\/ambsanjose.esteri.it\/es\/wp-json\/wp\/v2\/pages\/181\/revisions\/520"}],"up":[{"embeddable":true,"href":"https:\/\/ambsanjose.esteri.it\/es\/wp-json\/wp\/v2\/pages\/172"}],"wp:attachment":[{"href":"https:\/\/ambsanjose.esteri.it\/es\/wp-json\/wp\/v2\/media?parent=181"}],"curies":[{"name":"wp","href":"https:\/\/api.w.org\/{rel}","templated":true}]}}