{"id":182,"date":"2023-04-11T18:20:20","date_gmt":"2023-04-12T00:20:20","guid":{"rendered":"https:\/\/ambsanjose.esteri.it\/servizi-consolari-e-visti\/servizi-per-il-cittadino-italiano\/codice-fiscale\/"},"modified":"2024-07-12T10:56:29","modified_gmt":"2024-07-12T16:56:29","slug":"codice-fiscale","status":"publish","type":"page","link":"https:\/\/ambsanjose.esteri.it\/es\/servizi-consolari-e-visti\/servizi-per-il-cittadino-italiano\/codice-fiscale\/","title":{"rendered":"C\u00f3digo de identificaci\u00f3n fiscal"},"content":{"rendered":"<p>El c\u00f3digo fiscal sirve para identificar a los individuos, italianos o extranjeros, ante los entes y administraciones p\u00fablicas italianas. Es necesario para efectuar operaciones fiscales en Italia. Lo entrega la \u201cAgenzia delle Entrate\u201d.<\/p>\n<h3>Los ciudadanos <span style=\"text-decoration: underline;\">italianos residentes en Costa Rica y registrados en AIRE<\/span> pueden descargar directamente el certificado de atribuci\u00f3n del c\u00f3digo fiscal a trav\u00e9s del <a href=\"https:\/\/serviziconsolari.esteri.it\/ScoFE\/services\/service-info.sco?serviceId=95&amp;sCode=GCF#_blank\">Portal Fast It<\/a>.<\/h3>\n<p><strong>\u00bfC\u00f3mo?<\/strong><\/p>\n<ol>\n<li>Acceda al Portal Fast It;<\/li>\n<li>Haga clic en \u201cAnagrafe Consolare e AIRE\u201d y despu\u00e9s en \u201c<strong>Attribuzione Codice Fiscale<\/strong>\u201c;<\/li>\n<li>Confirme los datos e inicie la solicitud;<\/li>\n<li>Descargue de forma aut\u00f3noma (download) el certificado de atribuci\u00f3n del C\u00f3digo Fiscal.<\/li>\n<\/ol>\n<p><strong>Si no puede descargar el certificado<\/strong>\u00a0de atribuci\u00f3n del C\u00f3digo Fiscal:<\/p>\n<ol>\n<li>Reg\u00edstrese en el\u00a0<a href=\"https:\/\/serviziconsolari.esteri.it\/#_blank\">portal FAST IT<\/a>, o inicie sesi\u00f3n si ya tiene una cuenta activa;<\/li>\n<li>Solicite la \u201cAsociaci\u00f3n en l\u00ednea\u201d haciendo clic en \u201cAnagrafe Consolare e AIRE\u201d y, a continuaci\u00f3n, en \u201cVer su ficha de datos personales\u201d;<\/li>\n<li>En el plazo de 2 d\u00edas laborables desde la solicitud, recibir\u00e1 un mensaje de asociaci\u00f3n exitosa en su buz\u00f3n de correo.<\/li>\n<li>Vuelva a conectarse al portal y descargue el certificado.<\/li>\n<\/ol>\n<p>&nbsp;<\/p>\n<h3>Para los ciudadanos costarricenses:<\/h3>\n<p>Enviar los siguientes documentos al correo electr\u00f3nico:\u00a0<strong><a href=\"mailto:consolare.sanjose@esteri.it\">consolare.sanjose@esteri.it<\/a><\/strong><\/p>\n<ul>\n<li>Formulario compilado y firmado, escaneado (debe de ser firmado a mano, NO se aceptan firmas digitales): <a href=\"https:\/\/www.agenziaentrate.gov.it\/portale\/documents\/20143\/279029\/Modulo+AA48+Editable_AA4_8_Modello_SPA.pdf\/3c857975-a361-8629-3b4b-ee62d2870fb5\">AA4_8 Informativa_SPA_AA4_8_informativa (agenziaentrate.gov.it)<\/a><\/li>\n<li>Copia de un documento de identidad v\u00e1lido escaneado, que coincida con el certificado de nacimiento, en blanco y negro, en formato PDF.<\/li>\n<\/ul>\n<p>Una vez que sus documentos sean recibidos y procesados por el Consulado, este le enviar\u00e1 su c\u00f3digo fiscal a su direcci\u00f3n de correo electr\u00f3nico.<\/p>\n<p>En caso de que\u00a0<strong>un menor de edad<\/strong>\u00a0necesite del c\u00f3digo fiscal, el formulario deber\u00e1 ser firmado por uno de sus padres o por su tutor legal, quien deber\u00e1 adjuntar una copia de su documento de identidad y una del menor. Los menores de edad no pueden firmar el formulario.<\/p>\n<p>Si as\u00ed lo desea, puede pedir tambi\u00e9n la\u00a0<strong>tarjeta del c\u00f3digo fiscal<\/strong> en forma f\u00edsica. La cual es enviada por la \u201cAgenzia delle Entrate\u201d. Deber\u00e1 presentarse a la Embajada para poder retirarla. Tiempo aproximado de llegada de la tarjeta del c\u00f3digo fiscal: <strong>1 mes.<\/strong><\/p>\n<h3><strong>NOTA:<\/strong>\u00a0en la mayor\u00eda de los casos no es necesario tener la tarjeta, ya que el certificado impreso tiene su mismo valor.<\/h3>\n<p><strong>Se informa que la \u201cAgenzia delle Entrate\u201d es la \u00fanica autoridad competente para la entrega y validaci\u00f3n del c\u00f3digo fiscal<\/strong>. El atributo del c\u00f3digo por parte del Consulado, por lo tanto, es una alternativa posible\u00a0<strong>solo para las personas residentes fuera de Italia<\/strong>. Para que se le pueda atribuir un c\u00f3digo fiscal tr\u00e1mite el Consulado es indispensable tener una direcci\u00f3n de residencia en el exterior (es decir fuera de Italia).<\/p>\n","protected":false},"excerpt":{"rendered":"El c\u00f3digo fiscal sirve para identificar a los individuos, italianos o extranjeros, ante los entes y administraciones p\u00fablicas italianas. Es necesario para efectuar operaciones fiscales en Italia. Lo entrega la \u201cAgenzia delle Entrate\u201d. Los ciudadanos italianos residentes en Costa Rica y registrados en AIRE pueden descargar directamente el certificado de atribuci\u00f3n del c\u00f3digo fiscal a [&hellip;]","protected":false},"author":1,"featured_media":5420,"parent":172,"menu_order":18,"comment_status":"closed","ping_status":"closed","template":"","meta":{"footnotes":""},"class_list":["post-182","page","type-page","status-publish","has-post-thumbnail","hentry"],"_links":{"self":[{"href":"https:\/\/ambsanjose.esteri.it\/es\/wp-json\/wp\/v2\/pages\/182","targetHints":{"allow":["GET"]}}],"collection":[{"href":"https:\/\/ambsanjose.esteri.it\/es\/wp-json\/wp\/v2\/pages"}],"about":[{"href":"https:\/\/ambsanjose.esteri.it\/es\/wp-json\/wp\/v2\/types\/page"}],"author":[{"embeddable":true,"href":"https:\/\/ambsanjose.esteri.it\/es\/wp-json\/wp\/v2\/users\/1"}],"replies":[{"embeddable":true,"href":"https:\/\/ambsanjose.esteri.it\/es\/wp-json\/wp\/v2\/comments?post=182"}],"version-history":[{"count":5,"href":"https:\/\/ambsanjose.esteri.it\/es\/wp-json\/wp\/v2\/pages\/182\/revisions"}],"predecessor-version":[{"id":5501,"href":"https:\/\/ambsanjose.esteri.it\/es\/wp-json\/wp\/v2\/pages\/182\/revisions\/5501"}],"up":[{"embeddable":true,"href":"https:\/\/ambsanjose.esteri.it\/es\/wp-json\/wp\/v2\/pages\/172"}],"wp:featuredmedia":[{"embeddable":true,"href":"https:\/\/ambsanjose.esteri.it\/es\/wp-json\/wp\/v2\/media\/5420"}],"wp:attachment":[{"href":"https:\/\/ambsanjose.esteri.it\/es\/wp-json\/wp\/v2\/media?parent=182"}],"curies":[{"name":"wp","href":"https:\/\/api.w.org\/{rel}","templated":true}]}}