{"id":186,"date":"2023-04-11T18:22:07","date_gmt":"2023-04-12T00:22:07","guid":{"rendered":"https:\/\/ambsanjose.esteri.it\/servizi-consolari-e-visti\/servizi-per-il-cittadino-straniero\/visti\/"},"modified":"2023-10-02T02:49:33","modified_gmt":"2023-10-02T08:49:33","slug":"visti","status":"publish","type":"page","link":"https:\/\/ambsanjose.esteri.it\/es\/servizi-consolari-e-visti\/servizi-per-il-cittadino-straniero\/visti\/","title":{"rendered":"Visas"},"content":{"rendered":"<p>Se recomienda leer atentamente, en el sitio web oficial &#8220;<a href=\"https:\/\/vistoperitalia.esteri.it\/home.aspx\">La Visa para Italia<\/a>&#8220;, los derechos y deberes del extranjero relacionados con la entrada y estancia en Italia y en el resto del territorio Schengen, en funci\u00f3n del tipo de visa que posea. Se le recuerda que los ciudadanos costarricenses NO necesitan visa para estad\u00edas cortas (hasta un m\u00e1ximo de 90 d\u00edas cada 180 d\u00edas). Para estad\u00edas cortas en Italia por turismo o negocios, ser\u00e1 suficiente un pasaporte v\u00e1lido, es decir,\u00a0 por al menos tres meses despu\u00e9s de la fecha de salida programada del territorio de los Estados miembros de Schengen. Todos los solicitantes de VSU (Visa Uniforme Schengen ( tipo \u201cC\u201d), v\u00e1lido para el tr\u00e1nsito y permanencia en el territorio de todos los Estados Miembros de la UE, con una duraci\u00f3n m\u00e1xima de 90 d\u00edas cada 180 d\u00edas, deber\u00e1 comunicarse con la Embajada de Italia en Costa Rica a trav\u00e9s del\u00a0<a href=\"https:\/\/prenotami.esteri.it\/\">portal de Prenot@Mi<\/a>.<\/p>\n<p><strong>EL VISADO DE ESTUDIOS<\/strong><\/p>\n<p>La visa de entrada para Italia en Costa Rica m\u00e1s solicitada es la de estudios. Uno de los requisitos b\u00e1sicos para obtener una visa de estudios universitarios para Italia es el registro previo en\u00a0<a href=\"https:\/\/www.universitaly.it\/\">https:\/\/www.universitaly.it\/<\/a>, el portal del Gobierno italiano dedicado a los estudiantes extranjeros que tienen la intenci\u00f3n de estudiar en Italia.<\/p>\n<p>Los estudiantes costarricenses que deseen matricularse en un\u00a0<strong>curso universitario, maestr\u00eda o doctorado<\/strong>, deber\u00e1n preinscribirse en el curso universitario elegido, directamente en l\u00ednea a trav\u00e9s del portal.<\/p>\n<p>La misma regla aplica tambi\u00e9n para quienes quieran matricularse en los cursos de las Instituciones de Educaci\u00f3n Superior en M\u00fasica y Danza (AFAM) y las Escuelas Superiores de Mediaci\u00f3n Ling\u00fc\u00edstica (SSML).<br \/>\nSolo cuando la universidad o instituci\u00f3n italiana acepta y valida la solicitud de inscripci\u00f3n, se puede iniciar el procedimiento para la emisi\u00f3n de la visa Para m\u00e1s informaci\u00f3n, env\u00ede un correo electr\u00f3nico a\u00a0<a href=\"mailto:consolare.sanjose@esteri.it\">consolare.sanjose@esteri.it<\/a>.<\/p>\n","protected":false},"excerpt":{"rendered":"Se recomienda leer atentamente, en el sitio web oficial &#8220;La Visa para Italia&#8220;, los derechos y deberes del extranjero relacionados con la entrada y estancia en Italia y en el resto del territorio Schengen, en funci\u00f3n del tipo de visa que posea. Se le recuerda que los ciudadanos costarricenses NO necesitan visa para estad\u00edas cortas [&hellip;]","protected":false},"author":1,"featured_media":0,"parent":185,"menu_order":0,"comment_status":"closed","ping_status":"closed","template":"","meta":{"footnotes":""},"class_list":["post-186","page","type-page","status-publish","hentry"],"_links":{"self":[{"href":"https:\/\/ambsanjose.esteri.it\/es\/wp-json\/wp\/v2\/pages\/186","targetHints":{"allow":["GET"]}}],"collection":[{"href":"https:\/\/ambsanjose.esteri.it\/es\/wp-json\/wp\/v2\/pages"}],"about":[{"href":"https:\/\/ambsanjose.esteri.it\/es\/wp-json\/wp\/v2\/types\/page"}],"author":[{"embeddable":true,"href":"https:\/\/ambsanjose.esteri.it\/es\/wp-json\/wp\/v2\/users\/1"}],"replies":[{"embeddable":true,"href":"https:\/\/ambsanjose.esteri.it\/es\/wp-json\/wp\/v2\/comments?post=186"}],"version-history":[{"count":2,"href":"https:\/\/ambsanjose.esteri.it\/es\/wp-json\/wp\/v2\/pages\/186\/revisions"}],"predecessor-version":[{"id":254,"href":"https:\/\/ambsanjose.esteri.it\/es\/wp-json\/wp\/v2\/pages\/186\/revisions\/254"}],"up":[{"embeddable":true,"href":"https:\/\/ambsanjose.esteri.it\/es\/wp-json\/wp\/v2\/pages\/185"}],"wp:attachment":[{"href":"https:\/\/ambsanjose.esteri.it\/es\/wp-json\/wp\/v2\/media?parent=186"}],"curies":[{"name":"wp","href":"https:\/\/api.w.org\/{rel}","templated":true}]}}