{"id":2404,"date":"2023-10-11T12:54:46","date_gmt":"2023-10-11T18:54:46","guid":{"rendered":"https:\/\/ambsanjose.esteri.it\/?page_id=2404"},"modified":"2025-07-15T13:13:36","modified_gmt":"2025-07-15T19:13:36","slug":"access2market","status":"publish","type":"page","link":"https:\/\/ambsanjose.esteri.it\/es\/italia-e-costa-rica\/diplomazia-economica\/fare-affari-in-costa-rica\/access2market\/","title":{"rendered":"Access2Market"},"content":{"rendered":"<p>Las empresas interesadas en exportar o importar bienes y servicios hacia y desde mercados de terceros pa\u00edses (europeos y no europeos) pueden encontrar informaci\u00f3n \u00fatil en el portal de la Uni\u00f3n Europea dedicado a la informaci\u00f3n empresarial para empresas que desean internacionalizarse: <a href=\"https:\/\/trade.ec.europa.eu\/access-to-markets\/it\/content\"><strong>Access2Markets<\/strong><\/a>.<\/p>\n<p>Es posible encontrar noticias y actualizaciones sobre:<\/p>\n<ul>\n<li>aranceles aduaneros;<\/li>\n<li>comercializaci\u00f3n de productos y servicios<\/li>\n<li>normas sobre liberalizaci\u00f3n y protecci\u00f3n de servicios e inversiones, para conocer los criterios y condiciones exigidos para prestar servicios en pa\u00edses no pertenecientes a la UE;<\/li>\n<li>protecci\u00f3n de la propiedad intelectual en la UE<\/li>\n<li>mercados de contrataci\u00f3n p\u00fablica;<\/li>\n<li>normas de origen y procedimientos que deben seguirse.<\/li>\n<\/ul>\n<p>En cuanto a las normas de origen, las empresas que deseen beneficiarse de las tasas arancelarias reducidas garantizadas por los acuerdos comerciales celebrados por la Uni\u00f3n Europea pueden consultar el portal ROSA (<a href=\"https:\/\/trade.ec.europa.eu\/access-to-markets\/en\/content\/presenting-rosa\">https:\/\/trade.ec.europa.eu\/access-to-markets\/en\/content\/presenting-rosa<\/a>).<\/p>\n<p>El sitio web de la Comisi\u00f3n Europea tambi\u00e9n ofrece informaci\u00f3n sobre barreras comerciales, requisitos y normas de productos, junto con estad\u00edsticas de todos los Estados miembros de la UE y otros pa\u00edses para m\u00e1s de 120 mercados.<\/p>\n<p>Access2Markets enumera las normas y requisitos de cada producto, ofrece gu\u00edas en l\u00ednea que describen todo el proceso de importaci\u00f3n y exportaci\u00f3n y proporciona puntos de contacto con las aduanas y otras autoridades pertinentes de los pa\u00edses de la UE y de fuera de ella.<\/p>\n<p><strong><br \/>\nM\u00e1s informaci\u00f3n:<\/strong><\/p>\n<p>Plataforma <a href=\"https:\/\/trade.ec.europa.eu\/access-to-markets\/it\/content\">Access2Markets<\/a><\/p>\n<p>DGTRADE &#8211; <a href=\"https:\/\/commission.europa.eu\/about-european-commission\/departments-and-executive-agencies\/trade_en\">Folleto Access2Markets ITA<\/a><\/p>\n","protected":false},"excerpt":{"rendered":"Las empresas interesadas en exportar o importar bienes y servicios hacia y desde mercados de terceros pa\u00edses (europeos y no europeos) pueden encontrar informaci\u00f3n \u00fatil en el portal de la Uni\u00f3n Europea dedicado a la informaci\u00f3n empresarial para empresas que desean internacionalizarse: Access2Markets. Es posible encontrar noticias y actualizaciones sobre: aranceles aduaneros; comercializaci\u00f3n de productos [&hellip;]","protected":false},"author":5,"featured_media":0,"parent":169,"menu_order":1,"comment_status":"closed","ping_status":"closed","template":"","meta":{"footnotes":""},"class_list":["post-2404","page","type-page","status-publish","hentry"],"_links":{"self":[{"href":"https:\/\/ambsanjose.esteri.it\/es\/wp-json\/wp\/v2\/pages\/2404","targetHints":{"allow":["GET"]}}],"collection":[{"href":"https:\/\/ambsanjose.esteri.it\/es\/wp-json\/wp\/v2\/pages"}],"about":[{"href":"https:\/\/ambsanjose.esteri.it\/es\/wp-json\/wp\/v2\/types\/page"}],"author":[{"embeddable":true,"href":"https:\/\/ambsanjose.esteri.it\/es\/wp-json\/wp\/v2\/users\/5"}],"replies":[{"embeddable":true,"href":"https:\/\/ambsanjose.esteri.it\/es\/wp-json\/wp\/v2\/comments?post=2404"}],"version-history":[{"count":3,"href":"https:\/\/ambsanjose.esteri.it\/es\/wp-json\/wp\/v2\/pages\/2404\/revisions"}],"predecessor-version":[{"id":9350,"href":"https:\/\/ambsanjose.esteri.it\/es\/wp-json\/wp\/v2\/pages\/2404\/revisions\/9350"}],"up":[{"embeddable":true,"href":"https:\/\/ambsanjose.esteri.it\/es\/wp-json\/wp\/v2\/pages\/169"}],"wp:attachment":[{"href":"https:\/\/ambsanjose.esteri.it\/es\/wp-json\/wp\/v2\/media?parent=2404"}],"curies":[{"name":"wp","href":"https:\/\/api.w.org\/{rel}","templated":true}]}}