{"id":2418,"date":"2023-10-11T13:02:14","date_gmt":"2023-10-11T19:02:14","guid":{"rendered":"https:\/\/ambsanjose.esteri.it\/?page_id=2418"},"modified":"2023-11-20T14:09:04","modified_gmt":"2023-11-20T20:09:04","slug":"financiacion-e-inversiones","status":"publish","type":"page","link":"https:\/\/ambsanjose.esteri.it\/es\/italia-e-costa-rica\/diplomazia-economica\/fare-affari-in-costa-rica\/financiacion-e-inversiones\/","title":{"rendered":"Financiaci\u00f3n e inversiones"},"content":{"rendered":"<p><strong>SIMEST S.p.A. Sociedad financiera de desarrollo y promoci\u00f3n de las empresas italianas en el extranjero<\/strong><\/p>\n<p>Sociedad controlada por el Gobierno italiano, que tiene una participaci\u00f3n del 76% de las acciones, est\u00e1 participada por bancos, empresas y asociaciones empresariales y comerciales;<\/p>\n<ul>\n<li>promueve y apoya las actividades en el extranjero de todas las empresas italianas, en particular las peque\u00f1as y medianas, incluidas las empresas comerciales, artesanales y tur\u00edsticas, as\u00ed como las cooperativas, consorcios y otros organismos econ\u00f3micos, a trav\u00e9s de dos canales principales: el apoyo al comercio y el apoyo a las inversiones en el extranjero<\/li>\n<li>proporciona asistencia y servicios de consultor\u00eda para todas las fases de la puesta en marcha y ejecuci\u00f3n de inversiones en el extranjero;<\/li>\n<li>proporciona apoyo financiero a las inversiones de empresas italianas en el extranjero mediante la gesti\u00f3n de incentivos y subvenciones directas;<\/li>\n<li>la participaci\u00f3n de SIMEST en el capital de empresas extranjeras le permite compartir el riesgo potencial de la nueva iniciativa con un socio institucional que inyecta su propio capital, y pone a su disposici\u00f3n sus muchos a\u00f1os de experiencia en mercados extranjeros basada en la participaci\u00f3n en cientos de proyectos en todo el mundo;<\/li>\n<li>gestiona los fondos de capital riesgo del Ministerio de Actividades Productivas;<\/li>\n<li>concede bonificaciones de intereses sobre los pr\u00e9stamos concedidos a los exportadores italianos;<\/li>\n<li>financia los gastos de construcci\u00f3n de estructuras comerciales permanentes<\/li>\n<li>proporciona financiaci\u00f3n para estudios de viabilidad y asistencia t\u00e9cnica;<\/li>\n<li>financia los costes de las licitaciones internacionales<\/li>\n<li>realiza operaciones de b\u00fasqueda de empresas.<\/li>\n<\/ul>\n","protected":false},"excerpt":{"rendered":"SIMEST S.p.A. Sociedad financiera de desarrollo y promoci\u00f3n de las empresas italianas en el extranjero Sociedad controlada por el Gobierno italiano, que tiene una participaci\u00f3n del 76% de las acciones, est\u00e1 participada por bancos, empresas y asociaciones empresariales y comerciales; promueve y apoya las actividades en el extranjero de todas las empresas italianas, en particular [&hellip;]","protected":false},"author":5,"featured_media":0,"parent":169,"menu_order":3,"comment_status":"closed","ping_status":"closed","template":"","meta":{"footnotes":""},"class_list":["post-2418","page","type-page","status-publish","hentry"],"_links":{"self":[{"href":"https:\/\/ambsanjose.esteri.it\/es\/wp-json\/wp\/v2\/pages\/2418","targetHints":{"allow":["GET"]}}],"collection":[{"href":"https:\/\/ambsanjose.esteri.it\/es\/wp-json\/wp\/v2\/pages"}],"about":[{"href":"https:\/\/ambsanjose.esteri.it\/es\/wp-json\/wp\/v2\/types\/page"}],"author":[{"embeddable":true,"href":"https:\/\/ambsanjose.esteri.it\/es\/wp-json\/wp\/v2\/users\/5"}],"replies":[{"embeddable":true,"href":"https:\/\/ambsanjose.esteri.it\/es\/wp-json\/wp\/v2\/comments?post=2418"}],"version-history":[{"count":1,"href":"https:\/\/ambsanjose.esteri.it\/es\/wp-json\/wp\/v2\/pages\/2418\/revisions"}],"predecessor-version":[{"id":2419,"href":"https:\/\/ambsanjose.esteri.it\/es\/wp-json\/wp\/v2\/pages\/2418\/revisions\/2419"}],"up":[{"embeddable":true,"href":"https:\/\/ambsanjose.esteri.it\/es\/wp-json\/wp\/v2\/pages\/169"}],"wp:attachment":[{"href":"https:\/\/ambsanjose.esteri.it\/es\/wp-json\/wp\/v2\/media?parent=2418"}],"curies":[{"name":"wp","href":"https:\/\/api.w.org\/{rel}","templated":true}]}}