{"id":2422,"date":"2023-10-11T12:48:38","date_gmt":"2023-10-11T18:48:38","guid":{"rendered":"https:\/\/ambsanjose.esteri.it\/?page_id=2422"},"modified":"2024-09-06T11:48:40","modified_gmt":"2024-09-06T17:48:40","slug":"manual-de-instrumentos-de-apoyo-a-la-internacionalizacion","status":"publish","type":"page","link":"https:\/\/ambsanjose.esteri.it\/es\/italia-e-costa-rica\/diplomazia-economica\/fare-affari-in-costa-rica\/manual-de-instrumentos-de-apoyo-a-la-internacionalizacion\/","title":{"rendered":"Manual de Instrumentos de Apoyo a la Internacionalizaci\u00f3n"},"content":{"rendered":"<p>Las empresas italianas pueden beneficiarse de una amplia gama de instrumentos p\u00fablicos de apoyo a la internacionalizaci\u00f3n.<\/p>\n<p>El Ministerio de Actividades Productivas ha elaborado un <a href=\"https:\/\/www.mimit.gov.it\/images\/stories\/mise_extra\/mincomes\/cap3.pdf\"><strong>Manual de Instrumentos de Apoyo a la Internacionalizaci\u00f3n de las Empresas Italianas,<\/strong> <\/a>destinada a proporcionar a los operadores una base informativa sobre los instrumentos facilitadores que el sistema p\u00fablico pone a disposici\u00f3n de las empresas italianas para apoyar sus proyectos de internacionalizaci\u00f3n.<\/p>\n<p>Adem\u00e1s de los instrumentos &#8220;tradicionales&#8221;, destinados a apoyar a las empresas en la fase de internacionalizaci\u00f3n denominada &#8220;comercial&#8221;, caracterizada por la activaci\u00f3n de flujos de exportaci\u00f3n de sus productos en mercados extranjeros, la Gu\u00eda analiza los nuevos instrumentos facilitadores, creados en los \u00faltimos a\u00f1os con el objetivo de apoyar la internacionalizaci\u00f3n &#8220;productiva&#8221; de las empresas, es decir, la transferencia al extranjero de fases o cadenas productivas enteras, en una l\u00f3gica de &#8220;multilocalizaci\u00f3n&#8221; que arraiga a las empresas en distintos mercados y las hace cada vez m\u00e1s competitivas.<\/p>\n<p>Los fondos de capital riesgo tienen por objeto apoyar las inversiones de las empresas italianas en zonas geogr\u00e1ficas consideradas de extrema importancia estrat\u00e9gica para el desarrollo de nuestro sistema-pa\u00eds. El car\u00e1cter rotatorio de estos fondos permite activar un mecanismo de autoalimentaci\u00f3n que garantiza la disponibilidad perpetua de los recursos financieros asignados a los mismos.<\/p>\n<p>La descripci\u00f3n de los instrumentos de facilitaci\u00f3n se ha organizado en fichas en las que se exponen brevemente los tipos de intervenci\u00f3n previstos, las principales referencias normativas, los recursos disponibles, los procedimientos y los plazos necesarios para obtener la facilitaci\u00f3n.<\/p>\n<p>&nbsp;<\/p>\n<p>&nbsp;<\/p>\n","protected":false},"excerpt":{"rendered":"Las empresas italianas pueden beneficiarse de una amplia gama de instrumentos p\u00fablicos de apoyo a la internacionalizaci\u00f3n. El Ministerio de Actividades Productivas ha elaborado un Manual de Instrumentos de Apoyo a la Internacionalizaci\u00f3n de las Empresas Italianas, destinada a proporcionar a los operadores una base informativa sobre los instrumentos facilitadores que el sistema p\u00fablico pone [&hellip;]","protected":false},"author":5,"featured_media":0,"parent":169,"menu_order":3,"comment_status":"closed","ping_status":"closed","template":"","meta":{"footnotes":""},"class_list":["post-2422","page","type-page","status-publish","hentry"],"_links":{"self":[{"href":"https:\/\/ambsanjose.esteri.it\/es\/wp-json\/wp\/v2\/pages\/2422","targetHints":{"allow":["GET"]}}],"collection":[{"href":"https:\/\/ambsanjose.esteri.it\/es\/wp-json\/wp\/v2\/pages"}],"about":[{"href":"https:\/\/ambsanjose.esteri.it\/es\/wp-json\/wp\/v2\/types\/page"}],"author":[{"embeddable":true,"href":"https:\/\/ambsanjose.esteri.it\/es\/wp-json\/wp\/v2\/users\/5"}],"replies":[{"embeddable":true,"href":"https:\/\/ambsanjose.esteri.it\/es\/wp-json\/wp\/v2\/comments?post=2422"}],"version-history":[{"count":1,"href":"https:\/\/ambsanjose.esteri.it\/es\/wp-json\/wp\/v2\/pages\/2422\/revisions"}],"predecessor-version":[{"id":2425,"href":"https:\/\/ambsanjose.esteri.it\/es\/wp-json\/wp\/v2\/pages\/2422\/revisions\/2425"}],"up":[{"embeddable":true,"href":"https:\/\/ambsanjose.esteri.it\/es\/wp-json\/wp\/v2\/pages\/169"}],"wp:attachment":[{"href":"https:\/\/ambsanjose.esteri.it\/es\/wp-json\/wp\/v2\/media?parent=2422"}],"curies":[{"name":"wp","href":"https:\/\/api.w.org\/{rel}","templated":true}]}}