{"id":2431,"date":"2023-10-11T12:58:24","date_gmt":"2023-10-11T18:58:24","guid":{"rendered":"https:\/\/ambsanjose.esteri.it\/?page_id=2431"},"modified":"2023-11-20T14:14:59","modified_gmt":"2023-11-20T20:14:59","slug":"seguro-de-exportacion","status":"publish","type":"page","link":"https:\/\/ambsanjose.esteri.it\/es\/italia-e-costa-rica\/diplomazia-economica\/fare-affari-in-costa-rica\/seguro-de-exportacion\/","title":{"rendered":"Seguro de exportaci\u00f3n"},"content":{"rendered":"<p><strong><a href=\"http:\/\/www.sace.it\/\">SACE S.p.A<\/a>. &#8211; Servicios de seguro de comercio exterior<\/strong><\/p>\n<p>&nbsp;<\/p>\n<p>SACE es una compa\u00f1\u00eda de seguros de cr\u00e9dito a la exportaci\u00f3n con capital social suscrito por el Ministerio de Econom\u00eda y Hacienda:<\/p>\n<ul>\n<li>asegura y reasegura los riesgos pol\u00edticos, econ\u00f3micos y comerciales a los que est\u00e1n expuestos los operadores italianos en sus transacciones internacionales;<\/li>\n<li>apoya las exportaciones de las peque\u00f1as y medianas empresas italianas facilitando el acceso a las garant\u00edas de seguro a trav\u00e9s de dos estrategias basadas en la posibilidad que se da a las empresas de elegir el tipo de relaci\u00f3n que desean establecer con SACE:<\/li>\n<li>estrategia directa, en esta hip\u00f3tesis, entre las diversas herramientas de seguro disponibles, destaca la de Global Policies, destinada a las empresas que mantienen relaciones comerciales continuas con diversos deudores extranjeros;<\/li>\n<li>estrategia indirecta, que se refiere a la actividad mediada por Bancos y\/o compa\u00f1\u00edas de seguros privadas;<\/li>\n<\/ul>\n","protected":false},"excerpt":{"rendered":"SACE S.p.A. &#8211; Servicios de seguro de comercio exterior &nbsp; SACE es una compa\u00f1\u00eda de seguros de cr\u00e9dito a la exportaci\u00f3n con capital social suscrito por el Ministerio de Econom\u00eda y Hacienda: asegura y reasegura los riesgos pol\u00edticos, econ\u00f3micos y comerciales a los que est\u00e1n expuestos los operadores italianos en sus transacciones internacionales; apoya las [&hellip;]","protected":false},"author":5,"featured_media":0,"parent":169,"menu_order":2,"comment_status":"closed","ping_status":"closed","template":"","meta":{"footnotes":""},"class_list":["post-2431","page","type-page","status-publish","hentry"],"_links":{"self":[{"href":"https:\/\/ambsanjose.esteri.it\/es\/wp-json\/wp\/v2\/pages\/2431","targetHints":{"allow":["GET"]}}],"collection":[{"href":"https:\/\/ambsanjose.esteri.it\/es\/wp-json\/wp\/v2\/pages"}],"about":[{"href":"https:\/\/ambsanjose.esteri.it\/es\/wp-json\/wp\/v2\/types\/page"}],"author":[{"embeddable":true,"href":"https:\/\/ambsanjose.esteri.it\/es\/wp-json\/wp\/v2\/users\/5"}],"replies":[{"embeddable":true,"href":"https:\/\/ambsanjose.esteri.it\/es\/wp-json\/wp\/v2\/comments?post=2431"}],"version-history":[{"count":1,"href":"https:\/\/ambsanjose.esteri.it\/es\/wp-json\/wp\/v2\/pages\/2431\/revisions"}],"predecessor-version":[{"id":2433,"href":"https:\/\/ambsanjose.esteri.it\/es\/wp-json\/wp\/v2\/pages\/2431\/revisions\/2433"}],"up":[{"embeddable":true,"href":"https:\/\/ambsanjose.esteri.it\/es\/wp-json\/wp\/v2\/pages\/169"}],"wp:attachment":[{"href":"https:\/\/ambsanjose.esteri.it\/es\/wp-json\/wp\/v2\/media?parent=2431"}],"curies":[{"name":"wp","href":"https:\/\/api.w.org\/{rel}","templated":true}]}}