{"id":2434,"date":"2023-10-11T13:33:51","date_gmt":"2023-10-11T19:33:51","guid":{"rendered":"https:\/\/ambsanjose.esteri.it\/?page_id=2434"},"modified":"2023-11-20T14:16:41","modified_gmt":"2023-11-20T20:16:41","slug":"proteccion-de-la-propiedad-intelectual","status":"publish","type":"page","link":"https:\/\/ambsanjose.esteri.it\/es\/italia-e-costa-rica\/diplomazia-economica\/fare-affari-in-costa-rica\/proteccion-de-la-propiedad-intelectual\/","title":{"rendered":"Protecci\u00f3n de la propiedad intelectual"},"content":{"rendered":"<p>Los derechos de propiedad intelectual en Costa Rica est\u00e1n protegidos por el art\u00edculo 47 de la Constituci\u00f3n y otras leyes de desarrollo.<\/p>\n<p>Las principales normas sobre protecci\u00f3n de los derechos de propiedad intelectual son:<\/p>\n<ul>\n<li>Ley de Creaci\u00f3n de la Oficina de Marcas Pecuarias (Ley N\u00b0 2247 del 07\/08\/1958, \u00daltima revisi\u00f3n en 2010)<\/li>\n<li>Ley de Derechos de Autor y Derechos Conexos (Ley n\u00ba 6683 de 14\/10\/1982, \u00daltima revisi\u00f3n en 2010)<\/li>\n<li>Reglamento para la Protecci\u00f3n del Software de Informaci\u00f3n en los Ministerios e Instituciones de la Administraci\u00f3n Central (Decreto Ejecutivo N\u00b0 37549 del 26\/11\/2012, \u00daltima revisi\u00f3n en 2013)<\/li>\n<li>Ley de patentes de invenci\u00f3n, dise\u00f1os y modelos industriales y de utilidad (Ley N\u00b0 6867 de 25\/04\/1983, \u00daltima revisi\u00f3n en 2008<\/li>\n<li>Reglamento de la Ley de Patentes de Invenci\u00f3n, Dise\u00f1os Industriales y de Utilidad (Decreto Ejecutivo N\u00b0 15222 del 12\/12\/1983, \u00daltima revisi\u00f3n en 2014)<\/li>\n<li>Ley de Biodiversidad (Ley N\u00b0 7788 de 30\/04\/1998, \u00daltima revisi\u00f3n en 2008)<\/li>\n<li>Ley de protecci\u00f3n de los sistemas cartogr\u00e1ficos de circuitos integrados (Ley n\u00ba 7961 de 17\/12\/1999)<\/li>\n<li>Ley de Informaci\u00f3n Confidencial (Ley n\u00ba 7975 de 04\/01\/2000, \u00daltima revisi\u00f3n en 2008)<\/li>\n<li>Reglamento de la Ley de Informaci\u00f3n no Divulgada<\/li>\n<li>Ley de Marcas y Otros Signos Distintivos (Ley n\u00ba 7978 de 06\/01\/2000, \u00daltima revisi\u00f3n en 2008)<\/li>\n<li>Reglamento de las Disposiciones sobre Indicaciones Geogr\u00e1ficas y Denominaciones de Origen (Decreto Ejecutivo N\u00b0 33743 de 14\/03\/2007, \u00daltima revisi\u00f3n en 2008)<\/li>\n<li>Ley de Procedimientos de Observancia de los Derechos de Propiedad Intelectual (Ley N\u00b0 8039 de 12\/10\/2000, \u00daltima revisi\u00f3n en 2018)<\/li>\n<li>Ley de Protecci\u00f3n de Variedades Vegetales (Ley N\u00b0 8631 del 06\/03\/2008, \u00daltima revisi\u00f3n en 2008)<\/li>\n<\/ul>\n<p>Adem\u00e1s, Costa Rica ratific\u00f3 el Protocolo de enmienda del Acuerdo sobre los Aspectos de los Derechos de Propiedad Intelectual relacionados con el Comercio (ADPIC) de la OMC.<\/p>\n<p>Tambi\u00e9n ha implementado varios tratados administrados por la Organizaci\u00f3n Mundial de la Propiedad Intelectual, incluido el Tratado de Marrakech, que entr\u00f3 en vigor en Costa Rica en 2018. El pa\u00eds tambi\u00e9n es miembro del Acuerdo de la Uni\u00f3n Internacional para la Protecci\u00f3n de las Obtenciones Vegetales de 1991.<\/p>\n<p>En 2017, Costa Rica aprob\u00f3 el Convenio sobre la Ciberdelincuencia (o Convenio de Budapest) del Consejo de Europa, que promueve la cooperaci\u00f3n internacional para combatir los delitos cibern\u00e9ticos, incluidos los relacionados con infracciones contra la propiedad intelectual.<\/p>\n","protected":false},"excerpt":{"rendered":"Los derechos de propiedad intelectual en Costa Rica est\u00e1n protegidos por el art\u00edculo 47 de la Constituci\u00f3n y otras leyes de desarrollo. Las principales normas sobre protecci\u00f3n de los derechos de propiedad intelectual son: Ley de Creaci\u00f3n de la Oficina de Marcas Pecuarias (Ley N\u00b0 2247 del 07\/08\/1958, \u00daltima revisi\u00f3n en 2010) Ley de Derechos [&hellip;]","protected":false},"author":5,"featured_media":0,"parent":169,"menu_order":5,"comment_status":"closed","ping_status":"closed","template":"","meta":{"footnotes":""},"class_list":["post-2434","page","type-page","status-publish","hentry"],"_links":{"self":[{"href":"https:\/\/ambsanjose.esteri.it\/es\/wp-json\/wp\/v2\/pages\/2434","targetHints":{"allow":["GET"]}}],"collection":[{"href":"https:\/\/ambsanjose.esteri.it\/es\/wp-json\/wp\/v2\/pages"}],"about":[{"href":"https:\/\/ambsanjose.esteri.it\/es\/wp-json\/wp\/v2\/types\/page"}],"author":[{"embeddable":true,"href":"https:\/\/ambsanjose.esteri.it\/es\/wp-json\/wp\/v2\/users\/5"}],"replies":[{"embeddable":true,"href":"https:\/\/ambsanjose.esteri.it\/es\/wp-json\/wp\/v2\/comments?post=2434"}],"version-history":[{"count":1,"href":"https:\/\/ambsanjose.esteri.it\/es\/wp-json\/wp\/v2\/pages\/2434\/revisions"}],"predecessor-version":[{"id":2436,"href":"https:\/\/ambsanjose.esteri.it\/es\/wp-json\/wp\/v2\/pages\/2434\/revisions\/2436"}],"up":[{"embeddable":true,"href":"https:\/\/ambsanjose.esteri.it\/es\/wp-json\/wp\/v2\/pages\/169"}],"wp:attachment":[{"href":"https:\/\/ambsanjose.esteri.it\/es\/wp-json\/wp\/v2\/media?parent=2434"}],"curies":[{"name":"wp","href":"https:\/\/api.w.org\/{rel}","templated":true}]}}