{"id":2474,"date":"2023-11-01T12:30:17","date_gmt":"2023-11-01T18:30:17","guid":{"rendered":"https:\/\/ambsanjose.esteri.it\/?page_id=2474"},"modified":"2026-03-06T12:32:29","modified_gmt":"2026-03-06T18:32:29","slug":"condecoraciones","status":"publish","type":"page","link":"https:\/\/ambsanjose.esteri.it\/es\/italia-e-costa-rica\/diplomazia-culturale\/condecoraciones\/","title":{"rendered":"Condecoraciones"},"content":{"rendered":"<p>El Ministerio de Asuntos Exteriores y Cooperaci\u00f3n Internacional desempe\u00f1a un papel fundamental en los procedimientos de concesi\u00f3n de algunas de las principales condecoraciones nacionales, presentando propuestas de la red extranjera y llamando la atenci\u00f3n de las autoridades italianas sobre candidatos (tanto italianos como extranjeros) especialmente merecedores por sus actividades en el extranjero y en favor de Italia.<\/p>\n<p>El Ministerio de Asuntos Exteriores cuenta con contingentes para la <strong>Orden del M\u00e9rito de la Rep\u00fablica Italiana<\/strong> (OMRI), la <strong>Orden de la Estrella de Italia<\/strong> (OSI, antigua Estrella de la Solidaridad Italiana) y la <strong>Estrella del Trabajo<\/strong>.<\/p>\n<p>El sitio web de la Presidencia de la Rep\u00fablica (<a href=\"http:\/\/www.quirinale.it\/Onorificenze\">http:\/\/www.quirinale.it\/Onorificenze<\/a>) ofrece informaci\u00f3n (notas hist\u00f3ricas, reglamentos y fotos de las insignias) sobre todas las condecoraciones italianas al valor y al m\u00e9rito. El mismo sitio contiene tambi\u00e9n una base de datos con listas de todos los condecorados, que se actualiza constantemente.<\/p>\n<p>El Ministerio de Asuntos Exteriores gestiona \u00edntegramente la OSI, que es actualmente la segunda condecoraci\u00f3n civil m\u00e1s importante del Estado italiano y se concede a ciudadanos italianos residentes en el extranjero y a extranjeros especialmente meritorios en los \u00e1mbitos de la cultura, la econom\u00eda y la emigraci\u00f3n italiana, as\u00ed como a artistas, deportistas y personalidades pol\u00edticas y culturales de renombre.<\/p>\n<p><img loading=\"lazy\" decoding=\"async\" class=\"alignnone size-full wp-image-2476 img-fluid\" src=\"https:\/\/ambsanjose.esteri.it\/wp-content\/uploads\/2023\/11\/onorificenze.jpg\" alt=\"\" width=\"285\" height=\"177\" \/><\/p>\n","protected":false},"excerpt":{"rendered":"El Ministerio de Asuntos Exteriores y Cooperaci\u00f3n Internacional desempe\u00f1a un papel fundamental en los procedimientos de concesi\u00f3n de algunas de las principales condecoraciones nacionales, presentando propuestas de la red extranjera y llamando la atenci\u00f3n de las autoridades italianas sobre candidatos (tanto italianos como extranjeros) especialmente merecedores por sus actividades en el extranjero y en favor [&hellip;]","protected":false},"author":5,"featured_media":0,"parent":161,"menu_order":20,"comment_status":"closed","ping_status":"closed","template":"","meta":{"footnotes":""},"class_list":["post-2474","page","type-page","status-publish","hentry"],"_links":{"self":[{"href":"https:\/\/ambsanjose.esteri.it\/es\/wp-json\/wp\/v2\/pages\/2474","targetHints":{"allow":["GET"]}}],"collection":[{"href":"https:\/\/ambsanjose.esteri.it\/es\/wp-json\/wp\/v2\/pages"}],"about":[{"href":"https:\/\/ambsanjose.esteri.it\/es\/wp-json\/wp\/v2\/types\/page"}],"author":[{"embeddable":true,"href":"https:\/\/ambsanjose.esteri.it\/es\/wp-json\/wp\/v2\/users\/5"}],"replies":[{"embeddable":true,"href":"https:\/\/ambsanjose.esteri.it\/es\/wp-json\/wp\/v2\/comments?post=2474"}],"version-history":[{"count":1,"href":"https:\/\/ambsanjose.esteri.it\/es\/wp-json\/wp\/v2\/pages\/2474\/revisions"}],"predecessor-version":[{"id":2478,"href":"https:\/\/ambsanjose.esteri.it\/es\/wp-json\/wp\/v2\/pages\/2474\/revisions\/2478"}],"up":[{"embeddable":true,"href":"https:\/\/ambsanjose.esteri.it\/es\/wp-json\/wp\/v2\/pages\/161"}],"wp:attachment":[{"href":"https:\/\/ambsanjose.esteri.it\/es\/wp-json\/wp\/v2\/media?parent=2474"}],"curies":[{"name":"wp","href":"https:\/\/api.w.org\/{rel}","templated":true}]}}