{"id":2608,"date":"2023-11-23T13:11:36","date_gmt":"2023-11-23T19:11:36","guid":{"rendered":"https:\/\/ambsanjose.esteri.it\/?page_id=2608"},"modified":"2025-05-05T10:24:26","modified_gmt":"2025-05-05T16:24:26","slug":"carlos-luis-collado-martinez","status":"publish","type":"page","link":"https:\/\/ambsanjose.esteri.it\/es\/italia-e-costa-rica\/diplomazia-culturale\/643-2\/carlos-luis-collado-martinez\/","title":{"rendered":"Carlos Luis Collado Mart\u00ednez"},"content":{"rendered":"<p>Carlos Luis Collado Mart\u00ednez fue un m\u00e9dico costarricense, recordado en Bolonia y en Costa Rica como h\u00e9roe por su participaci\u00f3n como partisano durante la ocupaci\u00f3n de Italia por los nazis durante la Segunda Guerra Mundial.<\/p>\n<p>Tras participar como m\u00e9dico de la 63\u00b0 Brigada\u00a0Bolero Garibaldi, Collado muri\u00f3, junto a otros 13 partisanos, en la llamada Masacre de Casalecchio di Reno el 10 de octubre de 1944, asesinado luego de ser b\u00e1rbaramente\u00a0torturado\u00a0por los nazis.<\/p>\n<p>Naci\u00f3 en San Jos\u00e9, el 19 de septiembre de 1919. Llev\u00f3 los estudios primarios en la\u00a0Escuela Buenaventura Corrales\u00a0y los secundarios en el\u00a0Liceo de Costa Rica, tras lo cual parti\u00f3 a Italia en 1938 a estudiar medicina en el Instituto de Anatom\u00eda Patol\u00f3gica de la\u00a0Universidad de Bolonia, de la que obtuvo su t\u00edtulo como m\u00e9dico en 1944, obteniendo las m\u00e1ximas calificaciones y siendo honrado con el Premio V\u00edctor Manuel II a la mejor tesis, acerca de tumores cerebrales, que la Comisi\u00f3n examinadora tambi\u00e9n recomend\u00f3 publicar.<br \/>\nDurante su estad\u00eda en este instituto, fue asistente del Dr. Armando Businco, decidido antifascista y antinacionalsocialista.<\/p>\n<p>En 1944, durante la ocupaci\u00f3n nazi de Italia luego de la ca\u00edda de Mussolini, Collado, junto a otros m\u00e9dicos costarricenses residentes en Italia, como los doctores Jorge Ast\u00faa Caetano y Juan Fernando Laurent Stewart, conformaron el Comando de los \u00c1ngeles (llamado as\u00ed en honor a la\u00a0Virgen de los \u00c1ngeles, patrona de Costa Rica), con el objetivo de trabajar en asociaci\u00f3n para ayudar a los heridos de la Resistencia partisana. M\u00e1s tarde, Businco fue detenido por los alemanes, lo que, sumando al creciente sentimiento antifascista, le impuls\u00f3 a ingresar en una brigada partisana, la 63.\u00aa Bolero Garibaldi, donde brinda sus servicios como m\u00e9dico curando heridos y ocultando a soldados y partisanos en \u00e1reas cercanas al Hospital Sant\u2019Orsola.<\/p>\n<p>El 10 de octubre de 1944, Collado, junto a otros 12 compa\u00f1eros (seis italianos y seis rusos), es capturado por la 16\u00b0\u00a0Panzergrenadierdivision\u00a0de las\u00a0SS\u00a0al mando del capit\u00e1n Manfred Schmidt.<br \/>\nEl Dr. Collado, quien anteriormente hab\u00eda sido investigado por su participaci\u00f3n en el Comando de los \u00c1ngeles, es llevado a las afueras de Bolonia, a una monta\u00f1a cercana al pueblo de Casalecchio di Reno, donde es atado a un \u00e1rbol con alambre de p\u00faas, y los nazis le pegan balas en los pies.<\/p>\n<p>El cuerpo del m\u00e9dico cae y las p\u00faas se le introducen en todo el cuerpo. As\u00ed pasa 3 o 4 d\u00edas hasta que el 10 de octubre de 1944 lo pasan a la Estaci\u00f3n Ferroviaria de Cavalcav\u00eda, donde es ultimado de un balazo en la cabeza.<\/p>\n<p>Tras su muerte, su cuerpo fue arrojado a una fosa com\u00fan, de la que fue recuperado por Businco, quien lo coloc\u00f3 en la cripta de su familia, y luego sus restos fueron trasladados a Costa Rica, donde se le realizaron honras f\u00fanebres y descansan en el Cementerio General de San Jos\u00e9 desde el 15 de enero de 1946.<\/p>\n<p>En 1945 se le honr\u00f3 con la medalla Garibaldina.<\/p>\n<p>La obra y muerte del Dr. Collado es recordada cada 10 de octubre en la Universidad de Bolonia, donde es honrado como defensor de la libertad humana.<\/p>\n<p>Es recordado en los sacrarios de los partisanos de Bologna, en la Conmemoraci\u00f3n de la liberaci\u00f3n de Casalecchio, en una placa en la Universidad de Bolonia, es considerado uno de los m\u00e1rtires de Calvacavia, y el pabell\u00f3n de cirug\u00eda de esa universidad lleva su nombre. Tambi\u00e9n una calle de la ciudad lleva su nombre, as\u00ed como una placa en el Jard\u00edn Rep\u00fablica de Costa Rica recuerda su historia.<\/p>\n<p>Todos los a\u00f1os se realizan actos de conmemoraci\u00f3n tanto en Rasiglio, como en Casalecchio, en la plaza en donde fue el martirio y est\u00e1 el monumento, en el Hospital Sant`Orsola en Bologna y Actos Art\u00edsticos en Auditorios de Casalecchio.<\/p>\n<p>En 1946, el Colegio de M\u00e9dicos y Cirujanos de Costa Rica le confiri\u00f3 la membres\u00eda honoris causa, colocando su retrato en en los salones del Colegio. El Centro Rural de Asistencia de Golfito lleva el nombre de Dr. Carlos Luis Collado y se coloc\u00f3 ah\u00ed su retrato.<\/p>\n<p>El 12 de agosto de 2015 la Municipalidad de San Jos\u00e9, en el Parque Jard\u00edn de Paz situado frente a la Escuela Buenaventura Corrales, devel\u00f3 un monumento con el busto del Dr. Collado, para perpetuar la memoria de este h\u00e9roe nacional.<\/p>\n<p>El\u00a026 de abril\u00a0de\u00a02017\u00a0fue declarado Benem\u00e9rito de la Patria por la\u00a0Asamblea Legislativa de Costa Rica.<\/p>\n","protected":false},"excerpt":{"rendered":"Carlos Luis Collado Mart\u00ednez fue un m\u00e9dico costarricense, recordado en Bolonia y en Costa Rica como h\u00e9roe por su participaci\u00f3n como partisano durante la ocupaci\u00f3n de Italia por los nazis durante la Segunda Guerra Mundial. Tras participar como m\u00e9dico de la 63\u00b0 Brigada\u00a0Bolero Garibaldi, Collado muri\u00f3, junto a otros 13 partisanos, en la llamada Masacre [&hellip;]","protected":false},"author":5,"featured_media":2610,"parent":643,"menu_order":0,"comment_status":"closed","ping_status":"closed","template":"","meta":{"footnotes":""},"class_list":["post-2608","page","type-page","status-publish","has-post-thumbnail","hentry"],"_links":{"self":[{"href":"https:\/\/ambsanjose.esteri.it\/es\/wp-json\/wp\/v2\/pages\/2608","targetHints":{"allow":["GET"]}}],"collection":[{"href":"https:\/\/ambsanjose.esteri.it\/es\/wp-json\/wp\/v2\/pages"}],"about":[{"href":"https:\/\/ambsanjose.esteri.it\/es\/wp-json\/wp\/v2\/types\/page"}],"author":[{"embeddable":true,"href":"https:\/\/ambsanjose.esteri.it\/es\/wp-json\/wp\/v2\/users\/5"}],"replies":[{"embeddable":true,"href":"https:\/\/ambsanjose.esteri.it\/es\/wp-json\/wp\/v2\/comments?post=2608"}],"version-history":[{"count":3,"href":"https:\/\/ambsanjose.esteri.it\/es\/wp-json\/wp\/v2\/pages\/2608\/revisions"}],"predecessor-version":[{"id":4108,"href":"https:\/\/ambsanjose.esteri.it\/es\/wp-json\/wp\/v2\/pages\/2608\/revisions\/4108"}],"up":[{"embeddable":true,"href":"https:\/\/ambsanjose.esteri.it\/es\/wp-json\/wp\/v2\/pages\/643"}],"wp:featuredmedia":[{"embeddable":true,"href":"https:\/\/ambsanjose.esteri.it\/es\/wp-json\/wp\/v2\/media\/2610"}],"wp:attachment":[{"href":"https:\/\/ambsanjose.esteri.it\/es\/wp-json\/wp\/v2\/media?parent=2608"}],"curies":[{"name":"wp","href":"https:\/\/api.w.org\/{rel}","templated":true}]}}