{"id":2938,"date":"2023-12-12T02:32:15","date_gmt":"2023-12-12T08:32:15","guid":{"rendered":"https:\/\/ambsanjose.esteri.it\/italia-e-costa-rica\/rapporti-politici\/"},"modified":"2025-07-15T11:24:15","modified_gmt":"2025-07-15T17:24:15","slug":"rapporti-politici","status":"publish","type":"page","link":"https:\/\/ambsanjose.esteri.it\/es\/italia-e-costa-rica\/rapporti-politici\/","title":{"rendered":"Relaciones pol\u00edticas"},"content":{"rendered":"<div class=\"sr-only\"><strong>Las relaciones pol\u00edticas entre Italia y Costa Rica han sido tradicionalmente \u00f3ptimas y caracterizadas por una gran amistad y colaboraci\u00f3n,<\/strong> como confirmado por el intenso intercambio de visitas y encuentros registrado en los \u00faltimos a\u00f1os.<\/div>\n<div>\n<p>En mayo del 2016 el entonces<strong> Presidente Sol\u00eds<\/strong> visit\u00f3 oficialmente Italia. Durante esta visita se finalizaron cinco acuerdos bilaterales: de extradici\u00f3n y de colaboraci\u00f3n judicial en materia penal; de cooperaci\u00f3n en el sector ambiental y de la lucha contra el cambio clim\u00e1tico; para el intercambio de informaci\u00f3n fiscal; de colaboraci\u00f3n cultural, cient\u00edfica y tecnol\u00f3gica.<\/p>\n<p>Despu\u00e9s de esta visita se intensificaron los encuentros institucionales, y en junio del 2019 se firm\u00f3 el Memor\u00e1ndum para un mecanismo de consultas pol\u00edticas.<\/p>\n<p>En 2021, el Ministro de Exteriores <strong>Di Maio<\/strong> se encuentra con su hom\u00f3logo costarricense Rodolfo Solano Quir\u00f3s en la X Conferencia Italia-Am\u00e9rica Latina y Caribe (25-26 de octubre del 2021 en Roma).<br \/>\nSucesivamente, el 19-21 de enero del 2022, la Viceministra de exteriores italiana <strong>Marina Sereni<\/strong> lleva a cabo una misi\u00f3n a Costa Rica en la cual se reuni\u00f3 con su hom\u00f3loga costarricense Adriana Bola\u00f1os Argueta en vista de la primera sesi\u00f3n del Mecanismo de Di\u00e1logo Pol\u00edtico.<\/p>\n<p>En marzo de 2023, la viceministra de Relaciones Exteriores, <strong>Lydia Peralta Cordero<\/strong>, se reuni\u00f3 con el subsecretario de Estado de Relaciones Exteriores y Cooperaci\u00f3n Internacional, <strong>Giorgio Silli<\/strong>, con motivo de la 28.\u00aa Cumbre Iberoamericana en Santo Domingo.<\/p>\n<p>Los d\u00edas 12 y 13 de octubre de 2023, el ministro de Asuntos Exteriores, <strong>Arnoldo Andr\u00e9 Tinoco<\/strong>, particip\u00f3 en Roma en la Conferencia Italia-Am\u00e9rica Latina y el Caribe. Se reuni\u00f3 con el subsecretario de Estado de Asuntos Exteriores, Giorgio Silli.<\/p>\n<p>El 2 de julio de 2024, el subsecretario de Estado de Asuntos Exteriores, <strong>Giorgio Silli<\/strong>, realiz\u00f3 una visita oficial a Costa Rica. Se reuni\u00f3 con la viceministra de Relaciones Exteriores, Lydia Peralta Cordero, con la viceministra del Interior, Marlen Luna, y con el diputado Luis Fernando Mendoza Jim\u00e9nez, presidente de la Comisi\u00f3n de Relaciones Exteriores de la Asamblea.<\/p>\n<p>El ministro de Hacienda de Costa Rica, <strong>Nogui Acosta Ja\u00e9n<\/strong>, realiz\u00f3 una visita oficial a Italia los d\u00edas 12 y 13 de diciembre de 2024. En la agenda figuraba la firma de un memorando de entendimiento con la Guardia di Finanza sobre la cooperaci\u00f3n en materia de formaci\u00f3n t\u00e9cnica e intercambio de informaci\u00f3n fiscal.<\/p>\n<p>Reuni\u00f3n bilateral entre la subsecretaria Maria Tripodi y la ministra de Ciencia, Innovaci\u00f3n, Tecnolog\u00eda y Telecomunicaciones de Costa Rica, <strong>Paola Bogantes Zamora<\/strong>, en Par\u00eds (al margen de la reuni\u00f3n de la OCDE) el 6 de junio de 2025.<\/p>\n<\/div>\n<p>&nbsp;<\/p>\n<div>\n<p>La colaboraci\u00f3n en materia de lucha contra la corrupci\u00f3n y la delincuencia transnacional es especialmente importante para las relaciones bilaterales. Funcionarios de la administraci\u00f3n p\u00fablica costarricense participaron en el programa \u00ab<strong>Falcone y Borsellino<\/strong>\u00bb, iniciado en 2021 y financiado por Italia, cuyo objetivo es mejorar la cooperaci\u00f3n con los pa\u00edses de Am\u00e9rica Latina y el Caribe en la lucha contra la delincuencia organizada. Se trata de una iniciativa de diplomacia jur\u00eddica que incluye cursos de formaci\u00f3n en materia de lucha contra la delincuencia organizada, la ciberdelincuencia y la transparencia en las licitaciones p\u00fablicas.<br \/>\nEn septiembre de 2024, una delegaci\u00f3n de alto nivel de la <strong>Direcci\u00f3n Nacional Antimafia<\/strong> llev\u00f3 a cabo una misi\u00f3n operativa en Costa Rica para intercambiar experiencias y cooperar.<\/p>\n<figure id=\"attachment_8593\" aria-describedby=\"caption-attachment-8593\" style=\"width: 220px\" class=\"wp-caption alignleft\"><a href=\"https:\/\/ambsanjose.esteri.it\/wp-content\/uploads\/2025\/04\/Bienvenido-senor-Presidente-de-Italia_compressed.pdf\"><img loading=\"lazy\" decoding=\"async\" class=\"size-medium wp-image-8593 img-fluid\" src=\"https:\/\/ambsanjose.esteri.it\/wp-content\/uploads\/2025\/04\/Captura-de-pantalla-2025-04-29-084526-220x300.png\" alt=\"\" width=\"220\" height=\"300\" srcset=\"https:\/\/ambsanjose.esteri.it\/wp-content\/uploads\/2025\/04\/Captura-de-pantalla-2025-04-29-084526-220x300.png 220w, https:\/\/ambsanjose.esteri.it\/wp-content\/uploads\/2025\/04\/Captura-de-pantalla-2025-04-29-084526.png 621w\" sizes=\"auto, (max-width: 220px) 100vw, 220px\" \/><\/a><figcaption id=\"caption-attachment-8593\" class=\"wp-caption-text\">Visita ufficiale del Presidente della Repubblica Sandro Pertini in Costa Rica. Supplemento de La Nacion del 30 marzo 1981<\/figcaption><\/figure>\n<\/div>\n<figure id=\"attachment_8433\" aria-describedby=\"caption-attachment-8433\" style=\"width: 227px\" class=\"wp-caption alignleft\"><a href=\"https:\/\/ambsanjose.esteri.it\/wp-content\/uploads\/2025\/04\/Italia-e-Costa-Rica-2004.pdf\"><img loading=\"lazy\" decoding=\"async\" class=\"size-medium wp-image-8433 img-fluid\" src=\"https:\/\/ambsanjose.esteri.it\/wp-content\/uploads\/2025\/04\/Copertina-140-anni-227x300.jpeg\" alt=\"\" width=\"227\" height=\"300\" srcset=\"https:\/\/ambsanjose.esteri.it\/wp-content\/uploads\/2025\/04\/Copertina-140-anni-227x300.jpeg 227w, https:\/\/ambsanjose.esteri.it\/wp-content\/uploads\/2025\/04\/Copertina-140-anni-776x1024.jpeg 776w, https:\/\/ambsanjose.esteri.it\/wp-content\/uploads\/2025\/04\/Copertina-140-anni-768x1014.jpeg 768w, https:\/\/ambsanjose.esteri.it\/wp-content\/uploads\/2025\/04\/Copertina-140-anni.jpeg 1551w\" sizes=\"auto, (max-width: 227px) 100vw, 227px\" \/><\/a><figcaption id=\"caption-attachment-8433\" class=\"wp-caption-text\">Pubblicazione per i 140 anni delle relazioni diplomatiche Italia-Costa Rica<\/figcaption><\/figure>\n","protected":false},"excerpt":{"rendered":"Las relaciones pol\u00edticas entre Italia y Costa Rica han sido tradicionalmente \u00f3ptimas y caracterizadas por una gran amistad y colaboraci\u00f3n, como confirmado por el intenso intercambio de visitas y encuentros registrado en los \u00faltimos a\u00f1os. En mayo del 2016 el entonces Presidente Sol\u00eds visit\u00f3 oficialmente Italia. Durante esta visita se finalizaron cinco acuerdos bilaterales: de [&hellip;]","protected":false},"author":1,"featured_media":0,"parent":157,"menu_order":0,"comment_status":"closed","ping_status":"closed","template":"","meta":{"footnotes":""},"class_list":["post-2938","page","type-page","status-publish","hentry"],"_links":{"self":[{"href":"https:\/\/ambsanjose.esteri.it\/es\/wp-json\/wp\/v2\/pages\/2938","targetHints":{"allow":["GET"]}}],"collection":[{"href":"https:\/\/ambsanjose.esteri.it\/es\/wp-json\/wp\/v2\/pages"}],"about":[{"href":"https:\/\/ambsanjose.esteri.it\/es\/wp-json\/wp\/v2\/types\/page"}],"author":[{"embeddable":true,"href":"https:\/\/ambsanjose.esteri.it\/es\/wp-json\/wp\/v2\/users\/1"}],"replies":[{"embeddable":true,"href":"https:\/\/ambsanjose.esteri.it\/es\/wp-json\/wp\/v2\/comments?post=2938"}],"version-history":[{"count":6,"href":"https:\/\/ambsanjose.esteri.it\/es\/wp-json\/wp\/v2\/pages\/2938\/revisions"}],"predecessor-version":[{"id":9348,"href":"https:\/\/ambsanjose.esteri.it\/es\/wp-json\/wp\/v2\/pages\/2938\/revisions\/9348"}],"up":[{"embeddable":true,"href":"https:\/\/ambsanjose.esteri.it\/es\/wp-json\/wp\/v2\/pages\/157"}],"wp:attachment":[{"href":"https:\/\/ambsanjose.esteri.it\/es\/wp-json\/wp\/v2\/media?parent=2938"}],"curies":[{"name":"wp","href":"https:\/\/api.w.org\/{rel}","templated":true}]}}