{"id":2973,"date":"2023-11-01T12:23:25","date_gmt":"2023-11-01T18:23:25","guid":{"rendered":"https:\/\/ambsanjose.esteri.it\/?page_id=2973"},"modified":"2025-04-04T11:26:03","modified_gmt":"2025-04-04T17:26:03","slug":"turismo-italiano-en-costa-rica","status":"publish","type":"page","link":"https:\/\/ambsanjose.esteri.it\/es\/italia-e-costa-rica\/diplomazia-economica\/turismo-italiano-en-costa-rica\/","title":{"rendered":"Turismo italiano &#8211; \u00bfPor qu\u00e9 visitar Italia?"},"content":{"rendered":"<p><a href=\"https:\/\/www.italia.it\/it\"><img loading=\"lazy\" decoding=\"async\" class=\"alignleft wp-image-5862 img-fluid\" src=\"https:\/\/ambsanjose.esteri.it\/wp-content\/uploads\/2024\/09\/ITALIA.IT_-300x184.jpg\" alt=\"\" width=\"364\" height=\"223\" srcset=\"https:\/\/ambsanjose.esteri.it\/wp-content\/uploads\/2024\/09\/ITALIA.IT_-300x184.jpg 300w, https:\/\/ambsanjose.esteri.it\/wp-content\/uploads\/2024\/09\/ITALIA.IT_-768x470.jpg 768w, https:\/\/ambsanjose.esteri.it\/wp-content\/uploads\/2024\/09\/ITALIA.IT_.jpg 867w\" sizes=\"auto, (max-width: 364px) 100vw, 364px\" \/><\/a><\/p>\n<p>&nbsp;<\/p>\n<p>Hay muchas razones por las que los costarricenses pueden plantearse visitar Italia. He aqu\u00ed algunas:<\/p>\n<ol>\n<li><strong>Historia y cultura<\/strong>: Italia es un pa\u00eds rico en historia y cultura. Es la cuna de muchas de las grandes civilizaciones de la antig\u00fcedad, como los antiguos romanos. Hay numerosos lugares hist\u00f3ricos y arqueol\u00f3gicos que explorar, como el Coliseo de Roma, Pompeya y los antiguos yacimientos de Herculano.<\/li>\n<li><strong>Arte y arquitectura<\/strong>: Italia es famosa por su rica tradici\u00f3n art\u00edstica y arquitect\u00f3nica. Alberga algunas de las obras de arte m\u00e1s famosas del mundo, como el David de Miguel \u00c1ngel en Florencia y la Capilla Sixtina en el Vaticano. Las ciudades italianas tambi\u00e9n son conocidas por su arquitectura \u00fanica, como los canales de Venecia, los palacios renacentistas de Florencia y los monumentos de Roma.<\/li>\n<li><strong>Gastronom\u00eda y vinos<\/strong>: la cocina italiana es famosa en todo el mundo. En Italia se puede disfrutar de una gran variedad de platos deliciosos, como la pizza napolitana, la pasta fresca, el helado casero y los quesos regionales. Adem\u00e1s, Italia es uno de los mayores productores de vino del mundo, y los costarricenses pueden disfrutar visitando regiones vin\u00edcolas como la Toscana y el Piamonte.<\/li>\n<li><strong>Paisajes impresionantes<\/strong>: Italia ofrece una gran variedad de paisajes espectaculares. Est\u00e1n las encantadoras costas de Amalfi y Liguria, las dolomitas alpinas del norte, los pintorescos lagos de Lombard\u00eda y muchos otros destinos naturales de gran belleza. Los turistas podr\u00e1n disfrutar haciendo senderismo por las monta\u00f1as, paseando por la costa y visitando fascinantes pueblos medievales.<\/li>\n<li><strong>Hospitalidad italiana<\/strong>: Los italianos son conocidos por su c\u00e1lida hospitalidad. Los turistas pueden esperar ser recibidos con amabilidad y disfrutar del acogedor ambiente de las ciudades italianas.<br \/>\nLos italianos tambi\u00e9n son famosos por su pasi\u00f3n por el f\u00fatbol, y los turistas pueden vivir la experiencia \u00fanica de asistir a un partido de f\u00fatbol italiano.<\/li>\n<\/ol>\n<p>Cada viajero tiene gustos e intereses diferentes, por lo que Italia ofrece una amplia gama de experiencias que se adaptan a las preferencias individuales.<\/p>\n<p>&nbsp;<\/p>\n<p>Para m\u00e1s informaci\u00f3n sobre viajes por Italia, consulte los siguientes sitios web:<\/p>\n<p><a href=\"https:\/\/www.enit.it\/it\">ENIT &#8211; Agenzia Nazionale del Turismo<\/a>: es un organismo p\u00fablico activo en la promoci\u00f3n de la oferta tur\u00edstica de Italia.<\/p>\n<p><a href=\"https:\/\/www.italia.it\/it\">Italia.it<\/a> &#8211; El centro digital del turismo<\/p>\n<p><a href=\"https:\/\/openlib.enit.it\/it\">ENIT &#8211; Open library\u00a0<\/a><\/p>\n","protected":false},"excerpt":{"rendered":"&nbsp; Hay muchas razones por las que los costarricenses pueden plantearse visitar Italia. He aqu\u00ed algunas: Historia y cultura: Italia es un pa\u00eds rico en historia y cultura. Es la cuna de muchas de las grandes civilizaciones de la antig\u00fcedad, como los antiguos romanos. Hay numerosos lugares hist\u00f3ricos y arqueol\u00f3gicos que explorar, como el Coliseo [&hellip;]","protected":false},"author":5,"featured_media":0,"parent":158,"menu_order":10,"comment_status":"closed","ping_status":"closed","template":"","meta":{"footnotes":""},"class_list":["post-2973","page","type-page","status-publish","hentry"],"_links":{"self":[{"href":"https:\/\/ambsanjose.esteri.it\/es\/wp-json\/wp\/v2\/pages\/2973","targetHints":{"allow":["GET"]}}],"collection":[{"href":"https:\/\/ambsanjose.esteri.it\/es\/wp-json\/wp\/v2\/pages"}],"about":[{"href":"https:\/\/ambsanjose.esteri.it\/es\/wp-json\/wp\/v2\/types\/page"}],"author":[{"embeddable":true,"href":"https:\/\/ambsanjose.esteri.it\/es\/wp-json\/wp\/v2\/users\/5"}],"replies":[{"embeddable":true,"href":"https:\/\/ambsanjose.esteri.it\/es\/wp-json\/wp\/v2\/comments?post=2973"}],"version-history":[{"count":6,"href":"https:\/\/ambsanjose.esteri.it\/es\/wp-json\/wp\/v2\/pages\/2973\/revisions"}],"predecessor-version":[{"id":5893,"href":"https:\/\/ambsanjose.esteri.it\/es\/wp-json\/wp\/v2\/pages\/2973\/revisions\/5893"}],"up":[{"embeddable":true,"href":"https:\/\/ambsanjose.esteri.it\/es\/wp-json\/wp\/v2\/pages\/158"}],"wp:attachment":[{"href":"https:\/\/ambsanjose.esteri.it\/es\/wp-json\/wp\/v2\/media?parent=2973"}],"curies":[{"name":"wp","href":"https:\/\/api.w.org\/{rel}","templated":true}]}}