{"id":3131,"date":"2024-01-16T14:04:27","date_gmt":"2024-01-16T20:04:27","guid":{"rendered":"https:\/\/ambsanjose.esteri.it\/?page_id=3131"},"modified":"2024-02-19T12:53:42","modified_gmt":"2024-02-19T18:53:42","slug":"la-cooperacion-internacional-a-traves-de-la-iila","status":"publish","type":"page","link":"https:\/\/ambsanjose.esteri.it\/es\/italia-e-costa-rica\/cooperazione-allo-sviluppo\/la-cooperacion-internacional-a-traves-de-la-iila\/","title":{"rendered":"La cooperaci\u00f3n internacional a trav\u00e9s de la IILA"},"content":{"rendered":"<p>La IILA, Organizaci\u00f3n Internacional \u00cdtalo-latinoamericana, es un Organismo intergubernamental con sede en Roma. Fue creada en 1966 con el nombre de Instituto \u00cdtalo-Latinoamericano como una herramienta para fomentar y potenciar las relaciones entre Italia (Europa) y Am\u00e9rica Latina.<\/p>\n<p>Los Estados miembros que componen esta Organizaci\u00f3n son Italia y las 20 Rep\u00fablicas de Am\u00e9rica Latina (Argentina, Estado Plurinacional de Bolivia, Brasil, Chile, Colombia, Costa Rica, Cuba, Ecuador, El Salvador, Guatemala, Hait\u00ed, Honduras, M\u00e9xico, Nicaragua, Panam\u00e1, Paraguay, Per\u00fa, Rep\u00fablica Dominicana, Uruguay y Rep\u00fablica Bolivariana de Venezuela).<\/p>\n<p>Desde su creaci\u00f3n la IILA ha tenido siempre un rol muy importante a la hora de facilitar las relaciones entre Italia, Europa y Am\u00e9rica Latina, acci\u00f3n que desempe\u00f1a en el campo cultural, socioecon\u00f3mico, t\u00e9cnico-cient\u00edfico y de la cooperaci\u00f3n, organizando encuentros con especialistas de sector, patrocinando eventos y becas, promoviendo congresos, simposios, exposiciones y dem\u00e1s actos, y ejecutando proyectos de cooperaci\u00f3n en los pa\u00edses latinoamericanos.<\/p>\n<p>&nbsp;<\/p>\n<h1><b>Principales \u00e1reas de trabajo en Costa Rica<\/b><\/h1>\n<p><strong>\u00a0<\/strong><\/p>\n<h2><strong>COOPERACI\u00d3N CULTURAL<\/strong><\/h2>\n<ol>\n<li><strong>Proyecto de apoyo a la recuperaci\u00f3n del Teatro Nacional de San Jos\u00e9 de Costa Rica<\/strong><\/li>\n<\/ol>\n<p>Realizaci\u00f3n de un Curso\/Taller de Especializaci\u00f3n sobre las t\u00e9cnicas de reintegraci\u00f3n est\u00e9tica de partes faltantes en unas pinturas del Teatro Nacional de Costa Rica TNCR que est\u00e1 dividido en 3 m\u00f3dulos de capacitaci\u00f3n:<\/p>\n<ul>\n<li><strong>14 de abril- 13 de mayo de 2023: Curso en l\u00ednea \u201cLa conservaci\u00f3n del patrimonio pict\u00f3rico: el caso del Teatro Nacional de Costa Rica. Historia, ciencias diagn\u00f3sticas y t\u00e9cnicas est\u00e9ticas de reintegraci\u00f3n de partes faltantes en la restauraci\u00f3n de la pintura\u201d<\/strong>. Las lecciones fueron realizadas por docentes italianos y de Costa Rica. El Curso fue destinado a profesionales de Costa Rica involucrados en la gesti\u00f3n del patrimonio cultural y a 4 participantes de El Salvador, Guatemala y Nicaragua.<\/li>\n<li><strong>12 de junio-7 de julio de 2023: se realiz\u00f3 la fase formativa presencial en San Jos\u00e9 dentro del Teatro Nacional con aplicativos did\u00e1cticos de restauraci\u00f3n. IILA don\u00f3 los materiales y herramientas necesarios para la construcci\u00f3n de la Obra\/Escuela destinada a la restauraci\u00f3n de las pinturas &#8220;Le Muse&#8221;<\/strong> (1897) del artista italiano Carlo Ferrario; envi\u00f3 a un grupo de expertos italianos, quienes realizaron las lecciones preparatorias te\u00f3rico-pr\u00e1cticas, en la Sala Musa del Teatro Nacional, para las futuras acciones de restauraci\u00f3n. El curso estuvo destinado a 14 participantes seleccionados entre costarricenses y de los pa\u00edses vecinos de El Salvador, Guatemala y Nicaragua.<\/li>\n<li><strong>Enero de 2024<\/strong>: est\u00e1 previsto el <strong>inicio del Taller\/Escuela en el TNCR<\/strong> con el trabajo de restauro de las obras pict\u00f3ricas de la \u201cMusa I y II\u201d.<\/li>\n<\/ul>\n<p>&nbsp;<\/p>\n<ol start=\"2\">\n<li><strong>Polo latinoamericano de conservaci\u00f3n del patrimonio cultural <\/strong><\/li>\n<\/ol>\n<p>El objetivo es contribuir a la conservaci\u00f3n y valorizaci\u00f3n del Patrimonio Cultural Latinoamericano mediante: el fortalecimiento de la capacidad t\u00e9cnico-especializada de las instituciones latinoamericanas responsables de la conservaci\u00f3n del Patrimonio Cultural; el apoyo a la valorizaci\u00f3n y a la tradici\u00f3n del patrimonio cultural latinoamericano y el fortalecimiento de la Red IILA en los sectores: papel, cer\u00e1mica, madera, archivos y bibliotecas, museos de Am\u00e9rica Latina.<\/p>\n<ul>\n<li><strong><u>Online<\/u><\/strong><strong>:<\/strong><\/li>\n<\/ul>\n<p><strong>Curso de \u201cConservaci\u00f3n y gesti\u00f3n de los archivos hist\u00f3ricos y modernos\u201d (julio-agosto de 2020): <\/strong>En coordinaci\u00f3n con el Ministerio de Cultura y Juventud de Costa Rica, el Museo Nacional de Costa Rica, el Instituto de Investigaciones en Arte (IIArte) de la Universidad de Costa Rica (UCR). Actividad piloto para otras iniciativas de formaci\u00f3n virtual tras la emergencia sanitaria. Participantes de Costa Rica: 45<\/p>\n<p><strong>Curso \u201cCaf\u00e9 literario entre arte, cultura y m\u00fasica italiana\u201d (octubre-noviembre de 2020). <\/strong>Participantes de\u00a0Costa Rica: 4<\/p>\n<p><strong>\u00a0<\/strong><\/p>\n<p><strong>Curso &#8220;El museo: Conservaci\u00f3n, Gesti\u00f3n, Educaci\u00f3n, Puesta en Valor\u201d, Primera Edici\u00f3n<\/strong> (febrero-marzo 2021); <strong>Segunda Edici\u00f3n<\/strong>: (julio 2021). M\u00e1s de 900 candidaturas de todos los Pa\u00edses de Am\u00e9rica Latina y del Caribe, alrededor de 500 participantes en total, de entre los cuales: 87 de Costa Rica.<\/p>\n<p><strong>Programa de intercambio de Alta formaci\u00f3n: \u201cMuseos y Territorios\u201d <\/strong>(octubre-noviembre de 2021)\u00a0Costa Rica: 2.<\/p>\n<p><strong>Programa de intercambio de Alta formaci\u00f3n: \u201cPatrimonio cultural. Riesgos y gesti\u00f3n\u201d <\/strong>(noviembre de 2022):\u00a0Costa Rica: 13.<\/p>\n<p><strong>\u00a0<\/strong><\/p>\n<p><strong>Curso online \u201cLa lucha contra el tr\u00e1fico il\u00edcito de bienes culturales, la seguridad de los sitios culturales y la cultura de la legalidad\u201d<\/strong><em>,<\/em> organizado en colaboraci\u00f3n con el Comando Carabinieri Tutela Patrimonio Cultural (CCTPC) febrero-abril de 2022:\u00a0Costa Rica: 10.<\/p>\n<p>&nbsp;<\/p>\n<h2><strong>JUSTICIA Y SEGURIDAD<\/strong><\/h2>\n<ol>\n<li><strong>Programa Falcone-Borsellino<\/strong><\/li>\n<\/ol>\n<p>El objetivo es contribuir a mejorar la cooperaci\u00f3n entre Italia y los pa\u00edses de Am\u00e9rica Latina en la lucha contra todas las formas de delincuencia y sentar las bases para una m\u00ednima armonizaci\u00f3n regional en la prevenci\u00f3n y lucha contra las organizaciones criminales transnacionales.<\/p>\n<p>En el marco de este programa<strong>, Costa Rica es el pa\u00eds que m\u00e1s asistencia t\u00e9cnica ha recibido. <\/strong>En noviembre de 2022, como parte de la Fase I del Programa, los jueces Francesco Menditto y Raffaele Cantone realizaron los primeros cursos de capacitaci\u00f3n.<\/p>\n<p>Con respecto a la Fase II, en febrero de 2023, comenz\u00f3 el ciclo de seminarios web de capacitaci\u00f3n avanzada. El primero, sobre el tema <strong>&#8220;Crimen organizado_Mafias, Maras, Pandillas y C\u00e1rteles&#8221;<\/strong>, dirigido a jueces, fiscales, polic\u00edas y funcionarios de prisiones, ten\u00eda como objetivo proporcionar a los participantes latinoamericanos herramientas \u00fatiles para aprender sobre las organizaciones criminales italianas y orientar sus investigaciones sobre el fen\u00f3meno del crimen organizado dentro de marcos anal\u00edticos e interpretativos complejos teniendo en cuenta la experiencia italiana.<\/p>\n<p>&nbsp;<\/p>\n<p><strong>COPOLAD III <\/strong><\/p>\n<p>Es un programa financiado por la Uni\u00f3n Europea (UE) que promueve la cooperaci\u00f3n t\u00e9cnica sobre pol\u00edticas de drogas entre Am\u00e9rica Latina, el Caribe y Europa.<br \/>\nCOPOLAD, a trav\u00e9s de un convenio con el GAFILAT, est\u00e1 prestando asistencia t\u00e9cnica al Instituto Costarricense de Drogas (ICD) para fortalecer la plataforma de intercambio de informaci\u00f3n de la Red de Recuperaci\u00f3n de Activos del GAFILAT (RRAG). Los resultados de esta asistencia t\u00e9cnica se presentar\u00e1n en la reuni\u00f3n anual de la RRAG que se realizar\u00e1 en Cartagena de Indias, Colombia, los d\u00edas <strong>28, 29 y 30 de noviembre 2023<\/strong>.<\/p>\n<p>El Organismo de Investigaci\u00f3n Judicial de Costa Rica participa en un grupo de trabajo sobre t\u00e9cnicas especiales de investigaci\u00f3n con otros 11 pa\u00edses latinoamericanos. Se ha realizado en Roma un curso de formaci\u00f3n sobre agentes encubiertos en la semana del <strong>20 de noviembre 2023 en colaboraci\u00f3n con la Direcci\u00f3n Central Servicios Antidroga de Italia<\/strong>.<\/p>\n<p>&nbsp;<\/p>\n<ol start=\"2\">\n<li><strong>EL PAcCTO <\/strong><\/li>\n<\/ol>\n<p>Es un programa regional europeo de asistencia contra el Crimen Trasnacional Organizado que ha terminado su primera fase en diciembre 2022. La segunda fase comenzar\u00e1 en 2023 y la IILA, a propuesta del gobierno italiano, seguir\u00e1 ocup\u00e1ndose de la asistencia t\u00e9cnica en materia de cooperaci\u00f3n penitenciaria, anticorrupci\u00f3n y lucha a los delitos econ\u00f3micos de la criminalidad organizada.<br \/>\nDurante el a\u00f1o 2023 la IILA sigui\u00f3 dando acompa\u00f1amiento a las redes de cooperaci\u00f3n activadas en el marco del Programa (REDCOPEN &#8211; Red de Cooperaci\u00f3n Penitenciaria y RAP &#8211; Red Birregional de Academias Penitenciarias) con el objetivo de estabilizarlas y fortalecerlas.<\/p>\n<p>Costa Rica, en particular, forma parte de las Redes mencionadas y se caracteriza por una participaci\u00f3n proactiva y constante en las relativas actividades.<\/p>\n<p><strong>\u00a0<\/strong><\/p>\n<h2><strong>APOYO AL DESARROLLO ECON\u00d3MICO SOSTENIBLE<\/strong><\/h2>\n<ol>\n<li><strong>Foro Pymes<\/strong><\/li>\n<\/ol>\n<p>Costa Rica ha participado en las distintas ediciones del <strong>Foro Pymes<\/strong>.<\/p>\n<p>En el Foro tem\u00e1tico Agroalimentario que se ha celebrado en Rimini en los d\u00edas 3,4 y 5 de mayo 2023 han participado <strong>7 delegados<\/strong>.<\/p>\n<p><strong>\u00a0\u00a0\u00a0\u00a0\u00a0\u00a0\u00a0\u00a0\u00a0\u00a0\u00a0\u00a0\u00a0\u00a0\u00a0\u00a0\u00a0\u00a0\u00a0\u00a0\u00a0\u00a0\u00a0\u00a0\u00a0\u00a0\u00a0\u00a0\u00a0\u00a0\u00a0\u00a0\u00a0\u00a0\u00a0\u00a0\u00a0\u00a0\u00a0\u00a0\u00a0\u00a0\u00a0\u00a0\u00a0\u00a0\u00a0\u00a0\u00a0\u00a0\u00a0\u00a0\u00a0\u00a0\u00a0\u00a0\u00a0\u00a0\u00a0\u00a0\u00a0\u00a0\u00a0\u00a0\u00a0\u00a0\u00a0\u00a0\u00a0\u00a0\u00a0\u00a0\u00a0\u00a0\u00a0\u00a0\u00a0\u00a0\u00a0\u00a0\u00a0\u00a0\u00a0\u00a0\u00a0\u00a0\u00a0\u00a0\u00a0\u00a0\u00a0\u00a0\u00a0\u00a0\u00a0\u00a0\u00a0\u00a0 <\/strong><\/p>\n<p>En el VII Foro Pymes. Italia \u2013 Am\u00e9rica Latina que se celebr\u00f3 los d\u00edas 2, 3 y 4 de octubre en la ciudad de Bergamo ha participado <strong>1 costarricense<\/strong>.<\/p>\n<p>&nbsp;<\/p>\n<ol start=\"2\">\n<li><strong>VI Escuela De Verano: gesti\u00f3n de PYMES y territorios<\/strong><\/li>\n<\/ol>\n<p>Entre el 15 de mayo y el 9 de junio de 2023 se ha realizado la <strong>VI edici\u00f3n de la Escuela de Verano en la sede de la Universidad T\u00e9cnica Nacional de Costa Rica<\/strong> y organizada por el IILA en colaboraci\u00f3n con la Universit\u00e0 degli Studi di Padova de Italia y la Universidad T\u00e9cnica Nacional de Costa Rica.<br \/>\nLa iniciativa, dedicada al tema de <strong>\u201cResiliencia y transici\u00f3n ecol\u00f3gica en las metodolog\u00edas para la planificaci\u00f3n\u00a0del Desarrollo Territorial Sostenible\u201d,<\/strong> se ha desarrollado en modalidad h\u00edbrida.<\/p>\n<p><strong>\u00a0<\/strong><\/p>\n<ol start=\"3\">\n<li><strong>Proyecto Habilitas<\/strong><\/li>\n<\/ol>\n<p>En la primera convocatoria del <strong>Proyecto Habilitas<\/strong>, en 2022, la selecci\u00f3n de los pasantes tom\u00f3 en cuenta, adem\u00e1s del m\u00e9rito, la distribuci\u00f3n de las 50 becas disponibles entre los 20 pa\u00edses miembros de la IILA. Entre los ganadores de las becas hubo <strong>4 costarricenses<\/strong> con pasant\u00edas en producci\u00f3n de derivados l\u00e1cteos, pasant\u00edas en un curso te\u00f3rico-pr\u00e1ctico sobre el sistema moda, pasant\u00edas en econom\u00eda del conocimiento y pymes.<\/p>\n<p>En la <strong>segunda edici\u00f3n<\/strong> del Proyecto Habilitas, en el 2023, han sido <strong>3 los costarricenses seleccionados de 29 candidaturas<\/strong>.<\/p>\n<p>&nbsp;<\/p>\n<ol start=\"4\">\n<li><strong>Proyecto de formaci\u00f3n del arte textil y artesan\u00eda, con especial atenci\u00f3n al papel de la mujer en la cadena de suministro de la moda. Academia italo-latinoamericana de cadenas de suministro de moda<\/strong><\/li>\n<\/ol>\n<p>El objetivo es brindar apoyo al crecimiento y transformaci\u00f3n de las Pymes de la moda en Latinoam\u00e9rica, buscando consolidar el Sistema Moda de la Am\u00e9rica Latina, teniendo como eje central las pol\u00edticas de g\u00e9nero, fomentando el emprendimiento femenino a trav\u00e9s de la formaci\u00f3n y el intercambio de experiencias, dando respuesta a modelos de sostenibilidad y econom\u00eda circular.<\/p>\n<p>El objetivo general es, en t\u00e9rminos de innovaci\u00f3n, competitividad y sostenibilidad, acompa\u00f1ar la transformaci\u00f3n del Sistema Moda Latinoamericano, inspirado en el modelo \u201cMade in Italy\u201d, estimulando la transici\u00f3n de las peque\u00f1as y medianas empresas del sector, hacia modelos de econom\u00eda circular que permitan en un futuro, reducir el impacto ambiental e impulsar el mejoramiento de la salud p\u00fablica y de la capacidad econ\u00f3mica y productiva de los pa\u00edses involucrados<\/p>\n<p>Actividades realizadas:<\/p>\n<ul>\n<li><strong>seminarios<\/strong> &#8211; ciclo de seminarios, sobre moda sostenible en Am\u00e9rica Latina, partiendo del modelo exitoso del Made in Italy, dirigidos a todos los interesados en el sector de la cadena productiva de la moda de todos los pa\u00edses miembros de la IILA.<\/li>\n<li><strong>Curso breve<\/strong> <strong>online<\/strong> &#8211; Historia del Dise\u00f1o en Am\u00e9rica Latina y el Caribe. Panorama del desarrollo del dise\u00f1o. Cuadro comparativo Italia\/ Latinoam\u00e9rica<\/li>\n<li><strong>Concurso<\/strong> Latinoam\u00e9rica Moda Eco-sostenible, Organizado por AILAM_Hub<\/li>\n<li><strong>Becas &#8211; <\/strong>Cl\u00faster Moda Habilitas 2023: 10 becas para el sector moda.<\/li>\n<\/ul>\n<p>&nbsp;<\/p>\n<p><strong>5. Proyecto Transformaci\u00f3n de ciudades latinoamericanas hacia una Econom\u00eda sostenible. Actividades de reforestaci\u00f3n y verde urbano. Bosque de la Amistad \u00cdtalo Latino americana IILA <\/strong><\/p>\n<p>En apoyo a la <strong>campa\u00f1a internacional &#8220;Huella del Futuro&#8221;<\/strong> para la recuperaci\u00f3n verde y sostenible &#8211; impulsada por el Ministerio de Ambiente y Energ\u00eda de Costa Rica y UNDP, en nueve municipios del norte del pa\u00eds &#8211; IILA ha financiado la siembra de 2.000 \u00e1rboles nativos y el mantenimiento de los \u00e1rboles durante cinco a\u00f1os, a beneficio del Colegio t\u00e9cnico profesional de Sarapiqu\u00ed (Provincia de Heredia).<\/p>\n<p><strong>Inauguraci\u00f3n <\/strong>realizada el <strong>9 de marzo de 2022<\/strong>. Actualmente se han plantado 2000 \u00e1rboles, el 100% de la donaci\u00f3n realizada por la IILA.<\/p>\n<p>&nbsp;<\/p>\n<h2><strong>COOPERACI\u00d3N CIENT\u00cdFICA<\/strong><\/h2>\n<ol>\n<li><strong><em>Scientia est sanitas officinarum<\/em><\/strong><strong>: Taller de formaci\u00f3n sobre investigaci\u00f3n en salud p\u00fablica en Am\u00e9rica Latina<\/strong><\/li>\n<\/ol>\n<p>&nbsp;<\/p>\n<p>El proyecto pretende reforzar la cooperaci\u00f3n y el intercambio de buenas pr\u00e1cticas sanitarias entre Italia y los institutos de Investigaci\u00f3n, Universidades y Ministerios de Sanidad de los pa\u00edses participantes, entre los cuales <strong>Costa Rica<\/strong>.<\/p>\n<p>Tem\u00e1ticas de capacitaci\u00f3n para desarrollar por el Instituto Superior de Salud (ISS):<\/p>\n<ul>\n<li>Capacity building en la lucha a las arbovirosis end\u00e9micas y de importaci\u00f3n (Chikungunya, Dengue, Zika, Mayaro, Fiebre Amarilla, Nilo Occidental)<\/li>\n<li>Governance y gesti\u00f3n de las emergencias sanitarias<\/li>\n<li>Telemedicina<\/li>\n<li>Salud Mental<\/li>\n<\/ul>\n<p>&nbsp;<\/p>\n<p>Actividades:<\/p>\n<ul>\n<li>18\/10\/2023: webinar \/seminario sobre Epidemic Intelligence<\/li>\n<li>6\/11\/2023: webinar \/ seminario sobre Telemedicina<\/li>\n<li>5\/12\/2023: webinar \/ seminario sobra Manejo de la bioseguridad en el contraste con los arbovirus<\/li>\n<li>10\/01\/2024: webinar \/ seminario sobre Salud mental<\/li>\n<\/ul>\n<p><u><br \/>\nSeminario conclusivo: <\/u><\/p>\n<p><strong>Seminario de capacitaci\u00f3n presencial en Costa Rica<\/strong>, planificado desde el <strong>10-15 de marzo 2024.<\/strong><\/p>\n<p><strong>\u00a0<\/strong><\/p>\n<ol start=\"2\">\n<li><strong>Programa de Becas <\/strong>IILA \u2013 Ministerio Relaciones Exteriores de Italia <strong>para ciudadanos latinoamericanos <\/strong>con becas en las siguientes \u00e1reas:<\/li>\n<\/ol>\n<ul>\n<li>Agroalimentos y tecnolog\u00edas alimentarias;<\/li>\n<li>Sostenibilidad ambiental y energ\u00edas renovables;<\/li>\n<li>Ciencias de la vida y biotecnolog\u00eda;<\/li>\n<li>Ciencias de la tierra y utilizaci\u00f3n de la tecnolog\u00eda espacial para la observaci\u00f3n de la tierra;<\/li>\n<li>Conservaci\u00f3n, tutela, restauro del patrimonio cultural.<\/li>\n<\/ul>\n<p>&nbsp;<\/p>\n<p><strong>\u00a0<\/strong><\/p>\n<ol start=\"3\">\n<li><strong>Proyecto: Promoci\u00f3n STEM y reducci\u00f3n de la brecha digital en Centro Am\u00e9rica en una perspectiva de g\u00e9nero <\/strong><\/li>\n<\/ol>\n<p>El proyecto busca desarrollar en los j\u00f3venes de los pa\u00edses participantes capacidades y conocimientos en el \u00e1rea STEAM (con enfoque especial en las mujereras), agilizar el acceso a los equipos electr\u00f3nicos y a la formaci\u00f3n en inform\u00e1tica.<\/p>\n<p>En el marco del Proyecto <strong>se realiz\u00f3 la compra de 30 tabletas y 300 foldscopes<\/strong> (microscopios de papel plegable).<\/p>\n<p>Durante 2022 se realizaron las <strong>donaciones de 300 foldscopes<\/strong> <strong>y 30 tabletas<\/strong> a favor de las mencionadas escuelas participantes de la iniciativa.<\/p>\n<p>Durante el 2023, la iniciativa ha sido completada con actividades de formaci\u00f3n sobre los foldscopes para los alumnos de las escuelas participantes.<br \/>\nEn los pr\u00f3ximos meses a conclusi\u00f3n del proyecto se otorgar\u00e1 un premio al mejor proyecto presentado sobre el uso de estos materiales.<\/p>\n<p>&nbsp;<\/p>\n<p><strong>\u00a0<\/strong><\/p>\n<h2><strong>COHESI\u00d3N SOCIAL<\/strong><\/h2>\n<ol>\n<li><strong>Eurosocial puente <\/strong><\/li>\n<\/ol>\n<p>Eurosocial puente es un peque\u00f1o proyecto con el que la Comisi\u00f3n Europea pretende facilitar la transici\u00f3n a la nueva fase de la cooperaci\u00f3n europea en materia de desigualdad y cohesi\u00f3n social.<br \/>\nLa nueva fase se centrar\u00e1 en el futuro Programa Regional Sociedades Inclusivas en Am\u00e9rica Latina y Caribe. Con este fin, pr\u00f3ximamente se definir\u00e1n actividades regionales en las que Costa Rica tambi\u00e9n participar\u00e1.<\/p>\n<p>Cabe destacar, al momento, que Costa Rica fue coorganizador y sede, en septiembre de 2023, del IX encuentro internacional de RedCUIDAR+, Un futuro con cuidados: pasos hacia la implementaci\u00f3n de sistemas de larga duraci\u00f3n, en cuyo marco tambi\u00e9n se realiz\u00f3 la primera reuni\u00f3n del Cap\u00edtulo Centroamericano de la Red. RedCUIDAR+ es la red de pa\u00edses centroamericanos y caribe\u00f1os cuyo objetivo es compartir ideas y experiencias en materia de atenci\u00f3n a personas mayores dependientes.<\/p>\n","protected":false},"excerpt":{"rendered":"La IILA, Organizaci\u00f3n Internacional \u00cdtalo-latinoamericana, es un Organismo intergubernamental con sede en Roma. Fue creada en 1966 con el nombre de Instituto \u00cdtalo-Latinoamericano como una herramienta para fomentar y potenciar las relaciones entre Italia (Europa) y Am\u00e9rica Latina. Los Estados miembros que componen esta Organizaci\u00f3n son Italia y las 20 Rep\u00fablicas de Am\u00e9rica Latina (Argentina, [&hellip;]","protected":false},"author":5,"featured_media":0,"parent":167,"menu_order":10,"comment_status":"closed","ping_status":"closed","template":"","meta":{"footnotes":""},"class_list":["post-3131","page","type-page","status-publish","hentry"],"_links":{"self":[{"href":"https:\/\/ambsanjose.esteri.it\/es\/wp-json\/wp\/v2\/pages\/3131","targetHints":{"allow":["GET"]}}],"collection":[{"href":"https:\/\/ambsanjose.esteri.it\/es\/wp-json\/wp\/v2\/pages"}],"about":[{"href":"https:\/\/ambsanjose.esteri.it\/es\/wp-json\/wp\/v2\/types\/page"}],"author":[{"embeddable":true,"href":"https:\/\/ambsanjose.esteri.it\/es\/wp-json\/wp\/v2\/users\/5"}],"replies":[{"embeddable":true,"href":"https:\/\/ambsanjose.esteri.it\/es\/wp-json\/wp\/v2\/comments?post=3131"}],"version-history":[{"count":2,"href":"https:\/\/ambsanjose.esteri.it\/es\/wp-json\/wp\/v2\/pages\/3131\/revisions"}],"predecessor-version":[{"id":3605,"href":"https:\/\/ambsanjose.esteri.it\/es\/wp-json\/wp\/v2\/pages\/3131\/revisions\/3605"}],"up":[{"embeddable":true,"href":"https:\/\/ambsanjose.esteri.it\/es\/wp-json\/wp\/v2\/pages\/167"}],"wp:attachment":[{"href":"https:\/\/ambsanjose.esteri.it\/es\/wp-json\/wp\/v2\/media?parent=3131"}],"curies":[{"name":"wp","href":"https:\/\/api.w.org\/{rel}","templated":true}]}}