{"id":3144,"date":"2023-10-16T13:18:35","date_gmt":"2023-10-16T19:18:35","guid":{"rendered":"https:\/\/ambsanjose.esteri.it\/?page_id=3144"},"modified":"2024-11-06T14:29:24","modified_gmt":"2024-11-06T20:29:24","slug":"cooperacion-internacional","status":"publish","type":"page","link":"https:\/\/ambsanjose.esteri.it\/es\/italia-e-costa-rica\/cooperazione-allo-sviluppo\/cooperacion-internacional\/","title":{"rendered":"Cooperaci\u00f3n internacional en Costa Rica"},"content":{"rendered":"<p>A pesar de la dif\u00edcil situaci\u00f3n sanitaria y la crisis econ\u00f3mica mundial, en 2021 Costa Rica se benefici\u00f3 de 3.970 millones de d\u00f3lares en programas de ayuda al desarrollo y cooperaci\u00f3n t\u00e9cnica de donantes internacionales. Se trat\u00f3 principalmente de pr\u00e9stamos de instituciones financieras internacionales (principalmente el Fondo Monetario).<\/p>\n<p>Por el contrario, la <strong>cooperaci\u00f3n de los pa\u00edses donantes<\/strong> para la ejecuci\u00f3n de proyectos de cooperaci\u00f3n aument\u00f3 un 81% en 2021, ascendiendo a aproximadamente <strong>220 millones de USD<\/strong>.<\/p>\n<p>Los principales pa\u00edses donantes bilaterales son Francia, Espa\u00f1a, Alemania y Corea del Sur.<\/p>\n<p>El Fondo Monetario Internacional, el Banco Interamericano de Integraci\u00f3n Econ\u00f3mica, el Banco de Desarrollo para Am\u00e9rica Latina &#8211; CAF, el BID y el Banco Mundial fueron los donantes financieros m\u00e1s importantes para Costa Rica.<\/p>\n","protected":false},"excerpt":{"rendered":"A pesar de la dif\u00edcil situaci\u00f3n sanitaria y la crisis econ\u00f3mica mundial, en 2021 Costa Rica se benefici\u00f3 de 3.970 millones de d\u00f3lares en programas de ayuda al desarrollo y cooperaci\u00f3n t\u00e9cnica de donantes internacionales. Se trat\u00f3 principalmente de pr\u00e9stamos de instituciones financieras internacionales (principalmente el Fondo Monetario). Por el contrario, la cooperaci\u00f3n de los [&hellip;]","protected":false},"author":5,"featured_media":0,"parent":167,"menu_order":0,"comment_status":"closed","ping_status":"closed","template":"","meta":{"footnotes":""},"class_list":["post-3144","page","type-page","status-publish","hentry"],"_links":{"self":[{"href":"https:\/\/ambsanjose.esteri.it\/es\/wp-json\/wp\/v2\/pages\/3144","targetHints":{"allow":["GET"]}}],"collection":[{"href":"https:\/\/ambsanjose.esteri.it\/es\/wp-json\/wp\/v2\/pages"}],"about":[{"href":"https:\/\/ambsanjose.esteri.it\/es\/wp-json\/wp\/v2\/types\/page"}],"author":[{"embeddable":true,"href":"https:\/\/ambsanjose.esteri.it\/es\/wp-json\/wp\/v2\/users\/5"}],"replies":[{"embeddable":true,"href":"https:\/\/ambsanjose.esteri.it\/es\/wp-json\/wp\/v2\/comments?post=3144"}],"version-history":[{"count":5,"href":"https:\/\/ambsanjose.esteri.it\/es\/wp-json\/wp\/v2\/pages\/3144\/revisions"}],"predecessor-version":[{"id":6591,"href":"https:\/\/ambsanjose.esteri.it\/es\/wp-json\/wp\/v2\/pages\/3144\/revisions\/6591"}],"up":[{"embeddable":true,"href":"https:\/\/ambsanjose.esteri.it\/es\/wp-json\/wp\/v2\/pages\/167"}],"wp:attachment":[{"href":"https:\/\/ambsanjose.esteri.it\/es\/wp-json\/wp\/v2\/media?parent=3144"}],"curies":[{"name":"wp","href":"https:\/\/api.w.org\/{rel}","templated":true}]}}