{"id":3150,"date":"2023-10-16T13:21:38","date_gmt":"2023-10-16T19:21:38","guid":{"rendered":"https:\/\/ambsanjose.esteri.it\/?page_id=3150"},"modified":"2024-11-11T11:45:00","modified_gmt":"2024-11-11T17:45:00","slug":"proyectos-financiados-por-el-gobierno-italiano-en-costa-rica","status":"publish","type":"page","link":"https:\/\/ambsanjose.esteri.it\/es\/italia-e-costa-rica\/cooperazione-allo-sviluppo\/proyectos-financiados-por-el-gobierno-italiano-en-costa-rica\/","title":{"rendered":"Proyectos financiados por el Gobierno italiano en Costa Rica"},"content":{"rendered":"<p><img loading=\"lazy\" decoding=\"async\" class=\"alignleft size-full wp-image-6385 img-fluid\" src=\"https:\/\/ambsanjose.esteri.it\/wp-content\/uploads\/2024\/10\/LOGO_AGENZIA.png\" alt=\"\" width=\"260\" height=\"214\" \/><\/p>\n<p>La <strong>Agencia Italiana de Cooperaci\u00f3n para el Desarrollo (AICS)<\/strong> es la entidad p\u00fablica del Gobierno de la Rep\u00fablica de Italia que promueve el desarrollo internacional de acuerdo con la Agenda 2030 y la pol\u00edtica de cooperaci\u00f3n de la Uni\u00f3n Europea.<br \/>\nDesde su oficina en San Salvador, la AICS se compromete a seguir con los m\u00e1s de 30 a\u00f1os de experiencia de la Cooperaci\u00f3n Italiana en la Regi\u00f3n Centroamericana. Seg\u00fan las directrices program\u00e1ticas actuales, El Salvador es considerado Pa\u00eds prioritario. Al mismo tiempo, la Oficina tiene competencia sobre Centroam\u00e9rica y el Caribe, por lo que actua a nivel regional y multisectorial tambi\u00e9n en Belice, Guatemala, Honduras, Nicaragua, Costa Rica, Panam\u00e1, Hait\u00ed, Rep\u00fablica Dominicana y Antillas Menores.<\/p>\n<p><strong>Hay 31 proyectos AICS activos en Centroam\u00e9rica, con un importe total de 167,3 millones de euros.<\/strong><\/p>\n<p>&nbsp;<\/p>\n<p><strong>Objetivos<\/strong><br \/>\nContribuir a promover:<br \/>\n&#8211; el desarrollo humano,<br \/>\n&#8211; la eliminaci\u00f3n de la pobreza,<br \/>\n&#8211; la reducci\u00f3n de las desigualdades,<br \/>\n&#8211; la protecci\u00f3n de los derechos humanos,<br \/>\n&#8211; la dignidad de las personas,<br \/>\n&#8211; la igualdad de g\u00e9nero,<br \/>\n&#8211; la prevenci\u00f3n de los conflictos y los procesos de consolidaci\u00f3n de la paz.<\/p>\n<p><strong><br \/>\nCanales de cooperaci\u00f3n<\/strong><br \/>\n&#8211; Subvenciones multilaterales y bilaterales,<br \/>\n&#8211; Intervenciones de emergencia humanitaria,<br \/>\n&#8211; Participaci\u00f3n a programas UE,<br \/>\n&#8211; Iniciativas de organizaciones de la sociedad civil, universidades y entidades territoriales.<\/p>\n<p>&nbsp;<\/p>\n<p><strong>Los objetivos futuros de AICS San Salvador<\/strong><br \/>\nProyectos activos: 32<br \/>\nMonto Total: EUR 170,68 Millones<br \/>\nFortalecimiento de la intervenci\u00f3n estrat\u00e9gica a nivel regional a trav\u00e9s de la sinergia y promoci\u00f3n de los efectos multiplicadores entre iniciativas y socios, tanto institucionales como privados y de la sociedad civil.<\/p>\n<p>Promoci\u00f3n del intercambio de excelencias y buenas pr\u00e1cticas de desarrollo entre el Sistema Italia y las realidades regionales y nacionales de los Pa\u00edses centroamericanos y del Caribe.<br \/>\nTransici\u00f3n verde y azul de la Regi\u00f3n Centroamericana y el Caribe y mejora de la resiliencia frente a las policrisis, con particular atenci\u00f3n a los j\u00f3venes, a las mujeres y a las categor\u00edas vulnerables.<\/p>\n<p><a href=\"https:\/\/ambsanjose.esteri.it\/wp-content\/uploads\/2024\/11\/Presentacion-AICS_Costa-Rica_2024_ES_compressed-1.pdf\"><img loading=\"lazy\" decoding=\"async\" class=\" wp-image-4796 img-fluid\" src=\"https:\/\/ambsanjose.esteri.it\/wp-content\/uploads\/2024\/06\/Programmi-di-cooperazione-italiana-300x169.jpg\" alt=\"\" width=\"405\" height=\"228\" srcset=\"https:\/\/ambsanjose.esteri.it\/wp-content\/uploads\/2024\/06\/Programmi-di-cooperazione-italiana-300x169.jpg 300w, https:\/\/ambsanjose.esteri.it\/wp-content\/uploads\/2024\/06\/Programmi-di-cooperazione-italiana-1024x578.jpg 1024w, https:\/\/ambsanjose.esteri.it\/wp-content\/uploads\/2024\/06\/Programmi-di-cooperazione-italiana-768x433.jpg 768w, https:\/\/ambsanjose.esteri.it\/wp-content\/uploads\/2024\/06\/Programmi-di-cooperazione-italiana.jpg 1503w\" sizes=\"auto, (max-width: 405px) 100vw, 405px\" \/><\/a><\/p>\n<p>&nbsp;<\/p>\n<p>&nbsp;<\/p>\n<p>&nbsp;<\/p>\n<p>&nbsp;<\/p>\n<p>&nbsp;<\/p>\n<p>&nbsp;<\/p>\n<p>&nbsp;<\/p>\n<p>&nbsp;<\/p>\n<p><a href=\"https:\/\/ambsanjose.esteri.it\/wp-content\/uploads\/2024\/10\/Brochure-AICS-San-Salvador_2024.pdf\"> <img loading=\"lazy\" decoding=\"async\" class=\"alignleft wp-image-6350 img-fluid\" src=\"https:\/\/ambsanjose.esteri.it\/wp-content\/uploads\/2024\/10\/Brochure-cooperazione-295x300.jpg\" alt=\"Brochure cooperazione italiana\" width=\"366\" height=\"373\" srcset=\"https:\/\/ambsanjose.esteri.it\/wp-content\/uploads\/2024\/10\/Brochure-cooperazione-295x300.jpg 295w, https:\/\/ambsanjose.esteri.it\/wp-content\/uploads\/2024\/10\/Brochure-cooperazione.jpg 498w\" sizes=\"auto, (max-width: 366px) 100vw, 366px\" \/> \u00a0<\/a><\/p>\n","protected":false},"excerpt":{"rendered":"La Agencia Italiana de Cooperaci\u00f3n para el Desarrollo (AICS) es la entidad p\u00fablica del Gobierno de la Rep\u00fablica de Italia que promueve el desarrollo internacional de acuerdo con la Agenda 2030 y la pol\u00edtica de cooperaci\u00f3n de la Uni\u00f3n Europea. Desde su oficina en San Salvador, la AICS se compromete a seguir con los m\u00e1s [&hellip;]","protected":false},"author":5,"featured_media":0,"parent":167,"menu_order":0,"comment_status":"closed","ping_status":"closed","template":"","meta":{"footnotes":""},"class_list":["post-3150","page","type-page","status-publish","hentry"],"_links":{"self":[{"href":"https:\/\/ambsanjose.esteri.it\/es\/wp-json\/wp\/v2\/pages\/3150","targetHints":{"allow":["GET"]}}],"collection":[{"href":"https:\/\/ambsanjose.esteri.it\/es\/wp-json\/wp\/v2\/pages"}],"about":[{"href":"https:\/\/ambsanjose.esteri.it\/es\/wp-json\/wp\/v2\/types\/page"}],"author":[{"embeddable":true,"href":"https:\/\/ambsanjose.esteri.it\/es\/wp-json\/wp\/v2\/users\/5"}],"replies":[{"embeddable":true,"href":"https:\/\/ambsanjose.esteri.it\/es\/wp-json\/wp\/v2\/comments?post=3150"}],"version-history":[{"count":7,"href":"https:\/\/ambsanjose.esteri.it\/es\/wp-json\/wp\/v2\/pages\/3150\/revisions"}],"predecessor-version":[{"id":6650,"href":"https:\/\/ambsanjose.esteri.it\/es\/wp-json\/wp\/v2\/pages\/3150\/revisions\/6650"}],"up":[{"embeddable":true,"href":"https:\/\/ambsanjose.esteri.it\/es\/wp-json\/wp\/v2\/pages\/167"}],"wp:attachment":[{"href":"https:\/\/ambsanjose.esteri.it\/es\/wp-json\/wp\/v2\/media?parent=3150"}],"curies":[{"name":"wp","href":"https:\/\/api.w.org\/{rel}","templated":true}]}}