{"id":3182,"date":"2024-01-22T11:04:01","date_gmt":"2024-01-22T17:04:01","guid":{"rendered":"https:\/\/ambsanjose.esteri.it\/?page_id=3182"},"modified":"2025-03-25T13:45:53","modified_gmt":"2025-03-25T19:45:53","slug":"3182-2","status":"publish","type":"page","link":"https:\/\/ambsanjose.esteri.it\/es\/italia-e-costa-rica\/rapporti-politici\/3182-2\/","title":{"rendered":"Visitas y reuniones pol\u00edticas"},"content":{"rendered":"<h3><strong>Visitas oficiales de autoridades costarricenses a Italia<\/strong><\/h3>\n<p>En mayo de 2016, el presidente <strong>Luis Guillermo Sol\u00eds<\/strong> realiz\u00f3 una visita oficial a Italia, durante la cual se concretaron cinco acuerdos bilaterales: sobre extradici\u00f3n y colaboraci\u00f3n judicial en materia penal; de cooperaci\u00f3n en el sector del medio ambiente y la lucha contra el cambio clim\u00e1tico; para el intercambio de informaci\u00f3n fiscal; de colaboraci\u00f3n cultural, cient\u00edfica y tecnol\u00f3gica.<\/p>\n<p>Luego de esta visita, los encuentros institucionales se intensificaron y en junio de 2019 se firm\u00f3 el Memorando de Entendimiento que establece un Mecanismo de Consulta Pol\u00edtica.<\/p>\n<p>En 2021, el Ministro Di Maio se reuni\u00f3 con el Ministro de Relaciones Exteriores de Costa Rica, <strong>Quiroz Solano<\/strong>, con motivo de la X Conferencia Italia-Am\u00e9rica Latina y el Caribe (25 y 26 de octubre de 2021 en Roma).<\/p>\n<p>El 20 de marzo de 2023, el Presidente de la Corte Constitucional de Costa Rica, <strong>Fernando Castillo V\u00edquez<\/strong>, se reuni\u00f3 en Roma con la Presidenta de la Corte Constitucional de Italia, Silvana Sciarra.<\/p>\n<p>El 5 de mayo de 2023, la Viceministra de Relaciones Exteriores <strong>Lydia Peralta Cordero<\/strong> se reuni\u00f3 en Roma con el Subsecretario de Estado de Relaciones Exteriores y Cooperaci\u00f3n Internacional, Giorgio Silli, para la segunda reuni\u00f3n peri\u00f3dica de consultas pol\u00edticas.<\/p>\n<p>En octubre de 2023, el Ministro de Relaciones Exteriores de Costa Rica, <strong>Arnoldo Andr\u00e9,<\/strong> particip\u00f3 en la XI Conferencia Italia-Am\u00e9rica Latina y el Caribe (25 y 26 de octubre de 2021 en Roma). Reuni\u00f3n bilateral con el Subsecretario de Estado de Asuntos Exteriores y Cooperaci\u00f3n Internacional, Giorgio Silli.<br \/>\n<img loading=\"lazy\" decoding=\"async\" class=\"alignnone size-full wp-image-3170 img-fluid\" src=\"https:\/\/ambsanjose.esteri.it\/wp-content\/uploads\/2024\/01\/Solis-Mattarella.jpg\" alt=\"\" width=\"280\" height=\"188\" \/><\/p>\n<h3>Visitas oficiales de autoridades italianas a Costa Rica<\/h3>\n<p>Del 19 al 21 de enero de 2022, la Vicecanciller <strong>Marina Sereni<\/strong> realiz\u00f3 una visita oficial a Costa Rica durante la cual presidi\u00f3, junto al entonces Vicecanciller Bola\u00f1os Argueda, la primera sesi\u00f3n del Mecanismo de Di\u00e1logo Pol\u00edtico.<\/p>\n<p>En marzo de 2023, la Viceministra de Relaciones Exteriores Lydia Peralta Cordero se reuni\u00f3 con el Subsecretario de Estado de Relaciones Exteriores y Cooperaci\u00f3n Internacional, <strong>Giorgio Silli<\/strong>, con motivo de la 28 Cumbre Ibero-Latinoamericana en Santo Domingo.<\/p>\n","protected":false},"excerpt":{"rendered":"Visitas oficiales de autoridades costarricenses a Italia En mayo de 2016, el presidente Luis Guillermo Sol\u00eds realiz\u00f3 una visita oficial a Italia, durante la cual se concretaron cinco acuerdos bilaterales: sobre extradici\u00f3n y colaboraci\u00f3n judicial en materia penal; de cooperaci\u00f3n en el sector del medio ambiente y la lucha contra el cambio clim\u00e1tico; para el [&hellip;]","protected":false},"author":5,"featured_media":0,"parent":2938,"menu_order":0,"comment_status":"closed","ping_status":"closed","template":"","meta":{"footnotes":""},"class_list":["post-3182","page","type-page","status-publish","hentry"],"_links":{"self":[{"href":"https:\/\/ambsanjose.esteri.it\/es\/wp-json\/wp\/v2\/pages\/3182","targetHints":{"allow":["GET"]}}],"collection":[{"href":"https:\/\/ambsanjose.esteri.it\/es\/wp-json\/wp\/v2\/pages"}],"about":[{"href":"https:\/\/ambsanjose.esteri.it\/es\/wp-json\/wp\/v2\/types\/page"}],"author":[{"embeddable":true,"href":"https:\/\/ambsanjose.esteri.it\/es\/wp-json\/wp\/v2\/users\/5"}],"replies":[{"embeddable":true,"href":"https:\/\/ambsanjose.esteri.it\/es\/wp-json\/wp\/v2\/comments?post=3182"}],"version-history":[{"count":3,"href":"https:\/\/ambsanjose.esteri.it\/es\/wp-json\/wp\/v2\/pages\/3182\/revisions"}],"predecessor-version":[{"id":3187,"href":"https:\/\/ambsanjose.esteri.it\/es\/wp-json\/wp\/v2\/pages\/3182\/revisions\/3187"}],"up":[{"embeddable":true,"href":"https:\/\/ambsanjose.esteri.it\/es\/wp-json\/wp\/v2\/pages\/2938"}],"wp:attachment":[{"href":"https:\/\/ambsanjose.esteri.it\/es\/wp-json\/wp\/v2\/media?parent=3182"}],"curies":[{"name":"wp","href":"https:\/\/api.w.org\/{rel}","templated":true}]}}