{"id":3246,"date":"2024-01-24T08:45:58","date_gmt":"2024-01-24T14:45:58","guid":{"rendered":"https:\/\/ambsanjose.esteri.it\/?page_id=3246"},"modified":"2024-01-24T08:48:21","modified_gmt":"2024-01-24T14:48:21","slug":"ettore-de-girolami","status":"publish","type":"page","link":"https:\/\/ambsanjose.esteri.it\/es\/italia-e-costa-rica\/diplomazia-culturale\/643-2\/ettore-de-girolami\/","title":{"rendered":"Ettore De Girolami"},"content":{"rendered":"<p>Ettore De Girolami era un joven m\u00e9dico italiano con dos grandes pasiones: la m\u00fasica y la medicina. Esta \u00faltima se convirti\u00f3 m\u00e1s tarde en su trabajo cuando, gracias a su competencia y perseverancia, fue contratado en el Instituto de Tumores de Mil\u00e1n. Sin embargo, la Italia de los a\u00f1os 50 no es el entorno que imaginaba para \u00e9l, su mujer y sus dos hijos. Por eso, decidi\u00f3 vender todas sus posesiones, a excepci\u00f3n de su viola y su acorde\u00f3n, para comprar un billete de ida a Costa Rica.<\/p>\n<p>Al llegar al Pa\u00eds, se encontr\u00f3 con una realidad muy distinta del para\u00edso que hab\u00eda imaginado. A pesar de eso, empez\u00f3 inmediatamente a buscar un trabajo que le permitiera mantener a su familia, y as\u00ed se dirigi\u00f3 al Hospital San Juan de Dios. Su valiosa aportaci\u00f3n se hizo notar de inmediato, tanto que el Dr. Carlos M. Guti\u00e9rrez, m\u00e9dico de la Cl\u00ednica de Tumores de la Lucha contra el C\u00e1ncer le pidi\u00f3 de inmediato que colaborara con \u00e9l.<\/p>\n<p>Al mismo tiempo, Ettore De Girolami tambi\u00e9n miraba hacia el mundo acad\u00e9mico y por ello se dirigi\u00f3 a la Universidad de Costa Rica, donde entonces no exist\u00eda la Facultad de Medicina, sino s\u00f3lo la de Ciencias. Fue en la Facultad de Ciencias donde consigui\u00f3 la c\u00e1tedra de Histolog\u00eda en 1952. Aunque no hablaba bien el idioma, el profesor supo compensar los problemas ling\u00fc\u00edsticos con otras formas de expresi\u00f3n y pudo transmitir sus conocimientos.<\/p>\n<p>Ya en su nuevo puesto acad\u00e9mico, Ettore demostr\u00f3 enseguida sus habilidades. De hecho, el Consejo Universitario le eligi\u00f3 para dirigir y coordinar todo lo relativo a los programas m\u00e9dicos. Sin embargo, no s\u00f3lo quiso gestionar las actividades de la universidad desde arriba e intervino directamente en varios proyectos: la organizaci\u00f3n de la secci\u00f3n de revistas cient\u00edficas dentro de la Biblioteca Universitaria; la creaci\u00f3n del plan de estudios definitivo para los primeros a\u00f1os fundamentales de la Facultad de Medicina; la revisi\u00f3n de los materiales de qu\u00edmica, f\u00edsica, biolog\u00eda y matem\u00e1ticas para el bachillerato con el fin de mejorar el v\u00ednculo entre los cursos de bachillerato y los cursos profesionales universitarios.<\/p>\n<p>Adem\u00e1s, es al Prof. De Girolami a quien la Universidad de Costa Rica debe dos de sus pilares: la Escuela de Medicina, de la que es cofundador, y sobre todo la <em>Revista de Biolog\u00eda Tropical<\/em> de la Universidad de Costa Rica. El objetivo del profesor italiano era crear un medio que favoreciera la difusi\u00f3n de las excelentes investigaciones que se llevan a cabo en la Universidad. Una vez presentado al rector Rodrigo Facio, \u00e9ste acogi\u00f3 con entusiasmo el proyecto, hasta el punto de que el primer n\u00famero se publicar\u00eda poco despu\u00e9s, el 10 de julio de 1953.<\/p>\n<p>A pesar de sus compromisos acad\u00e9micos y de investigaci\u00f3n, el profesor nunca dej\u00f3 de lado su amor por la m\u00fasica. De hecho, ingres\u00f3 en la Orquesta Sinf\u00f3nica Nacional tocando la viola y form\u00f3 un cuarteto de cuerda que dio numerosos conciertos en el Teatro Nacional.<\/p>\n<p>M\u00e1s tarde, se trasladar\u00eda a Estados Unidos, pero su cari\u00f1o por el pa\u00eds que hab\u00eda hecho florecer su talento permaneci\u00f3. As\u00ed que, con el objetivo de dar a otros cient\u00edficos las mismas oportunidades que \u00e9l hab\u00eda tenido en Costa Rica, decidi\u00f3 crear el &#8220;Premio Famiglia De Girolami&#8221; junto con su familia. El premio, que tambi\u00e9n incluye un cheque de 2000 d\u00f3lares, se concede desde 1995 a la mejor publicaci\u00f3n en la <em>Revista de Biolog\u00eda Tropical<\/em>.<\/p>\n<p>Ettore De Girolami falleci\u00f3 en 2005, pero su precioso trabajo ser\u00e1 continuado por las nuevas generaciones de cient\u00edficos que, gracias a \u00e9l, tienen la oportunidad de llevar a cabo importantes investigaciones en el campo biom\u00e9dico.<\/p>\n<p><img loading=\"lazy\" decoding=\"async\" class=\"alignnone size-medium wp-image-3238 img-fluid\" src=\"https:\/\/ambsanjose.esteri.it\/wp-content\/uploads\/2024\/01\/girolami-award-300x95.png\" alt=\"\" width=\"300\" height=\"95\" srcset=\"https:\/\/ambsanjose.esteri.it\/wp-content\/uploads\/2024\/01\/girolami-award-300x95.png 300w, https:\/\/ambsanjose.esteri.it\/wp-content\/uploads\/2024\/01\/girolami-award.png 315w\" sizes=\"auto, (max-width: 300px) 100vw, 300px\" \/><img loading=\"lazy\" decoding=\"async\" class=\"alignnone size-full wp-image-3242 img-fluid\" src=\"https:\/\/ambsanjose.esteri.it\/wp-content\/uploads\/2024\/01\/Ettore-De-Girolami.jpg\" alt=\"\" width=\"225\" height=\"225\" srcset=\"https:\/\/ambsanjose.esteri.it\/wp-content\/uploads\/2024\/01\/Ettore-De-Girolami.jpg 225w, https:\/\/ambsanjose.esteri.it\/wp-content\/uploads\/2024\/01\/Ettore-De-Girolami-150x150.jpg 150w\" sizes=\"auto, (max-width: 225px) 100vw, 225px\" \/> <img loading=\"lazy\" decoding=\"async\" class=\"alignnone size-full wp-image-3239 img-fluid\" src=\"https:\/\/ambsanjose.esteri.it\/wp-content\/uploads\/2024\/01\/Ettore-De-Girolami-2.jpg\" alt=\"\" width=\"176\" height=\"193\" \/><\/p>\n","protected":false},"excerpt":{"rendered":"Ettore De Girolami era un joven m\u00e9dico italiano con dos grandes pasiones: la m\u00fasica y la medicina. Esta \u00faltima se convirti\u00f3 m\u00e1s tarde en su trabajo cuando, gracias a su competencia y perseverancia, fue contratado en el Instituto de Tumores de Mil\u00e1n. Sin embargo, la Italia de los a\u00f1os 50 no es el entorno que [&hellip;]","protected":false},"author":5,"featured_media":0,"parent":643,"menu_order":0,"comment_status":"closed","ping_status":"closed","template":"","meta":{"footnotes":""},"class_list":["post-3246","page","type-page","status-publish","hentry"],"_links":{"self":[{"href":"https:\/\/ambsanjose.esteri.it\/es\/wp-json\/wp\/v2\/pages\/3246","targetHints":{"allow":["GET"]}}],"collection":[{"href":"https:\/\/ambsanjose.esteri.it\/es\/wp-json\/wp\/v2\/pages"}],"about":[{"href":"https:\/\/ambsanjose.esteri.it\/es\/wp-json\/wp\/v2\/types\/page"}],"author":[{"embeddable":true,"href":"https:\/\/ambsanjose.esteri.it\/es\/wp-json\/wp\/v2\/users\/5"}],"replies":[{"embeddable":true,"href":"https:\/\/ambsanjose.esteri.it\/es\/wp-json\/wp\/v2\/comments?post=3246"}],"version-history":[{"count":1,"href":"https:\/\/ambsanjose.esteri.it\/es\/wp-json\/wp\/v2\/pages\/3246\/revisions"}],"predecessor-version":[{"id":3248,"href":"https:\/\/ambsanjose.esteri.it\/es\/wp-json\/wp\/v2\/pages\/3246\/revisions\/3248"}],"up":[{"embeddable":true,"href":"https:\/\/ambsanjose.esteri.it\/es\/wp-json\/wp\/v2\/pages\/643"}],"wp:attachment":[{"href":"https:\/\/ambsanjose.esteri.it\/es\/wp-json\/wp\/v2\/media?parent=3246"}],"curies":[{"name":"wp","href":"https:\/\/api.w.org\/{rel}","templated":true}]}}