{"id":3272,"date":"2024-01-29T12:31:47","date_gmt":"2024-01-29T18:31:47","guid":{"rendered":"https:\/\/ambsanjose.esteri.it\/?page_id=3272"},"modified":"2024-01-29T14:16:14","modified_gmt":"2024-01-29T20:16:14","slug":"antonio-balli-pranzini","status":"publish","type":"page","link":"https:\/\/ambsanjose.esteri.it\/es\/italia-e-costa-rica\/diplomazia-culturale\/643-2\/antonio-balli-pranzini\/","title":{"rendered":"Antonio Balli Pranzini"},"content":{"rendered":"<p>Nacido en Correggio, Modena, en 1907, Antonio Balli fue zo\u00f3logo y fil\u00f3sofo. Se gradu\u00f3 en ingenier\u00eda agr\u00edcola, con especializaci\u00f3n en zootecnia en Gembloux, B\u00e9lgica, en 1931. Luego regres\u00f3 a su pa\u00eds para obtener un doctorado en Ciencias Agrarias en la Universidad de Mil\u00e1n.<\/p>\n<p>Entre 1934 y 1947, public\u00f3 42 art\u00edculos sobre Zoolog\u00eda experimental. Ense\u00f1\u00f3 e investig\u00f3 durante aproximadamente 20 a\u00f1os en las universidades de Modena, Parma y Perugia, ocupando tambi\u00e9n importantes cargos administrativos, hasta que fue reclutado en Costa Rica para la reforma universitaria de 1957, llevada a cabo por el abogado y economista Rodrigo Facio Brenes, entonces rector de la Universidad de Costa Rica (UCR).<\/p>\n<p>La reforma universitaria establec\u00eda que los estudiantes, antes de comenzar sus carreras profesionales, estudiaran durante un a\u00f1o algunas disciplinas human\u00edsticas. Estos estudios inclu\u00edan tres materias principales: historia de la cultura, fundamentos de filosof\u00eda y castellano; complementados con otras asignaturas opcionales de car\u00e1cter sociol\u00f3gico, antropol\u00f3gico, biol\u00f3gico, etc. Esta importante iniciativa requer\u00eda la ayuda de profesores extranjeros o el regreso de costarricenses previamente formados en el extranjero, que pudieran iniciar una &#8220;globalizaci\u00f3n&#8221; cultural en Costa Rica y contribuir a la formaci\u00f3n de futuros profesores para los colegios costarricenses.<\/p>\n<figure id=\"attachment_3268\" aria-describedby=\"caption-attachment-3268\" style=\"width: 200px\" class=\"wp-caption alignleft\"><img loading=\"lazy\" decoding=\"async\" class=\"size-medium wp-image-3268 img-fluid\" src=\"https:\/\/ambsanjose.esteri.it\/wp-content\/uploads\/2024\/01\/Balli-200x300.jpg\" alt=\"\" width=\"200\" height=\"300\" srcset=\"https:\/\/ambsanjose.esteri.it\/wp-content\/uploads\/2024\/01\/Balli-200x300.jpg 200w, https:\/\/ambsanjose.esteri.it\/wp-content\/uploads\/2024\/01\/Balli.jpg 243w\" sizes=\"auto, (max-width: 200px) 100vw, 200px\" \/><figcaption id=\"caption-attachment-3268\" class=\"wp-caption-text\">Antonio Balli<\/figcaption><\/figure>\n<p>Entre ellos se encontraba Antonio Balli Pranzini, quien fue convocado a Costa Rica en 1957 y, fascinado por el pa\u00eds tropical, se traslad\u00f3 all\u00ed con su familia y permaneci\u00f3 hasta su muerte.<\/p>\n<p>Balli era un cient\u00edfico con ideas muy originales. Estudi\u00f3 diversas especies animales en Italia, era un gran observador y conoc\u00eda perfectamente el comportamiento de los animales, especialmente el de las gallinas y las abejas.<br \/>\nPosteriormente se alej\u00f3 de la ense\u00f1anza convencional de la zoolog\u00eda para adoptar un enfoque basado en un estudio razonado de las causas de los fen\u00f3menos naturales. Lo que quer\u00eda para sus estudiantes era estimularlos a pensar, ir m\u00e1s all\u00e1, discernir los verdaderos problemas. Esto le vali\u00f3 la doble condici\u00f3n de bi\u00f3logo y fil\u00f3sofo.<\/p>\n<p>Cuando fue contratado por la UCR, Balli era profesor titular de Zoolog\u00eda General, Zoolog\u00eda de los Invertebrados y Zoolog\u00eda de los Vertebrados, pero a\u00f1os despu\u00e9s tambi\u00e9n asumi\u00f3 la c\u00e1tedra del curso de Ideas Biol\u00f3gicas.<\/p>\n<p>Escribi\u00f3 m\u00e1s de 150 art\u00edculos de car\u00e1cter biol\u00f3gico-filos\u00f3fico que utiliz\u00f3 como material did\u00e1ctico para este \u00faltimo curso.<br \/>\nEntre ellos se encuentran art\u00edculos titulados &#8220;Sobre el origen de la vida&#8221;, &#8220;Sin filosofar no hay desarrollo&#8221; y &#8220;Saber filos\u00f3fico y saber cient\u00edfico&#8221;.<\/p>\n<p>El profesor Balli dej\u00f3 un n\u00famero considerable de art\u00edculos de divulgaci\u00f3n cient\u00edfica y su trabajo gener\u00f3 mucho respeto y gratitud entre los estudiantes de la universidad costarricense.<\/p>\n","protected":false},"excerpt":{"rendered":"Nacido en Correggio, Modena, en 1907, Antonio Balli fue zo\u00f3logo y fil\u00f3sofo. Se gradu\u00f3 en ingenier\u00eda agr\u00edcola, con especializaci\u00f3n en zootecnia en Gembloux, B\u00e9lgica, en 1931. Luego regres\u00f3 a su pa\u00eds para obtener un doctorado en Ciencias Agrarias en la Universidad de Mil\u00e1n. Entre 1934 y 1947, public\u00f3 42 art\u00edculos sobre Zoolog\u00eda experimental. Ense\u00f1\u00f3 e [&hellip;]","protected":false},"author":5,"featured_media":0,"parent":643,"menu_order":0,"comment_status":"closed","ping_status":"closed","template":"","meta":{"footnotes":""},"class_list":["post-3272","page","type-page","status-publish","hentry"],"_links":{"self":[{"href":"https:\/\/ambsanjose.esteri.it\/es\/wp-json\/wp\/v2\/pages\/3272","targetHints":{"allow":["GET"]}}],"collection":[{"href":"https:\/\/ambsanjose.esteri.it\/es\/wp-json\/wp\/v2\/pages"}],"about":[{"href":"https:\/\/ambsanjose.esteri.it\/es\/wp-json\/wp\/v2\/types\/page"}],"author":[{"embeddable":true,"href":"https:\/\/ambsanjose.esteri.it\/es\/wp-json\/wp\/v2\/users\/5"}],"replies":[{"embeddable":true,"href":"https:\/\/ambsanjose.esteri.it\/es\/wp-json\/wp\/v2\/comments?post=3272"}],"version-history":[{"count":2,"href":"https:\/\/ambsanjose.esteri.it\/es\/wp-json\/wp\/v2\/pages\/3272\/revisions"}],"predecessor-version":[{"id":3277,"href":"https:\/\/ambsanjose.esteri.it\/es\/wp-json\/wp\/v2\/pages\/3272\/revisions\/3277"}],"up":[{"embeddable":true,"href":"https:\/\/ambsanjose.esteri.it\/es\/wp-json\/wp\/v2\/pages\/643"}],"wp:attachment":[{"href":"https:\/\/ambsanjose.esteri.it\/es\/wp-json\/wp\/v2\/media?parent=3272"}],"curies":[{"name":"wp","href":"https:\/\/api.w.org\/{rel}","templated":true}]}}