{"id":331,"date":"2023-10-10T12:20:15","date_gmt":"2023-10-10T18:20:15","guid":{"rendered":"https:\/\/ambsanjose.esteri.it\/?page_id=331"},"modified":"2025-07-16T13:37:17","modified_gmt":"2025-07-16T19:37:17","slug":"anagrafe","status":"publish","type":"page","link":"https:\/\/ambsanjose.esteri.it\/es\/servizi-consolari-e-visti\/servizi-per-il-cittadino-italiano\/anagrafe\/","title":{"rendered":"Anagrafe"},"content":{"rendered":"<h2>A.I.R.E. (Anagrafe degli Italiani Residenti all\u2019Estero)<\/h2>\n<p>El Registro de Italianos Residentes en el Extranjero y el Registro de la Poblaci\u00f3n Residente constituyen el Registro Nacional de la Poblaci\u00f3n Residente (ANPR). El ANPR es una base de datos unificada a nivel nacional que contiene la informaci\u00f3n introducida y gestionada por los municipios.<\/p>\n<p>El <strong>Registro de Italianos Residentes en el Extranjero (A.I.R.E.)<\/strong>, creado por la ley n.\u00ba 470, de 27 de octubre de 1988 (<a href=\"https:\/\/www.normattiva.it\/uri-res\/N2Ls?urn:nir:stato:legge:1988-10-27;470!vig=\">LEY n.\u00ba 470, de 27 de octubre de 1988, Normattiva),<\/a> es gestionado por los municipios sobre la base de los datos y la informaci\u00f3n procedentes de las representaciones consulares en el extranjero.<\/p>\n<p>Todos los ciudadanos italianos que se mudan a Costa Rica por un periodo superior a los doce meses deben registrarse al A.I.R.E., presentando una declaraci\u00f3n a la oficina consular de la Embajada y adjuntando la documentaci\u00f3n requerida.<\/p>\n<p>&nbsp;<\/p>\n<p><strong>La inscripci\u00f3n al A.I.R.E.<\/strong> (completamente gratuita) es <strong>una obligaci\u00f3n<\/strong> del ciudadano (art. 6 ley 470\/1988 y art. 11 ley 1228\/1954) y constituye la base para gozar de una serie de servicios brindados por las representaciones consulares en el extranjero, adem\u00e1s de servir para el ejercicio de derechos importantes, como:<\/p>\n<ul>\n<li>La posibilidad de votar en las elecciones pol\u00edticas y en los refer\u00e9ndums por correspondencia en su pa\u00eds de residencia;<\/li>\n<li>La posibilidad de obtener la entrega y renovar documentos de identidad y de viaje, adem\u00e1s de certificaciones;<\/li>\n<li>La posibilidad de renovar la licencia de conducir (solo en pa\u00edses fuera de la UE).<\/li>\n<\/ul>\n<h3><strong>\u00bfQui\u00e9n debe inscribirse en A.I.R.E.?<\/strong><\/h3>\n<ul>\n<li>Los ciudadanos italianos que vayan a cambiar su residencia, entendida como<strong> residencia habitual<\/strong>, en el extranjero de forma permanente.<\/li>\n<li>Los ciudadanos que ya residen en el extranjero.<\/li>\n<\/ul>\n<p>Cualquier persona que, teniendo obligaciones registrales, incumpla las disposiciones de la Ley n.\u00ba 1228, de 24 de diciembre de 1954, de la Ley n.\u00ba 470, de 27 de octubre de 1988, y de los reglamentos de ejecuci\u00f3n de las citadas leyes, estar\u00e1 sujeta a <strong>sanciones administrativas pecuniarias<\/strong>, tal y como prev\u00e9 la Ley n.\u00ba 213, de 30 de diciembre de 2023. n.\u00ba 213. La autoridad competente para la comprobaci\u00f3n y la imposici\u00f3n de la sanci\u00f3n es el municipio en cuyo registro civil est\u00e1 inscrito el infractor.<\/p>\n<p>El procedimiento de verificaci\u00f3n y sanci\u00f3n a cargo de los municipios est\u00e1 regulado por la Ley n.\u00ba 689, de 24 de noviembre de 1981, cuyo art\u00edculo 1 establece que \u00abNadie podr\u00e1 ser objeto de sanciones administrativas si no es en virtud de una ley que haya entrado en vigor antes de la comisi\u00f3n de la infracci\u00f3n\u00bb.<\/p>\n<p>&nbsp;<\/p>\n<p>La solicitud de inscripci\u00f3n al A.I.R.E. debe ser presentada tambi\u00e9n para el resto de los componentes de su n\u00facleo familiar que vivan con usted (c\u00f3nyuge, hijos menores).<\/p>\n<p>Para inscribir a menores de edad en el A.I.R.E., dir\u00edjase a la p\u00e1gina: <a href=\"https:\/\/ambsanjose.esteri.it\/it\/servizi-consolari-e-visti\/servizi-per-il-cittadino-italiano\/anagrafe\/come-iscriversi-allaire\/\">C\u00f3mo inscribirse en el AIRE.<\/a><\/p>\n<p>Los componentes del n\u00facleo familiar que sean mayores de edad deben compilar individualmente la solicitud de inscripci\u00f3n al A.I.R.E.<\/p>\n<h3><strong><br \/>\n\u00bfQui\u00e9n <span style=\"text-decoration: underline;\">no<\/span> debe inscribirse al A.I.R.E.?<\/strong><\/h3>\n<p>Est\u00e1n exentos de la obligaci\u00f3n de inscribirse en el AIRE:<\/p>\n<ul>\n<li>las personas que viajan al extranjero por un per\u00edodo inferior a un a\u00f1o;<\/li>\n<li>los trabajadores temporales;<\/li>\n<li>los empleados fijos del Estado en servicio en el extranjero, notificados a las autoridades locales de conformidad con las Convenciones de Viena de 1961 y 1963 sobre relaciones diplom\u00e1ticas y consulares;<\/li>\n<li>los militares en servicio en las oficinas y estructuras de la OTAN.<\/li>\n<\/ul>\n<p>&nbsp;<\/p>\n<h3><strong>Inscripci\u00f3n al A.I.R.E. para residentes en Costa Rica<\/strong><\/h3>\n<p>\u00b7 A trav\u00e9s del portal <strong>FastIT<\/strong> Servicios Consulares Online siguiendo las instrucciones.<\/p>\n<p>O bien, para las personas que no lo logren por<strong>\u00a0<a href=\"https:\/\/serviziconsolarionline.esteri.it\/ScoFE\/index.sco;jsessionid=2290BAE8AE67E95224D8B67DDECCB183?actionMethod=index.xhtml%3AscoServiceCategoryController.reset%28%29\">FastIT<\/a><\/strong>:<br \/>\n\u00b7 Enviando a la oficina consular (\u00a0<a href=\"mailto:consolare.sanjose@esteri.it\">consolare.sanjose@esteri.it<\/a>\u00a0)\u00a0el\u00a0<a href=\"https:\/\/ambsanjose.esteri.it\/wp-content\/uploads\/2023\/10\/Modulo-iscrizione-aire-costarica-1.pdf\">Modulo iscrizione AIRE<\/a> adjuntando:<br \/>\n1. Copia del documento de identidad.<br \/>\n2. Copia de la prueba de residencia (c\u00e9dula de residencia, etc.)<\/p>\n<p>Para m\u00e1s informaci\u00f3n, consulte la p\u00e1gina <a href=\"https:\/\/ambsanjose.esteri.it\/it\/servizi-consolari-e-visti\/servizi-per-il-cittadino-italiano\/anagrafe\/come-iscriversi-allaire\/\"><strong>C\u00f3mo inscribirse en el AIRE<\/strong><\/a>.<br \/>\n<strong><\/p>\n<p>Inscripci\u00f3n de oficio<\/strong><\/p>\n<p>El art\u00edculo 6, comas 6 y 9 de la ley n. 470\/1988 prev\u00e9 la obligaci\u00f3n para la oficina consular de proceder a la inscripci\u00f3n, si en ocasi\u00f3n de una solicitud de certificados, actas o documentos, se verifique que los datos de registro del ciudadano no est\u00e9n actualizados y este no brinde la declaraci\u00f3n para fines de inscribirse al A.I.R.E.<\/p>\n<p><strong><br \/>\nActualizaci\u00f3n de los datos en A.I.R.E. \u2013 cambio de direcci\u00f3n de residencia<\/strong><\/p>\n<p>El mantener actualizados los datos, adem\u00e1s de ser una obligaci\u00f3n por ley, es necesario para poder gozar de los servicios consulares (ej. Entrega de pasaportes, documentos de identidad, declaraciones, etc.).<\/p>\n<p>La actualizaci\u00f3n de los datos es un deber y depende del ciudadano. El interesado debe comunicar a la respectiva oficina consular (\u00a0<a href=\"mailto:consolare.sanjose@esteri.it\">consolare.sanjose@esteri.it<\/a>\u00a0) :<\/p>\n<p>\u00b7 Los cambios en su estado civil, para la transcripci\u00f3n de las actas en Italia (matrimonio, nacimiento, divorcio, etc.)<\/p>\n<p>\u00b7 El cambio de residencia o domicilio y cualquier otra variaci\u00f3n registral.<\/p>\n<p>\u00b7 El regreso definitivo a Italia.<\/p>\n<p>\u00b7 La p\u00e9rdida de la ciudadan\u00eda italiana.<\/p>\n<p>NOTA: el no actualizar los datos, especialmente los que se refieren al cambio de direcci\u00f3n de residencia, rinde imposible el contacto con el ciudadano y la recepci\u00f3n de las boletas electorales en caso de elecciones.<\/p>\n<h3><strong><br \/>\nCAMBIO DE PAIS DE RESIDENCIA<\/strong><\/h3>\n<p>Para comunicar el cambio de residencia de otro pa\u00eds a Costa Rica y viceversa utilice el portal<a href=\"https:\/\/serviziconsolarionline.esteri.it\/ScoFE\/index.sco;jsessionid=2290BAE8AE67E95224D8B67DDECCB183?actionMethod=index.xhtml%3AscoServiceCategoryController.reset%28%29\"><strong>FastIT Servicios Consulares Online<\/strong><\/a><strong>, <\/strong>en el que se puede verificar la oficina consular competente territorialmente para el nuevo lugar de residencia, a la que se debe enviar la solicitud en un plazo de 90 d\u00edas a partir del traslado. El servicio se denomina \u00abcambio de circunscripci\u00f3n consular\u00bb. Si no se comunica el traslado, transcurridos 180 d\u00edas desde el mismo, se podr\u00e1 declarar la imposibilidad de localizar al ciudadano, con la consiguiente cancelaci\u00f3n de la inscripci\u00f3n en el registro civil por parte del municipio de inscripci\u00f3n en el AIRE.<\/p>\n<h3><strong><br \/>\nREGRESO A ITALIA<\/strong><\/h3>\n<p>Por repatriaci\u00f3n se entiende el regreso definitivo de una persona o una familia a Italia.<br \/>\nLa informaci\u00f3n al respecto se puede consultar en la p\u00e1gina <a href=\"https:\/\/ambsanjose.esteri.it\/it\/servizi-consolari-e-visti\/servizi-per-il-cittadino-italiano\/rientro-definitivo-in-italia\/\">Regreso definitivo a Italia \u2013 Embajada de Italia en San Jos\u00e9 (esteri.it)<\/a><\/p>\n","protected":false},"excerpt":{"rendered":"A.I.R.E. (Anagrafe degli Italiani Residenti all\u2019Estero) El Registro de Italianos Residentes en el Extranjero y el Registro de la Poblaci\u00f3n Residente constituyen el Registro Nacional de la Poblaci\u00f3n Residente (ANPR). El ANPR es una base de datos unificada a nivel nacional que contiene la informaci\u00f3n introducida y gestionada por los municipios. El Registro de Italianos [&hellip;]","protected":false},"author":5,"featured_media":0,"parent":172,"menu_order":1,"comment_status":"closed","ping_status":"closed","template":"","meta":{"footnotes":""},"class_list":["post-331","page","type-page","status-publish","hentry"],"_links":{"self":[{"href":"https:\/\/ambsanjose.esteri.it\/es\/wp-json\/wp\/v2\/pages\/331","targetHints":{"allow":["GET"]}}],"collection":[{"href":"https:\/\/ambsanjose.esteri.it\/es\/wp-json\/wp\/v2\/pages"}],"about":[{"href":"https:\/\/ambsanjose.esteri.it\/es\/wp-json\/wp\/v2\/types\/page"}],"author":[{"embeddable":true,"href":"https:\/\/ambsanjose.esteri.it\/es\/wp-json\/wp\/v2\/users\/5"}],"replies":[{"embeddable":true,"href":"https:\/\/ambsanjose.esteri.it\/es\/wp-json\/wp\/v2\/comments?post=331"}],"version-history":[{"count":6,"href":"https:\/\/ambsanjose.esteri.it\/es\/wp-json\/wp\/v2\/pages\/331\/revisions"}],"predecessor-version":[{"id":9384,"href":"https:\/\/ambsanjose.esteri.it\/es\/wp-json\/wp\/v2\/pages\/331\/revisions\/9384"}],"up":[{"embeddable":true,"href":"https:\/\/ambsanjose.esteri.it\/es\/wp-json\/wp\/v2\/pages\/172"}],"wp:attachment":[{"href":"https:\/\/ambsanjose.esteri.it\/es\/wp-json\/wp\/v2\/media?parent=331"}],"curies":[{"name":"wp","href":"https:\/\/api.w.org\/{rel}","templated":true}]}}