{"id":339,"date":"2023-10-10T12:36:08","date_gmt":"2023-10-10T18:36:08","guid":{"rendered":"https:\/\/ambsanjose.esteri.it\/?page_id=339"},"modified":"2026-03-14T11:38:41","modified_gmt":"2026-03-14T17:38:41","slug":"dias-feriado-entre-semana-del-ano","status":"publish","type":"page","link":"https:\/\/ambsanjose.esteri.it\/es\/chi-siamo\/la-sede\/dias-feriado-entre-semana-del-ano\/","title":{"rendered":"Lista de d\u00edas festivos"},"content":{"rendered":"<p>Los d\u00edas festivos que se observar\u00e1n en esta Embajada para 2026 son los siguientes:<\/p>\n<p>&nbsp;<\/p>\n<table width=\"593\">\n<tbody>\n<tr>\n<td width=\"196\">Jueves 1 de enero<\/td>\n<td width=\"144\"><\/td>\n<td width=\"253\">A\u00f1o Nuevo<\/td>\n<\/tr>\n<tr>\n<td width=\"196\">Viernes 3 de abril<\/td>\n<td width=\"144\"><\/td>\n<td width=\"253\">Viernes Santo<\/td>\n<\/tr>\n<tr>\n<td width=\"196\">Lunes 6 de abril<\/td>\n<td width=\"144\"><\/td>\n<td width=\"253\">Lunes de Pascua<\/td>\n<\/tr>\n<tr>\n<td width=\"196\">S\u00e1bado 25 de abril<\/td>\n<td width=\"144\"><\/td>\n<td width=\"253\">Fiesta de la Liberaci\u00f3n<\/td>\n<\/tr>\n<tr>\n<td width=\"196\">Viernes 1 de mayo<\/td>\n<td width=\"144\"><\/td>\n<td width=\"253\">D\u00eda del Trabajo<\/td>\n<\/tr>\n<tr>\n<td width=\"196\">Martes 2 de junio<\/td>\n<td width=\"144\"><\/td>\n<td width=\"253\">D\u00eda de la Rep\u00fablica<\/td>\n<\/tr>\n<tr>\n<td width=\"196\">S\u00e1bado 15 de agosto<\/td>\n<td width=\"144\"><\/td>\n<td width=\"253\">Ferragosto<\/td>\n<\/tr>\n<tr>\n<td width=\"196\">Martes 15 de septiembre<\/td>\n<td width=\"144\"><\/td>\n<td width=\"253\">Fiesta Nacional de Costa Rica<\/td>\n<\/tr>\n<tr>\n<td width=\"196\">Martes 1 de diciembre<\/td>\n<td width=\"144\"><\/td>\n<td width=\"253\">Abolici\u00f3n del ej\u00e9rcito<\/td>\n<\/tr>\n<tr>\n<td width=\"196\">Viernes 25 de diciembre<\/td>\n<td width=\"144\"><\/td>\n<td width=\"253\">Navidad<\/td>\n<\/tr>\n<tr>\n<td width=\"196\">26 de diciembre<\/td>\n<td width=\"144\"><\/td>\n<td width=\"253\">San Esteban<\/td>\n<\/tr>\n<\/tbody>\n<\/table>\n<p>&nbsp;<\/p>\n<p><strong>En estos d\u00edas las oficinas de la Embajada est\u00e1n cerradas al p\u00fablico.<\/strong><\/p>\n<p>&nbsp;<\/p>\n<p>&nbsp;<\/p>\n","protected":false},"excerpt":{"rendered":"Los d\u00edas festivos que se observar\u00e1n en esta Embajada para 2026 son los siguientes: &nbsp; Jueves 1 de enero A\u00f1o Nuevo Viernes 3 de abril Viernes Santo Lunes 6 de abril Lunes de Pascua S\u00e1bado 25 de abril Fiesta de la Liberaci\u00f3n Viernes 1 de mayo D\u00eda del Trabajo Martes 2 de junio D\u00eda de [&hellip;]","protected":false},"author":5,"featured_media":0,"parent":152,"menu_order":0,"comment_status":"closed","ping_status":"closed","template":"","meta":{"footnotes":""},"class_list":["post-339","page","type-page","status-publish","hentry"],"_links":{"self":[{"href":"https:\/\/ambsanjose.esteri.it\/es\/wp-json\/wp\/v2\/pages\/339","targetHints":{"allow":["GET"]}}],"collection":[{"href":"https:\/\/ambsanjose.esteri.it\/es\/wp-json\/wp\/v2\/pages"}],"about":[{"href":"https:\/\/ambsanjose.esteri.it\/es\/wp-json\/wp\/v2\/types\/page"}],"author":[{"embeddable":true,"href":"https:\/\/ambsanjose.esteri.it\/es\/wp-json\/wp\/v2\/users\/5"}],"replies":[{"embeddable":true,"href":"https:\/\/ambsanjose.esteri.it\/es\/wp-json\/wp\/v2\/comments?post=339"}],"version-history":[{"count":6,"href":"https:\/\/ambsanjose.esteri.it\/es\/wp-json\/wp\/v2\/pages\/339\/revisions"}],"predecessor-version":[{"id":11824,"href":"https:\/\/ambsanjose.esteri.it\/es\/wp-json\/wp\/v2\/pages\/339\/revisions\/11824"}],"up":[{"embeddable":true,"href":"https:\/\/ambsanjose.esteri.it\/es\/wp-json\/wp\/v2\/pages\/152"}],"wp:attachment":[{"href":"https:\/\/ambsanjose.esteri.it\/es\/wp-json\/wp\/v2\/media?parent=339"}],"curies":[{"name":"wp","href":"https:\/\/api.w.org\/{rel}","templated":true}]}}