{"id":3750,"date":"2023-11-01T11:59:05","date_gmt":"2023-11-01T17:59:05","guid":{"rendered":"https:\/\/ambsanjose.esteri.it\/?page_id=3750"},"modified":"2024-02-29T11:52:15","modified_gmt":"2024-02-29T17:52:15","slug":"promocion-de-la-lengua-italiana-en-el-mundo","status":"publish","type":"page","link":"https:\/\/ambsanjose.esteri.it\/es\/italia-e-costa-rica\/diplomazia-culturale\/lingua-e-cultura-italiana\/promocion-de-la-lengua-italiana-en-el-mundo\/","title":{"rendered":"Promoci\u00f3n de la lengua italiana en el mundo"},"content":{"rendered":"<p>En el marco de la <strong>promoci\u00f3n de la lengua italiana<\/strong> en el mundo, el Gobierno italiano otorga subsidios a:<\/p>\n<p>\u2022 organizaciones y asociaciones para cursos de formaci\u00f3n y actualizaci\u00f3n para profesores de idioma italiano de escuelas locales, favoreciendo as\u00ed el intercambio entre los distintos componentes del sistema educativo italiano en el mundo;<br \/>\n\u2022 universidades costarricenses, para la formaci\u00f3n y actualizaci\u00f3n de profesores universitarios de lengua italiana;<br \/>\n\u2022 escuelas costarricenses, para el mantenimiento y la creaci\u00f3n de c\u00e1tedras de italiano y para quienes asistan con \u00e9xito a cursos de lengua italiana;<br \/>\n\u2022 universidades costarricenses, para la promoci\u00f3n en el extranjero de la lengua y la cultura italiana.<\/p>\n<p>Para informaciones y solicitudes, contactar la Embajada de Italia.<\/p>\n","protected":false},"excerpt":{"rendered":"En el marco de la promoci\u00f3n de la lengua italiana en el mundo, el Gobierno italiano otorga subsidios a: \u2022 organizaciones y asociaciones para cursos de formaci\u00f3n y actualizaci\u00f3n para profesores de idioma italiano de escuelas locales, favoreciendo as\u00ed el intercambio entre los distintos componentes del sistema educativo italiano en el mundo; \u2022 universidades costarricenses, [&hellip;]","protected":false},"author":5,"featured_media":0,"parent":162,"menu_order":0,"comment_status":"closed","ping_status":"closed","template":"","meta":{"footnotes":""},"class_list":["post-3750","page","type-page","status-publish","hentry"],"_links":{"self":[{"href":"https:\/\/ambsanjose.esteri.it\/es\/wp-json\/wp\/v2\/pages\/3750","targetHints":{"allow":["GET"]}}],"collection":[{"href":"https:\/\/ambsanjose.esteri.it\/es\/wp-json\/wp\/v2\/pages"}],"about":[{"href":"https:\/\/ambsanjose.esteri.it\/es\/wp-json\/wp\/v2\/types\/page"}],"author":[{"embeddable":true,"href":"https:\/\/ambsanjose.esteri.it\/es\/wp-json\/wp\/v2\/users\/5"}],"replies":[{"embeddable":true,"href":"https:\/\/ambsanjose.esteri.it\/es\/wp-json\/wp\/v2\/comments?post=3750"}],"version-history":[{"count":4,"href":"https:\/\/ambsanjose.esteri.it\/es\/wp-json\/wp\/v2\/pages\/3750\/revisions"}],"predecessor-version":[{"id":3759,"href":"https:\/\/ambsanjose.esteri.it\/es\/wp-json\/wp\/v2\/pages\/3750\/revisions\/3759"}],"up":[{"embeddable":true,"href":"https:\/\/ambsanjose.esteri.it\/es\/wp-json\/wp\/v2\/pages\/162"}],"wp:attachment":[{"href":"https:\/\/ambsanjose.esteri.it\/es\/wp-json\/wp\/v2\/media?parent=3750"}],"curies":[{"name":"wp","href":"https:\/\/api.w.org\/{rel}","templated":true}]}}