{"id":3804,"date":"2024-03-01T11:40:01","date_gmt":"2024-03-01T17:40:01","guid":{"rendered":"https:\/\/ambsanjose.esteri.it\/?page_id=3804"},"modified":"2024-03-14T08:58:29","modified_gmt":"2024-03-14T14:58:29","slug":"oportunidades-de-inversion","status":"publish","type":"page","link":"https:\/\/ambsanjose.esteri.it\/es\/italia-e-costa-rica\/diplomazia-economica\/fare-affari-in-italia\/oportunidades-de-inversion\/","title":{"rendered":"Oportunidades de inversi\u00f3n"},"content":{"rendered":"<p><a href=\"http:\/\/www.invitalia.it\/\"><strong>Invitalia<\/strong><\/a>, la Agencia Nacional para la Atracci\u00f3n de Inversiones y el Desarrollo Empresarial, act\u00faa en nombre del Gobierno para aumentar la competitividad del Pa\u00eds, especialmente en el sur de Italia, y apoyar sectores estrat\u00e9gicos para el desarrollo.<\/p>\n<p>Sus principales objetivos son:<\/p>\n<ul>\n<li>Favorecer la atracci\u00f3n de inversiones extranjeras<\/li>\n<li>Apoyar la innovaci\u00f3n y el crecimiento del sistema productivo<\/li>\n<li>Valorizar el potencial de los territorios.<\/li>\n<\/ul>\n<p>Tambi\u00e9n sugerimos consultar:<\/p>\n<ul>\n<li><a href=\"https:\/\/ambsanjose.esteri.it\/wp-content\/uploads\/2024\/01\/Italian-Main-Industrial-Sectors.pdf\"><strong>Excellence &#8211; Italian Main Industrial Sectors<\/strong><\/a>: una publicaci\u00f3n para potenciar las primac\u00edas y excelencias del &#8216;Made in Italy&#8217; en el extranjero.<\/li>\n<li>Las gu\u00edas <a href=\"http:\/\/investinitaly.com\/pdf\/en\/news\/doing_business_in_italy.pdf\"><strong>Doing Business in Italy<\/strong><\/a> y <a href=\"http:\/\/investinitaly.com\/pdf\/en\/news\/why_invest_in_italy.pdf\"><strong>Why Invest in Italy<\/strong><\/a> editadas por el Ministerio de Desarrollo Econ\u00f3mico.<\/li>\n<\/ul>\n<p><a href=\"https:\/\/ambsanjose.esteri.it\/wp-content\/uploads\/2024\/01\/Italy-land-of-opportunities.pdf\"><img loading=\"lazy\" decoding=\"async\" class=\"alignleft size-medium wp-image-3256 img-fluid\" src=\"https:\/\/ambsanjose.esteri.it\/wp-content\/uploads\/2024\/01\/Italy-land-of-opportunities-211x300.jpg\" alt=\"\" width=\"211\" height=\"300\" srcset=\"https:\/\/ambsanjose.esteri.it\/wp-content\/uploads\/2024\/01\/Italy-land-of-opportunities-211x300.jpg 211w, https:\/\/ambsanjose.esteri.it\/wp-content\/uploads\/2024\/01\/Italy-land-of-opportunities.jpg 456w\" sizes=\"auto, (max-width: 211px) 100vw, 211px\" \/><\/a><\/p>\n","protected":false},"excerpt":{"rendered":"Invitalia, la Agencia Nacional para la Atracci\u00f3n de Inversiones y el Desarrollo Empresarial, act\u00faa en nombre del Gobierno para aumentar la competitividad del Pa\u00eds, especialmente en el sur de Italia, y apoyar sectores estrat\u00e9gicos para el desarrollo. Sus principales objetivos son: Favorecer la atracci\u00f3n de inversiones extranjeras Apoyar la innovaci\u00f3n y el crecimiento del sistema [&hellip;]","protected":false},"author":5,"featured_media":0,"parent":159,"menu_order":1,"comment_status":"closed","ping_status":"closed","template":"","meta":{"footnotes":""},"class_list":["post-3804","page","type-page","status-publish","hentry"],"_links":{"self":[{"href":"https:\/\/ambsanjose.esteri.it\/es\/wp-json\/wp\/v2\/pages\/3804","targetHints":{"allow":["GET"]}}],"collection":[{"href":"https:\/\/ambsanjose.esteri.it\/es\/wp-json\/wp\/v2\/pages"}],"about":[{"href":"https:\/\/ambsanjose.esteri.it\/es\/wp-json\/wp\/v2\/types\/page"}],"author":[{"embeddable":true,"href":"https:\/\/ambsanjose.esteri.it\/es\/wp-json\/wp\/v2\/users\/5"}],"replies":[{"embeddable":true,"href":"https:\/\/ambsanjose.esteri.it\/es\/wp-json\/wp\/v2\/comments?post=3804"}],"version-history":[{"count":1,"href":"https:\/\/ambsanjose.esteri.it\/es\/wp-json\/wp\/v2\/pages\/3804\/revisions"}],"predecessor-version":[{"id":3807,"href":"https:\/\/ambsanjose.esteri.it\/es\/wp-json\/wp\/v2\/pages\/3804\/revisions\/3807"}],"up":[{"embeddable":true,"href":"https:\/\/ambsanjose.esteri.it\/es\/wp-json\/wp\/v2\/pages\/159"}],"wp:attachment":[{"href":"https:\/\/ambsanjose.esteri.it\/es\/wp-json\/wp\/v2\/media?parent=3804"}],"curies":[{"name":"wp","href":"https:\/\/api.w.org\/{rel}","templated":true}]}}